{"id":56171,"date":"2021-02-21T17:59:45","date_gmt":"2021-02-21T17:59:45","guid":{"rendered":"https:\/\/www.autonvaraosahaku.fi\/?product=vegaz-os-422-takaaanenvaimennin"},"modified":"2021-02-21T17:59:48","modified_gmt":"2021-02-21T17:59:48","slug":"vegaz-os-422-takaaanenvaimennin","status":"publish","type":"product","link":"https:\/\/www.autonvaraosahaku.fi\/?product=vegaz-os-422-takaaanenvaimennin","title":{"rendered":"VEGAZ OS-422 Taka\u00e4\u00e4nenvaimennin"},"content":{"rendered":"<p>Pituus (mm): 1000; Paino [kg]: 7,9; K\u00e4sittely: puristettu; Asennuspuoli: Takana; Valmistusvuoteen: 08\/2000; OPEL: ASTRA G Caravan F35_,ASTRA F CLASSIC Caravan,ASTRA G Kasten F70; VAUXHALL: ASTRA Mk IV G Sedan,ASTRAVAN Mk IV G,ASTRA Mk IV G Estate; 5852051, 5852052, 5852053, 5852054, 5852096, 5852099, 5852103, 5852106, 5854555, 13182718, 13190140, 24422991, 24422994, 24423003, 24423011, 9128076, 9128077, 9128078, 9128079; Takavaimennin,Takap\u00f6ntt\u00f6,Taka\u00e4\u00e4nenvaimentaja<\/p>\n","protected":false},"excerpt":{"rendered":"<p>VEGAZ Taka\u00e4\u00e4nenvaimennin OS-422 Takavaimennin,Takap\u00f6ntt\u00f6 OPEL,VAUXHALL,ASTRA G Caravan F35_,ASTRA F CLASSIC Caravan,ASTRA G Kasten F70<\/p>\n","protected":false},"featured_media":0,"template":"","meta":{"site-sidebar-layout":"default","site-content-layout":"default","ast-global-header-display":"","ast-main-header-display":"","ast-hfb-above-header-display":"","ast-hfb-below-header-display":"","ast-hfb-mobile-header-display":"","site-post-title":"","ast-breadcrumbs-content":"","ast-featured-img":"","footer-sml-layout":"","theme-transparent-header-meta":"","adv-header-id-meta":"","stick-header-meta":"","header-above-stick-meta":"","header-main-stick-meta":"","header-below-stick-meta":""},"pwb-brand":[306],"product_cat":[90],"product_tag":[],"class_list":{"0":"post-56171","1":"product","2":"type-product","3":"status-publish","5":"pwb-brand-vegaz","6":"product_cat-takaaanenvaimennin","7":"desktop-align-left","8":"tablet-align-left","9":"mobile-align-left","11":"first","12":"instock","13":"product-type-external"},"brands":[{"id":306,"name":"VEGAZ","slug":"vegaz"}],"_links":{"self":[{"href":"https:\/\/www.autonvaraosahaku.fi\/index.php?rest_route=\/wp\/v2\/product\/56171","targetHints":{"allow":["GET"]}}],"collection":[{"href":"https:\/\/www.autonvaraosahaku.fi\/index.php?rest_route=\/wp\/v2\/product"}],"about":[{"href":"https:\/\/www.autonvaraosahaku.fi\/index.php?rest_route=\/wp\/v2\/types\/product"}],"wp:attachment":[{"href":"https:\/\/www.autonvaraosahaku.fi\/index.php?rest_route=%2Fwp%2Fv2%2Fmedia&parent=56171"}],"wp:term":[{"taxonomy":"pwb-brand","embeddable":true,"href":"https:\/\/www.autonvaraosahaku.fi\/index.php?rest_route=%2Fwp%2Fv2%2Fpwb-brand&post=56171"},{"taxonomy":"product_cat","embeddable":true,"href":"https:\/\/www.autonvaraosahaku.fi\/index.php?rest_route=%2Fwp%2Fv2%2Fproduct_cat&post=56171"},{"taxonomy":"product_tag","embeddable":true,"href":"https:\/\/www.autonvaraosahaku.fi\/index.php?rest_route=%2Fwp%2Fv2%2Fproduct_tag&post=56171"}],"curies":[{"name":"wp","href":"https:\/\/api.w.org\/{rel}","templated":true}]}}