{"id":56173,"date":"2021-02-21T17:59:45","date_gmt":"2021-02-21T17:59:45","guid":{"rendered":"https:\/\/www.autonvaraosahaku.fi\/?product=ernst-499866-pakoputken-asennussarja"},"modified":"2021-02-21T17:59:48","modified_gmt":"2021-02-21T17:59:48","slug":"ernst-499866-pakoputken-asennussarja","status":"publish","type":"product","link":"https:\/\/www.autonvaraosahaku.fi\/?product=ernst-499866-pakoputken-asennussarja","title":{"rendered":"ERNST 499866 Pakoputken asennussarja"},"content":{"rendered":"<p>L\u00e4pimitta [mm]: 50,0; Putkiliitokset: U-kiristin; Kierremitta: M10; Putki-\u00d8 (mm): 45,0; Pakoputkisto: f\u00fcr Endschalld\u00e4mpfer; MERCEDES-BENZ: S-CLASS W126; OPEL: CORSA D,CORSA C F08, F68,ZAFIRA B A05,CORSA B 73_, 78_, 79_,VECTRA B 36_,ASTRA F CC 53_, 54_, 58_, 59_,VECTRA B Caravan 31_,ASTRA F Caravan 51_, 52_,VECTRA B CC 38_,VECTRA A 86_, 87_,ASTRA F Cabriolet 53_B,ASTRA F 56_, 57_,TIGRA 95_,VECTRA A CC 88_, 89_,COMBO 71_,KADETT E Caravan 35_, 36_, 45_, 46_; TOYOTA: YARIS SCP1_, NLP1_, NCP1_; FORD: PUMA EC_,ESCORT VII GAL, AAL, ABL,ESCORT VII Kombi GAL, ANL,ESCORT VII Cabriolet ALL,ESCORT VI Cabriolet ALL,ESCORT VI GAL,FIESTA Kasten J5_, J3_,ESCORT VII Stufenheck GAL, AFL,ESCORT VI Stufenheck GAL,ESCORT V Kombi GAL, AVL,ORION III GAL; RENAULT: LAGUNA II Grandtour KG0\/1_,LAGUNA II BG0\/1_; FIAT: DOBLO Cargo 223,DOBLO 119; PEUGEOT: 205 II 20A\/C,205 I Cabriolet 741B, 20D; 18219898773, 18219898778, 7903083240, 1096823, 1478314, 5019365, 5021222, 6151622, 0004920440, 1608279, 5856948, 856294, 171323; Putkenliitin, Pakoputkisto<\/p>\n","protected":false},"excerpt":{"rendered":"<p>ERNST Pakoputken Kiristin 499866 Putkenliitin, Pakoputkisto MERCEDES-BENZ,OPEL,TOYOTA,S-CLASS W126,CORSA D,CORSA C F08, F68,ZAFIRA B A05<\/p>\n","protected":false},"featured_media":0,"template":"","meta":{"site-sidebar-layout":"default","site-content-layout":"default","ast-global-header-display":"","ast-main-header-display":"","ast-hfb-above-header-display":"","ast-hfb-below-header-display":"","ast-hfb-mobile-header-display":"","site-post-title":"","ast-breadcrumbs-content":"","ast-featured-img":"","footer-sml-layout":"","theme-transparent-header-meta":"","adv-header-id-meta":"","stick-header-meta":"","header-above-stick-meta":"","header-main-stick-meta":"","header-below-stick-meta":""},"pwb-brand":[63],"product_cat":[101],"product_tag":[],"class_list":{"0":"post-56173","1":"product","2":"type-product","3":"status-publish","5":"pwb-brand-ernst","6":"product_cat-pakoputken-asennussarja","7":"desktop-align-left","8":"tablet-align-left","9":"mobile-align-left","11":"first","12":"instock","13":"product-type-external"},"brands":[{"id":63,"name":"ERNST","slug":"ernst"}],"_links":{"self":[{"href":"https:\/\/www.autonvaraosahaku.fi\/index.php?rest_route=\/wp\/v2\/product\/56173","targetHints":{"allow":["GET"]}}],"collection":[{"href":"https:\/\/www.autonvaraosahaku.fi\/index.php?rest_route=\/wp\/v2\/product"}],"about":[{"href":"https:\/\/www.autonvaraosahaku.fi\/index.php?rest_route=\/wp\/v2\/types\/product"}],"wp:attachment":[{"href":"https:\/\/www.autonvaraosahaku.fi\/index.php?rest_route=%2Fwp%2Fv2%2Fmedia&parent=56173"}],"wp:term":[{"taxonomy":"pwb-brand","embeddable":true,"href":"https:\/\/www.autonvaraosahaku.fi\/index.php?rest_route=%2Fwp%2Fv2%2Fpwb-brand&post=56173"},{"taxonomy":"product_cat","embeddable":true,"href":"https:\/\/www.autonvaraosahaku.fi\/index.php?rest_route=%2Fwp%2Fv2%2Fproduct_cat&post=56173"},{"taxonomy":"product_tag","embeddable":true,"href":"https:\/\/www.autonvaraosahaku.fi\/index.php?rest_route=%2Fwp%2Fv2%2Fproduct_tag&post=56173"}],"curies":[{"name":"wp","href":"https:\/\/api.w.org\/{rel}","templated":true}]}}