{"id":56174,"date":"2021-02-21T17:59:45","date_gmt":"2021-02-21T17:59:45","guid":{"rendered":"https:\/\/www.autonvaraosahaku.fi\/?product=ernst-460088-pakoputken-jousto"},"modified":"2021-02-21T17:59:48","modified_gmt":"2021-02-21T17:59:48","slug":"ernst-460088-pakoputken-jousto","status":"publish","type":"product","link":"https:\/\/www.autonvaraosahaku.fi\/?product=ernst-460088-pakoputken-jousto","title":{"rendered":"ERNST 460088 Pakoputken jousto"},"content":{"rendered":"<p>Putki-\u00d8 (mm): 50,0; Lis\u00e4tarvike\/lis\u00e4tieto: Putken muhvilla; Sis\u00e4l\u00e4pimitta [mm]: 50; Ulkol\u00e4pimitta [mm]: 80; Pituus (mm): 100; Kokonaispituus (mm): 220; Materiaali: Ruostumaton ter\u00e4s; Erittely: Interlock; tuotenumerolle: 756 15 0; VW: PASSAT Variant 3B6,GOLF III 1H1,GOLF IV Variant 1J5,POLO 6N1,PASSAT Variant 3B5,PASSAT Variant 3A5, 35I,PASSAT 3B2,GOLF I Cabriolet 155,GOLF III Cabriolet 1E7,PASSAT 3B3,GOLF Mk III Cabriolet 1E7,GOLF III Variant 1H5,POLO 86C, 80,PASSAT 3A2, 35I,CADDY II Kasten 9K9A,POLO Variant 6KV5,POLO CLASSIC 6KV2,VENTO 1H2,CADDY II Kombi 9K9B,CADDY II Pick-up 9U7; AUDI: A6 Avant 4F5, C6,A4 8D2, B5,A4 Avant 8ED, B7,A4 Avant 8E5, B6,A6 Avant 4B5, C5,A4 Avant 8D5, B5,A4 8E2, B6,A6 4F2, C6,A6 4B2, C5,A4 Cabriolet 8H7, B6, 8HE, B7,A4 8EC, B7; BMW: 3 Compact E36,3 E36,3 Cabriolet E36,3 Touring E36; OPEL: VECTRA C,OMEGA B Caravan 21_, 22_, 23_,OMEGA B 25_, 26_, 27_,VECTRA C GTS; RENAULT: SC\u00c9NIC II JM0\/1_,LAGUNA II Grandtour KG0\/1_,MEGANE II Kombi KM0\/1_,MEGANE II Coup\u00e9-Cabriolet EM0\/1_,MEGANE Scenic JA0\/1_,LAGUNA II BG0\/1_,MEGANE II BM0\/1_, CM0\/1_,MEGANE I BA0\/1_,MEGANE I Grandtour KA0\/1_,MEGANE I Cabriolet EA0\/1_,LAGUNA I B56_, 556_,LAGUNA I Grandtour K56_,MEGANE II Stufenheck LM0\/1_,MEGANE I Classic LA0\/1_,MEGANE I Coach DA0\/1_; SKODA: SUPERB 3U4,FELICIA I Fun 797; PEUGEOT: 406 Break 8E\/F,406 Coupe 8C,406 8B; SEAT: IBIZA II 6K1,CORDOBA 6K1, 6K2,CORDOBA Vario 6K1,TOLEDO I 1L; TOYOTA: COROLLA Verso ZDE12_, CDE12_; SAAB: 9-3 YS3D,9-3 Cabriolet YS3D,900 II Cabriolet,900 II,900 II Coupe; Joustoputki,Joustava Liitosputki,Joustoputki, Pakoputkisto<\/p>\n","protected":false},"excerpt":{"rendered":"<p>ERNST Pakoputken Jousto 460088 Joustoputki,Joustava Liitosputki VW,AUDI,BMW,PASSAT Variant 3B6,GOLF III 1H1,GOLF IV Variant 1J5,POLO 6N1<\/p>\n","protected":false},"featured_media":0,"template":"","meta":{"site-sidebar-layout":"default","site-content-layout":"default","ast-global-header-display":"","ast-main-header-display":"","ast-hfb-above-header-display":"","ast-hfb-below-header-display":"","ast-hfb-mobile-header-display":"","site-post-title":"","ast-breadcrumbs-content":"","ast-featured-img":"","footer-sml-layout":"","theme-transparent-header-meta":"","adv-header-id-meta":"","stick-header-meta":"","header-above-stick-meta":"","header-main-stick-meta":"","header-below-stick-meta":""},"pwb-brand":[63],"product_cat":[17],"product_tag":[],"class_list":{"0":"post-56174","1":"product","2":"type-product","3":"status-publish","5":"pwb-brand-ernst","6":"product_cat-pakoputken-jousto","7":"desktop-align-left","8":"tablet-align-left","9":"mobile-align-left","11":"first","12":"instock","13":"product-type-external"},"brands":[{"id":63,"name":"ERNST","slug":"ernst"}],"_links":{"self":[{"href":"https:\/\/www.autonvaraosahaku.fi\/index.php?rest_route=\/wp\/v2\/product\/56174","targetHints":{"allow":["GET"]}}],"collection":[{"href":"https:\/\/www.autonvaraosahaku.fi\/index.php?rest_route=\/wp\/v2\/product"}],"about":[{"href":"https:\/\/www.autonvaraosahaku.fi\/index.php?rest_route=\/wp\/v2\/types\/product"}],"wp:attachment":[{"href":"https:\/\/www.autonvaraosahaku.fi\/index.php?rest_route=%2Fwp%2Fv2%2Fmedia&parent=56174"}],"wp:term":[{"taxonomy":"pwb-brand","embeddable":true,"href":"https:\/\/www.autonvaraosahaku.fi\/index.php?rest_route=%2Fwp%2Fv2%2Fpwb-brand&post=56174"},{"taxonomy":"product_cat","embeddable":true,"href":"https:\/\/www.autonvaraosahaku.fi\/index.php?rest_route=%2Fwp%2Fv2%2Fproduct_cat&post=56174"},{"taxonomy":"product_tag","embeddable":true,"href":"https:\/\/www.autonvaraosahaku.fi\/index.php?rest_route=%2Fwp%2Fv2%2Fproduct_tag&post=56174"}],"curies":[{"name":"wp","href":"https:\/\/api.w.org\/{rel}","templated":true}]}}