{"id":56203,"date":"2021-02-21T17:59:57","date_gmt":"2021-02-21T17:59:57","guid":{"rendered":"https:\/\/www.autonvaraosahaku.fi\/?product=van-wezel-4917512-etusaleikko"},"modified":"2021-02-21T17:59:58","modified_gmt":"2021-02-21T17:59:58","slug":"van-wezel-4917512-etusaleikko","status":"publish","type":"product","link":"https:\/\/www.autonvaraosahaku.fi\/?product=van-wezel-4917512-etusaleikko","title":{"rendered":"VAN WEZEL 4917512 Etus\u00e4leikk\u00f6"},"content":{"rendered":"<p>Laatu: Equipart Certified; Asennuspuoli: Eteen, oikea; parilliset tuotenumerot: 4917511; SEAT: IBIZA IV 6L1,CORDOBA 6L2; 6L085367601C, 6L08536769B9; Etumaski,J\u00e4\u00e4hdyttimen S\u00e4leikk\u00f6<\/p>\n","protected":false},"excerpt":{"rendered":"<p>VAN WEZEL Etus\u00e4leikk\u00f6 ** Equipart ** 4917512 Etumaski,J\u00e4\u00e4hdyttimen S\u00e4leikk\u00f6 SEAT,IBIZA IV 6L1,CORDOBA 6L2<\/p>\n","protected":false},"featured_media":0,"template":"","meta":{"site-sidebar-layout":"default","site-content-layout":"default","ast-global-header-display":"","ast-main-header-display":"","ast-hfb-above-header-display":"","ast-hfb-below-header-display":"","ast-hfb-mobile-header-display":"","site-post-title":"","ast-breadcrumbs-content":"","ast-featured-img":"","footer-sml-layout":"","theme-transparent-header-meta":"","adv-header-id-meta":"","stick-header-meta":"","header-above-stick-meta":"","header-main-stick-meta":"","header-below-stick-meta":""},"pwb-brand":[54],"product_cat":[302],"product_tag":[],"class_list":{"0":"post-56203","1":"product","2":"type-product","3":"status-publish","5":"pwb-brand-van-wezel","6":"product_cat-etusaleikko","7":"desktop-align-left","8":"tablet-align-left","9":"mobile-align-left","11":"first","12":"instock","13":"product-type-external"},"brands":[{"id":54,"name":"VAN WEZEL","slug":"van-wezel"}],"_links":{"self":[{"href":"https:\/\/www.autonvaraosahaku.fi\/index.php?rest_route=\/wp\/v2\/product\/56203","targetHints":{"allow":["GET"]}}],"collection":[{"href":"https:\/\/www.autonvaraosahaku.fi\/index.php?rest_route=\/wp\/v2\/product"}],"about":[{"href":"https:\/\/www.autonvaraosahaku.fi\/index.php?rest_route=\/wp\/v2\/types\/product"}],"wp:attachment":[{"href":"https:\/\/www.autonvaraosahaku.fi\/index.php?rest_route=%2Fwp%2Fv2%2Fmedia&parent=56203"}],"wp:term":[{"taxonomy":"pwb-brand","embeddable":true,"href":"https:\/\/www.autonvaraosahaku.fi\/index.php?rest_route=%2Fwp%2Fv2%2Fpwb-brand&post=56203"},{"taxonomy":"product_cat","embeddable":true,"href":"https:\/\/www.autonvaraosahaku.fi\/index.php?rest_route=%2Fwp%2Fv2%2Fproduct_cat&post=56203"},{"taxonomy":"product_tag","embeddable":true,"href":"https:\/\/www.autonvaraosahaku.fi\/index.php?rest_route=%2Fwp%2Fv2%2Fproduct_tag&post=56203"}],"curies":[{"name":"wp","href":"https:\/\/api.w.org\/{rel}","templated":true}]}}