{"id":56223,"date":"2021-02-21T18:00:03","date_gmt":"2021-02-21T18:00:03","guid":{"rendered":"https:\/\/www.autonvaraosahaku.fi\/?product=gates-3280-jaahdyttimen-letku"},"modified":"2021-02-21T18:00:04","modified_gmt":"2021-02-21T18:00:04","slug":"gates-3280-jaahdyttimen-letku","status":"publish","type":"product","link":"https:\/\/www.autonvaraosahaku.fi\/?product=gates-3280-jaahdyttimen-letku","title":{"rendered":"GATES 3280 J\u00e4\u00e4hdyttimen letku"},"content":{"rendered":"<p>Materiaali: EPDM (eteenipropeeni-dieeni-kumi); V\u00e4ri: Musta; Letkupituus [mm]: 385; Sis\u00e4l\u00e4pimitta 1 [mm]: 30,5; Sis\u00e4l\u00e4pimitta 2 [mm]: 30,5; Valmistusvuosi alkaen: 01\/1977; VW: GOLF II 19E, 1G1,GOLF I Cabriolet 155,SCIROCCO 53B,GOLF I 17,JETTA II 19E, 1G2, 165,SCIROCCO 53,JETTA I 16,GOLF II Van 19E, 1G1; SEAT: TOLEDO I 1L; VOLVO: 340-360 343, 345,340-360 Stufenheck 344; TOYOTA: LAND CRUISER 90 _J9_,HILUX VI Pick-up _N1_,4 RUNNER KZN18_, VZN18_, RZN18_; 191121101S, 1657107030, 1657162070, 3293561, 171121051E, 171121051J, 171121051L, 171121101AE, 171121101F, 171121101M, 171121101N, 191121051, 191121101D, 191121101F, 191121101S<\/p>\n","protected":false},"excerpt":{"rendered":"<p>GATES J\u00e4\u00e4hdyttimen Letku 3280  VW,SEAT,VOLVO,GOLF II 19E, 1G1,GOLF I Cabriolet 155,SCIROCCO 53B,GOLF I 17,JETTA II 19E, 1G2, 165,SCIROCCO 53<\/p>\n","protected":false},"featured_media":0,"template":"","meta":{"site-sidebar-layout":"default","site-content-layout":"default","ast-global-header-display":"","ast-main-header-display":"","ast-hfb-above-header-display":"","ast-hfb-below-header-display":"","ast-hfb-mobile-header-display":"","site-post-title":"","ast-breadcrumbs-content":"","ast-featured-img":"","footer-sml-layout":"","theme-transparent-header-meta":"","adv-header-id-meta":"","stick-header-meta":"","header-above-stick-meta":"","header-main-stick-meta":"","header-below-stick-meta":""},"pwb-brand":[22],"product_cat":[206],"product_tag":[],"class_list":{"0":"post-56223","1":"product","2":"type-product","3":"status-publish","5":"pwb-brand-gates","6":"product_cat-jaahdyttimen-letku","7":"desktop-align-left","8":"tablet-align-left","9":"mobile-align-left","11":"first","12":"instock","13":"product-type-external"},"brands":[{"id":22,"name":"GATES","slug":"gates"}],"_links":{"self":[{"href":"https:\/\/www.autonvaraosahaku.fi\/index.php?rest_route=\/wp\/v2\/product\/56223","targetHints":{"allow":["GET"]}}],"collection":[{"href":"https:\/\/www.autonvaraosahaku.fi\/index.php?rest_route=\/wp\/v2\/product"}],"about":[{"href":"https:\/\/www.autonvaraosahaku.fi\/index.php?rest_route=\/wp\/v2\/types\/product"}],"wp:attachment":[{"href":"https:\/\/www.autonvaraosahaku.fi\/index.php?rest_route=%2Fwp%2Fv2%2Fmedia&parent=56223"}],"wp:term":[{"taxonomy":"pwb-brand","embeddable":true,"href":"https:\/\/www.autonvaraosahaku.fi\/index.php?rest_route=%2Fwp%2Fv2%2Fpwb-brand&post=56223"},{"taxonomy":"product_cat","embeddable":true,"href":"https:\/\/www.autonvaraosahaku.fi\/index.php?rest_route=%2Fwp%2Fv2%2Fproduct_cat&post=56223"},{"taxonomy":"product_tag","embeddable":true,"href":"https:\/\/www.autonvaraosahaku.fi\/index.php?rest_route=%2Fwp%2Fv2%2Fproduct_tag&post=56223"}],"curies":[{"name":"wp","href":"https:\/\/api.w.org\/{rel}","templated":true}]}}