{"id":56263,"date":"2021-02-21T18:00:15","date_gmt":"2021-02-21T18:00:15","guid":{"rendered":"https:\/\/www.autonvaraosahaku.fi\/?product=sachs-801-042-iskunvaimentimen-tukilaakeri"},"modified":"2021-02-21T18:00:15","modified_gmt":"2021-02-21T18:00:15","slug":"sachs-801-042-iskunvaimentimen-tukilaakeri","status":"publish","type":"product","link":"https:\/\/www.autonvaraosahaku.fi\/?product=sachs-801-042-iskunvaimentimen-tukilaakeri","title":{"rendered":"SACHS 801 042 Iskunvaimentimen tukilaakeri"},"content":{"rendered":"<p>Asennuspuoli: Etuakseli, Molemminpuolin; Lukum\u00e4\u00e4r\u00e4 akselille: 2; ei maaversiolle: China; PEUGEOT: 107,108; TOYOTA: YARIS SCP9_, NSP9_, KSP9_, NCP9_, ZSP9_,AYGO WNB1_, KGB1_,YARIS NHP13_, NSP13_, NCP13_, KSP13_, NLP13_,VIOS\/YARIS Stufenheck ZSP9_, NCP9_,URBAN CRUISER NSP1_, NLP1_, ZSP1_, NCP11_,AYGO PAB4_, KGB4_; CITRO\u00cbN: C1 PM_, PN_,C1 II; HONDA: JAZZ II GD,CITY Stufenheck GD8\/GD9; SUZUKI: SWIFT III MZ, EZ; 503657, 486190D011, 51726SAA003, 51726SAA013, 503657, 486190D011, 4174158J00, 486190D010, 486190D011, 486190H010<\/p>\n","protected":false},"excerpt":{"rendered":"<p>SACHS Rullalaakeri, Jousijalkalaakeri 801 042  PEUGEOT,TOYOTA,CITRO\u00cbN,107,108,YARIS SCP9_, NSP9_, KSP9_, NCP9_, ZSP9_,AYGO WNB1_, KGB1_<\/p>\n","protected":false},"featured_media":0,"template":"","meta":{"site-sidebar-layout":"default","site-content-layout":"default","ast-global-header-display":"","ast-main-header-display":"","ast-hfb-above-header-display":"","ast-hfb-below-header-display":"","ast-hfb-mobile-header-display":"","site-post-title":"","ast-breadcrumbs-content":"","ast-featured-img":"","footer-sml-layout":"","theme-transparent-header-meta":"","adv-header-id-meta":"","stick-header-meta":"","header-above-stick-meta":"","header-main-stick-meta":"","header-below-stick-meta":""},"pwb-brand":[91],"product_cat":[106],"product_tag":[],"class_list":{"0":"post-56263","1":"product","2":"type-product","3":"status-publish","5":"pwb-brand-sachs","6":"product_cat-iskunvaimentimen-tukilaakeri","7":"desktop-align-left","8":"tablet-align-left","9":"mobile-align-left","11":"first","12":"instock","13":"product-type-external"},"brands":[{"id":91,"name":"SACHS","slug":"sachs"}],"_links":{"self":[{"href":"https:\/\/www.autonvaraosahaku.fi\/index.php?rest_route=\/wp\/v2\/product\/56263","targetHints":{"allow":["GET"]}}],"collection":[{"href":"https:\/\/www.autonvaraosahaku.fi\/index.php?rest_route=\/wp\/v2\/product"}],"about":[{"href":"https:\/\/www.autonvaraosahaku.fi\/index.php?rest_route=\/wp\/v2\/types\/product"}],"wp:attachment":[{"href":"https:\/\/www.autonvaraosahaku.fi\/index.php?rest_route=%2Fwp%2Fv2%2Fmedia&parent=56263"}],"wp:term":[{"taxonomy":"pwb-brand","embeddable":true,"href":"https:\/\/www.autonvaraosahaku.fi\/index.php?rest_route=%2Fwp%2Fv2%2Fpwb-brand&post=56263"},{"taxonomy":"product_cat","embeddable":true,"href":"https:\/\/www.autonvaraosahaku.fi\/index.php?rest_route=%2Fwp%2Fv2%2Fproduct_cat&post=56263"},{"taxonomy":"product_tag","embeddable":true,"href":"https:\/\/www.autonvaraosahaku.fi\/index.php?rest_route=%2Fwp%2Fv2%2Fproduct_tag&post=56263"}],"curies":[{"name":"wp","href":"https:\/\/api.w.org\/{rel}","templated":true}]}}