{"id":56280,"date":"2021-02-21T18:00:15","date_gmt":"2021-02-21T18:00:15","guid":{"rendered":"https:\/\/www.autonvaraosahaku.fi\/?product=bilstein-34-030172-iskunvaimennin"},"modified":"2021-02-21T18:00:20","modified_gmt":"2021-02-21T18:00:20","slug":"bilstein-34-030172-iskunvaimennin","status":"publish","type":"product","link":"https:\/\/www.autonvaraosahaku.fi\/?product=bilstein-34-030172-iskunvaimennin","title":{"rendered":"BILSTEIN 34-030172 Iskunvaimennin"},"content":{"rendered":"<p>Asennuspuoli: Taka-akseli; Iskunvaimennin tyyppi: Kaasupaine; Iskunvaimennin malli: Joustintukisarja; Iskunvaimennin asennustapa: Tappi ylh\u00e4\u00e4ll\u00e4; Jousijalan ulkohalkaisija [mm]: 55; Iskunvaimennusj\u00e4rjestelm\u00e4: Yksiputkinen s\u00e4ili\u00f6 yl\u00f6sp\u00e4in; Tuotelinja: &#8211; B6 Performance; Alustarakenne: f\u00fcr Fahrzeuge mit Standard Fahrwerk; AUDI: 80 89, 89Q, 8A, B3,COUPE 89, 8B,80 81, 85, B2,90 89, 89Q, 8A, B3,COUPE 81, 85,QUATTRO 85,90 81, 85, B2; 893513031AC, 893513031AJ, 893513031K, 893513031AC, 893513031AJ, 893513031K; Iskarit,Iskunvaimennin<\/p>\n","protected":false},"excerpt":{"rendered":"<p>BILSTEIN Iskunvaimentimet 34-030172 Iskarit,Iskunvaimennin AUDI,80 89, 89Q, 8A, B3,COUPE 89, 8B,80 81, 85, B2,90 89, 89Q, 8A, B3,COUPE 81, 85<\/p>\n","protected":false},"featured_media":0,"template":"","meta":{"site-sidebar-layout":"default","site-content-layout":"default","ast-global-header-display":"","ast-main-header-display":"","ast-hfb-above-header-display":"","ast-hfb-below-header-display":"","ast-hfb-mobile-header-display":"","site-post-title":"","ast-breadcrumbs-content":"","ast-featured-img":"","footer-sml-layout":"","theme-transparent-header-meta":"","adv-header-id-meta":"","stick-header-meta":"","header-above-stick-meta":"","header-main-stick-meta":"","header-below-stick-meta":""},"pwb-brand":[114],"product_cat":[80],"product_tag":[],"class_list":{"0":"post-56280","1":"product","2":"type-product","3":"status-publish","5":"pwb-brand-bilstein","6":"product_cat-iskunvaimennin","7":"desktop-align-left","8":"tablet-align-left","9":"mobile-align-left","11":"first","12":"instock","13":"product-type-external"},"brands":[{"id":114,"name":"BILSTEIN","slug":"bilstein"}],"_links":{"self":[{"href":"https:\/\/www.autonvaraosahaku.fi\/index.php?rest_route=\/wp\/v2\/product\/56280","targetHints":{"allow":["GET"]}}],"collection":[{"href":"https:\/\/www.autonvaraosahaku.fi\/index.php?rest_route=\/wp\/v2\/product"}],"about":[{"href":"https:\/\/www.autonvaraosahaku.fi\/index.php?rest_route=\/wp\/v2\/types\/product"}],"wp:attachment":[{"href":"https:\/\/www.autonvaraosahaku.fi\/index.php?rest_route=%2Fwp%2Fv2%2Fmedia&parent=56280"}],"wp:term":[{"taxonomy":"pwb-brand","embeddable":true,"href":"https:\/\/www.autonvaraosahaku.fi\/index.php?rest_route=%2Fwp%2Fv2%2Fpwb-brand&post=56280"},{"taxonomy":"product_cat","embeddable":true,"href":"https:\/\/www.autonvaraosahaku.fi\/index.php?rest_route=%2Fwp%2Fv2%2Fproduct_cat&post=56280"},{"taxonomy":"product_tag","embeddable":true,"href":"https:\/\/www.autonvaraosahaku.fi\/index.php?rest_route=%2Fwp%2Fv2%2Fproduct_tag&post=56280"}],"curies":[{"name":"wp","href":"https:\/\/api.w.org\/{rel}","templated":true}]}}