{"id":56357,"date":"2021-02-21T18:00:39","date_gmt":"2021-02-21T18:00:39","guid":{"rendered":"https:\/\/www.autonvaraosahaku.fi\/?product=valeo-819745-lampokytkin-jaahdyttimen-puhallin"},"modified":"2021-02-21T18:00:43","modified_gmt":"2021-02-21T18:00:43","slug":"valeo-819745-lampokytkin-jaahdyttimen-puhallin","status":"publish","type":"product","link":"https:\/\/www.autonvaraosahaku.fi\/?product=valeo-819745-lampokytkin-jaahdyttimen-puhallin","title":{"rendered":"VALEO 819745 L\u00e4mp\u00f6kytkin j\u00e4\u00e4hdyttimen puhallin"},"content":{"rendered":"<p>Sulkul\u00e4mp\u00f6tila [\u00b0C]: 82; Avausl\u00e4mp\u00f6tila [\u00b0C]: 92; Avainv\u00e4li: 29; Paino [kg]: 0,046; Valmistusvuoteen: 08\/1983; OPEL: ASTRA F CC 53_, 54_, 58_, 59_,MOVANO Kasten F9,ASTRA F 56_, 57_,ASCONA C 81_, 86_, 87_, 88_,MOVANO Combi J9,ASCONA C CC 84_, 89_,MOVANO Pritsche\/Fahrgestell U9, E9,MOVANO Kipper H9,ARENA Kasten TB, TF,ARENA Kasten; RENAULT: TWINGO I C06_,CLIO II BB0\/1\/2_, CB0\/1\/2_,ESPACE III JE0_,MEGANE Scenic JA0\/1_,MEGANE I BA0\/1_,MASTER II Kasten FD,MEGANE I Grandtour KA0\/1_,MEGANE I Cabriolet EA0\/1_,LAGUNA I B56_, 556_,CLIO I B\/C57_, 5\/357_,LAGUNA I Grandtour K56_,TWINGO I Kasten S06_,MEGANE I Classic LA0\/1_,MASTER II Pritsche\/Fahrgestell ED\/HD\/UD,MEGANE I Coach DA0\/1_,CLIO II Kasten SB0\/1\/2_,19 II B\/C53_,19 II Cabriolet D53_, 853_,SUPER 5 B\/C40_,RAPID Kasten F40_, G40_,19 I B\/C53_,SAFRANE II B54_,TRAFIC Kasten TXX,9 L42_,TRAFIC Bus TXW,SAFRANE I B54_,19 II Chamade L53_,ESPACE I J11_,11 B\/C37_,21 Stufenheck L48_,25 B29_,19 I Chamade L53_,TRAFIC Kasten T1, T3, T4,CLIO I Kasten S57_,19 I Cabriolet D53_,TRAFIC Bus T5, T6, T7,11 Kasten S37_,21 Kombi K48_,21 B48_,19 II Kasten S53_,TRAFIC Pritsche\/Fahrgestell P6,19 I Kasten S53_,TRAFIC Pritsche\/Fahrgestell PXX,21 Kasten S48_,EXPRESS Pick-up,SUPER 5 Kasten S40_; VAUXHALL: MOVANO Mk I A Van FD,MOVANO Mk I A Combi JD; 4402309, 4402309309, 7700782503, 9110309<\/p>\n","protected":false},"excerpt":{"rendered":"<p>VALEO L\u00e4mp\u00f6kytkin J\u00e4\u00e4hdyttimen Puhallin 819745  OPEL,RENAULT,VAUXHALL,ASTRA F CC 53_, 54_, 58_, 59_,MOVANO Kasten F9,ASTRA F 56_, 57_<\/p>\n","protected":false},"featured_media":0,"template":"","meta":{"site-sidebar-layout":"default","site-content-layout":"default","ast-global-header-display":"","ast-main-header-display":"","ast-hfb-above-header-display":"","ast-hfb-below-header-display":"","ast-hfb-mobile-header-display":"","site-post-title":"","ast-breadcrumbs-content":"","ast-featured-img":"","footer-sml-layout":"","theme-transparent-header-meta":"","adv-header-id-meta":"","stick-header-meta":"","header-above-stick-meta":"","header-main-stick-meta":"","header-below-stick-meta":""},"pwb-brand":[28],"product_cat":[290],"product_tag":[],"class_list":{"0":"post-56357","1":"product","2":"type-product","3":"status-publish","5":"pwb-brand-valeo","6":"product_cat-lampokytkin-jaahdyttimen-puhallin","7":"desktop-align-left","8":"tablet-align-left","9":"mobile-align-left","11":"first","12":"instock","13":"product-type-external"},"brands":[{"id":28,"name":"VALEO","slug":"valeo"}],"_links":{"self":[{"href":"https:\/\/www.autonvaraosahaku.fi\/index.php?rest_route=\/wp\/v2\/product\/56357","targetHints":{"allow":["GET"]}}],"collection":[{"href":"https:\/\/www.autonvaraosahaku.fi\/index.php?rest_route=\/wp\/v2\/product"}],"about":[{"href":"https:\/\/www.autonvaraosahaku.fi\/index.php?rest_route=\/wp\/v2\/types\/product"}],"wp:attachment":[{"href":"https:\/\/www.autonvaraosahaku.fi\/index.php?rest_route=%2Fwp%2Fv2%2Fmedia&parent=56357"}],"wp:term":[{"taxonomy":"pwb-brand","embeddable":true,"href":"https:\/\/www.autonvaraosahaku.fi\/index.php?rest_route=%2Fwp%2Fv2%2Fpwb-brand&post=56357"},{"taxonomy":"product_cat","embeddable":true,"href":"https:\/\/www.autonvaraosahaku.fi\/index.php?rest_route=%2Fwp%2Fv2%2Fproduct_cat&post=56357"},{"taxonomy":"product_tag","embeddable":true,"href":"https:\/\/www.autonvaraosahaku.fi\/index.php?rest_route=%2Fwp%2Fv2%2Fproduct_tag&post=56357"}],"curies":[{"name":"wp","href":"https:\/\/api.w.org\/{rel}","templated":true}]}}