{"id":56362,"date":"2021-02-21T18:00:45","date_gmt":"2021-02-21T18:00:45","guid":{"rendered":"https:\/\/www.autonvaraosahaku.fi\/?product=skf-vkm-12200-kiristysrulla"},"modified":"2021-02-21T18:00:45","modified_gmt":"2021-02-21T18:00:45","slug":"skf-vkm-12200-kiristysrulla","status":"publish","type":"product","link":"https:\/\/www.autonvaraosahaku.fi\/?product=skf-vkm-12200-kiristysrulla","title":{"rendered":"SKF VKM 12200 Kiristysrulla"},"content":{"rendered":"<p>L\u00e4pimitta [mm]: 57; Leveys (mm): 24; Kiristysrullan toiminta: K\u00e4sik\u00e4ytt\u00f6inen; Asennuspuoli: links unten; FIAT: PUNTO 188,PANDA 169,SEICENTO 187,DOBLO Cargo 223,PUNTO 176,DOBLO 119,PANDA Van 169,DUCATO Kasten 280,DUCATO Pritsche\/Fahrgestell 280,CINQUECENTO 170,PANDA 141A_,STRADA Pick-up 178E,PUNTO Van 188AX,DUCATO Panorama 280,PUNTO Cabriolet 176C,SCUDO Kasten 220L,UNO 146A\/E,SCUDO Combinato 220P,PALIO Weekend 178DX,FIORINO Kasten 146,SEICENTO Van 187,TIPO 160,PANDA Van 141_,TEMPRA 159,PUNTO Van 176L,TEMPRA S.W. 159,FIORINO Pick up 146,FIORINO 147,PALIO 178BX,SIENA 178_,FIORINO Pick up 147; PEUGEOT: J5 Pritsche\/Fahrgestell 280L,J5 Pritsche\/Fahrgestell 290L,J5 Kasten 280L,EXPERT Kasten 222,J5 Bus 290P,J5 Kasten 290L,J5 Bus 280P,EXPERT 224,EXPERT Pritsche\/Fahrgestell 223; CITRO\u00cbN: C25 Bus 280_, 290_,JUMPY U6U,JUMPY Kasten BS_, BT_, BY_, BZ_,CX II,CX I MA,C25 Pritsche\/Fahrgestell 280_, 290_,C25 Kasten 280_, 290_,CX II Break,CX I Break MA,GS,OLTCIT,GS Break; LANCIA: YPSILON 843,Y 840A,DELTA II 836,DEDRA 835,Y10 156,DEDRA SW 835; AUTOBIANCHI: Y10; ZASTAVA: YUGO FLORIDA; 081821, 082917, 95619217, 5972277, 71740977, 5972277, 71740977, 081821, 082917<\/p>\n","protected":false},"excerpt":{"rendered":"<p>SKF Kiristysrulla, Hammashihnat VKM 12200  FIAT,PEUGEOT,CITRO\u00cbN,PUNTO 188,PANDA 169,SEICENTO 187,DOBLO Cargo 223,PUNTO 176,DOBLO 119,PANDA Van 169<\/p>\n","protected":false},"featured_media":0,"template":"","meta":{"site-sidebar-layout":"default","site-content-layout":"default","ast-global-header-display":"","ast-main-header-display":"","ast-hfb-above-header-display":"","ast-hfb-below-header-display":"","ast-hfb-mobile-header-display":"","site-post-title":"","ast-breadcrumbs-content":"","ast-featured-img":"","footer-sml-layout":"","theme-transparent-header-meta":"","adv-header-id-meta":"","stick-header-meta":"","header-above-stick-meta":"","header-main-stick-meta":"","header-below-stick-meta":""},"pwb-brand":[237],"product_cat":[282],"product_tag":[],"class_list":{"0":"post-56362","1":"product","2":"type-product","3":"status-publish","5":"pwb-brand-skf","6":"product_cat-kiristysrulla","7":"desktop-align-left","8":"tablet-align-left","9":"mobile-align-left","11":"first","12":"instock","13":"product-type-external"},"brands":[{"id":237,"name":"SKF","slug":"skf"}],"_links":{"self":[{"href":"https:\/\/www.autonvaraosahaku.fi\/index.php?rest_route=\/wp\/v2\/product\/56362","targetHints":{"allow":["GET"]}}],"collection":[{"href":"https:\/\/www.autonvaraosahaku.fi\/index.php?rest_route=\/wp\/v2\/product"}],"about":[{"href":"https:\/\/www.autonvaraosahaku.fi\/index.php?rest_route=\/wp\/v2\/types\/product"}],"wp:attachment":[{"href":"https:\/\/www.autonvaraosahaku.fi\/index.php?rest_route=%2Fwp%2Fv2%2Fmedia&parent=56362"}],"wp:term":[{"taxonomy":"pwb-brand","embeddable":true,"href":"https:\/\/www.autonvaraosahaku.fi\/index.php?rest_route=%2Fwp%2Fv2%2Fpwb-brand&post=56362"},{"taxonomy":"product_cat","embeddable":true,"href":"https:\/\/www.autonvaraosahaku.fi\/index.php?rest_route=%2Fwp%2Fv2%2Fproduct_cat&post=56362"},{"taxonomy":"product_tag","embeddable":true,"href":"https:\/\/www.autonvaraosahaku.fi\/index.php?rest_route=%2Fwp%2Fv2%2Fproduct_tag&post=56362"}],"curies":[{"name":"wp","href":"https:\/\/api.w.org\/{rel}","templated":true}]}}