{"id":56368,"date":"2021-02-21T18:00:45","date_gmt":"2021-02-21T18:00:45","guid":{"rendered":"https:\/\/www.autonvaraosahaku.fi\/?product=valeo-734338-jaahdytin"},"modified":"2021-02-21T18:00:47","modified_gmt":"2021-02-21T18:00:47","slug":"valeo-734338-jaahdytin","status":"publish","type":"product","link":"https:\/\/www.autonvaraosahaku.fi\/?product=valeo-734338-jaahdytin","title":{"rendered":"VALEO 734338 J\u00e4\u00e4hdytin"},"content":{"rendered":"<p>Paksuus [mm]: 27; Leveys (mm): 568,8; Korkeus (mm): 378,6; Materiaali: Alumiini; Kotelomalli: Muovikotelo; Sis\u00e4\u00e4ntulol\u00e4pimitta [mm]: 32; Ulostulon l\u00e4pimitta [mm]: 32; L\u00e4mmityslaite \/ j\u00e4\u00e4hdytys: Autoihin ilman \u00f6ljyj\u00e4\u00e4hdytint\u00e4; Korvaava tuote\/korvaava tiedote 2: lman kylm\u00e4aines\u00e4\u00e4dint\u00e4; Paino [kg]: 3,91; Valmistusvuosi alkaen: 01\/2011; CITRO\u00cbN: BERLINGO MF,XSARA PICASSO N68,BERLINGO B9,C5 III Break TD_,C4 Picasso I UD_,C4 Grand Picasso I UA_,C4 I LC_,BERLINGO Kasten M_,C5 II Break RE_,C5 III RD_,C4 Coupe LA_,C4 II B7,C5 II RC_,BERLINGO Kasten B9,DS4,DS5,C4 Stufenheck L,BERLINGO Pritsche\/Fahrgestell B9; PEUGEOT: 307 SW 3H,307 CC 3B,407 SW 6E_,307 3A\/C,308 SW,308 4A_, 4C_,5008,307 Break 3E,407 6D_,3008,PARTNER Tepee,RCZ,308 CC,PARTNER Combispace 5F,PARTNER Kasten 5,407 Coupe 6C_,PARTNER Kasten,PARTNER Pritsche\/Fahrgestell; 1330K0, 1330S5, 1330W2, 133308, 133338, 133342, 133343, 133377, 133387, 133388, 1330W2, 1330K0, 1330S5, 1330W2, 133308, 133338, 133342, 133343, 133377, 133387, 133388; Syyl\u00e4ri,J\u00e4\u00e4hdytin,Moottorin J\u00e4\u00e4hdytys<\/p>\n","protected":false},"excerpt":{"rendered":"<p>VALEO J\u00e4\u00e4hdytin 734338 Syyl\u00e4ri,J\u00e4\u00e4hdytin,Moottorin J\u00e4\u00e4hdytys CITRO\u00cbN,PEUGEOT,BERLINGO MF,XSARA PICASSO N68,BERLINGO B9,C5 III Break TD_<\/p>\n","protected":false},"featured_media":0,"template":"","meta":{"site-sidebar-layout":"default","site-content-layout":"default","ast-global-header-display":"","ast-main-header-display":"","ast-hfb-above-header-display":"","ast-hfb-below-header-display":"","ast-hfb-mobile-header-display":"","site-post-title":"","ast-breadcrumbs-content":"","ast-featured-img":"","footer-sml-layout":"","theme-transparent-header-meta":"","adv-header-id-meta":"","stick-header-meta":"","header-above-stick-meta":"","header-main-stick-meta":"","header-below-stick-meta":""},"pwb-brand":[28],"product_cat":[421],"product_tag":[],"class_list":{"0":"post-56368","1":"product","2":"type-product","3":"status-publish","5":"pwb-brand-valeo","6":"product_cat-jaahdytin","7":"desktop-align-left","8":"tablet-align-left","9":"mobile-align-left","11":"first","12":"instock","13":"product-type-external"},"brands":[{"id":28,"name":"VALEO","slug":"valeo"}],"_links":{"self":[{"href":"https:\/\/www.autonvaraosahaku.fi\/index.php?rest_route=\/wp\/v2\/product\/56368","targetHints":{"allow":["GET"]}}],"collection":[{"href":"https:\/\/www.autonvaraosahaku.fi\/index.php?rest_route=\/wp\/v2\/product"}],"about":[{"href":"https:\/\/www.autonvaraosahaku.fi\/index.php?rest_route=\/wp\/v2\/types\/product"}],"wp:attachment":[{"href":"https:\/\/www.autonvaraosahaku.fi\/index.php?rest_route=%2Fwp%2Fv2%2Fmedia&parent=56368"}],"wp:term":[{"taxonomy":"pwb-brand","embeddable":true,"href":"https:\/\/www.autonvaraosahaku.fi\/index.php?rest_route=%2Fwp%2Fv2%2Fpwb-brand&post=56368"},{"taxonomy":"product_cat","embeddable":true,"href":"https:\/\/www.autonvaraosahaku.fi\/index.php?rest_route=%2Fwp%2Fv2%2Fproduct_cat&post=56368"},{"taxonomy":"product_tag","embeddable":true,"href":"https:\/\/www.autonvaraosahaku.fi\/index.php?rest_route=%2Fwp%2Fv2%2Fproduct_tag&post=56368"}],"curies":[{"name":"wp","href":"https:\/\/api.w.org\/{rel}","templated":true}]}}