{"id":56397,"date":"2021-02-21T18:00:51","date_gmt":"2021-02-21T18:00:51","guid":{"rendered":"https:\/\/www.autonvaraosahaku.fi\/?product=lemforder-34699-01-iskunvaimentimen-tukilaakeri"},"modified":"2021-02-21T18:00:55","modified_gmt":"2021-02-21T18:00:55","slug":"lemforder-34699-01-iskunvaimentimen-tukilaakeri","status":"publish","type":"product","link":"https:\/\/www.autonvaraosahaku.fi\/?product=lemforder-34699-01-iskunvaimentimen-tukilaakeri","title":{"rendered":"LEMF\u00d6RDER 34699 01 Iskunvaimentimen tukilaakeri"},"content":{"rendered":"<p>Lukum\u00e4\u00e4r\u00e4 akselille: 2; Asennuspuoli: Etuakseli, Molemminpuolin; OPEL: CORSA C F08, F68,MERIVA,ZAFIRA A F75_,ASTRA G CC F48_, F08_,ASTRA G Caravan F35_,VECTRA B 36_,TIGRA TwinTop,VECTRA B Caravan 31_,ASTRA G Cabriolet F67,ASTRA G Coupe F07_,COMBO Kasten\/Kombi,ASTRA G Stufenheck F69_,VECTRA B CC 38_,COMBO Tour,CORSA C Kasten F08, W5L,ASTRA G Kasten F70; VAUXHALL: ZAFIRA Mk I A F75,CORSA Mk II C W5L, F08,ASTRA Mk IV G CC,ASTRA Mk IV G Sedan,MERIVA Mk I A,TIGRA Convertible,VECTRA B CC,VECTRA B Estate,VECTRA B,ASTRAVAN Mk IV G,ASTRA Mk IV G Coupe F67,ASTRA Mk IV G Convertible,COMBO Mk II C Kasten\/Kombi F25,ASTRA Mk IV G Estate; 312510, 90468618, 90468618<\/p>\n","protected":false},"excerpt":{"rendered":"<p>LEMF\u00d6RDER Rullalaakeri, Jousijalkalaakeri 34699 01  OPEL,VAUXHALL,CORSA C F08, F68,MERIVA,ZAFIRA A F75_,ASTRA G CC F48_, F08_,ASTRA G Caravan F35_<\/p>\n","protected":false},"featured_media":0,"template":"","meta":{"site-sidebar-layout":"default","site-content-layout":"default","ast-global-header-display":"","ast-main-header-display":"","ast-hfb-above-header-display":"","ast-hfb-below-header-display":"","ast-hfb-mobile-header-display":"","site-post-title":"","ast-breadcrumbs-content":"","ast-featured-img":"","footer-sml-layout":"","theme-transparent-header-meta":"","adv-header-id-meta":"","stick-header-meta":"","header-above-stick-meta":"","header-main-stick-meta":"","header-below-stick-meta":""},"pwb-brand":[77],"product_cat":[106],"product_tag":[],"class_list":{"0":"post-56397","1":"product","2":"type-product","3":"status-publish","5":"pwb-brand-lemforder","6":"product_cat-iskunvaimentimen-tukilaakeri","7":"desktop-align-left","8":"tablet-align-left","9":"mobile-align-left","11":"first","12":"instock","13":"product-type-external"},"brands":[{"id":77,"name":"LEMF\u00d6RDER","slug":"lemforder"}],"_links":{"self":[{"href":"https:\/\/www.autonvaraosahaku.fi\/index.php?rest_route=\/wp\/v2\/product\/56397","targetHints":{"allow":["GET"]}}],"collection":[{"href":"https:\/\/www.autonvaraosahaku.fi\/index.php?rest_route=\/wp\/v2\/product"}],"about":[{"href":"https:\/\/www.autonvaraosahaku.fi\/index.php?rest_route=\/wp\/v2\/types\/product"}],"wp:attachment":[{"href":"https:\/\/www.autonvaraosahaku.fi\/index.php?rest_route=%2Fwp%2Fv2%2Fmedia&parent=56397"}],"wp:term":[{"taxonomy":"pwb-brand","embeddable":true,"href":"https:\/\/www.autonvaraosahaku.fi\/index.php?rest_route=%2Fwp%2Fv2%2Fpwb-brand&post=56397"},{"taxonomy":"product_cat","embeddable":true,"href":"https:\/\/www.autonvaraosahaku.fi\/index.php?rest_route=%2Fwp%2Fv2%2Fproduct_cat&post=56397"},{"taxonomy":"product_tag","embeddable":true,"href":"https:\/\/www.autonvaraosahaku.fi\/index.php?rest_route=%2Fwp%2Fv2%2Fproduct_tag&post=56397"}],"curies":[{"name":"wp","href":"https:\/\/api.w.org\/{rel}","templated":true}]}}