{"id":56405,"date":"2021-02-21T18:00:57","date_gmt":"2021-02-21T18:00:57","guid":{"rendered":"https:\/\/www.autonvaraosahaku.fi\/?product=lemforder-31236-01-alatukivarsi"},"modified":"2021-02-21T18:00:58","modified_gmt":"2021-02-21T18:00:58","slug":"lemforder-31236-01-alatukivarsi","status":"publish","type":"product","link":"https:\/\/www.autonvaraosahaku.fi\/?product=lemforder-31236-01-alatukivarsi","title":{"rendered":"LEMF\u00d6RDER 31236 01 Alatukivarsi"},"content":{"rendered":"<p>Ohjausmalli: Poikittaistukivarsi; parilliset tuotenumerot: 31235 01; Asennuspuoli: Vorderachse; MERCEDES-BENZ: S-CLASS W220,S-CLASS Coupe C215; 2203301711, 2203303411, 2203304411, 2203305811, A2203301711, A2203303411, A2203304411, A2203305811; Tukivarsi,Tukivarsi, Py\u00f6r\u00e4ntuenta<\/p>\n","protected":false},"excerpt":{"rendered":"<p>LEMF\u00d6RDER Alatukivarsi 31236 01 Tukivarsi,Tukivarsi, Py\u00f6r\u00e4ntuenta MERCEDES-BENZ,S-CLASS W220,S-CLASS Coupe C215<\/p>\n","protected":false},"featured_media":0,"template":"","meta":{"site-sidebar-layout":"default","site-content-layout":"default","ast-global-header-display":"","ast-main-header-display":"","ast-hfb-above-header-display":"","ast-hfb-below-header-display":"","ast-hfb-mobile-header-display":"","site-post-title":"","ast-breadcrumbs-content":"","ast-featured-img":"","footer-sml-layout":"","theme-transparent-header-meta":"","adv-header-id-meta":"","stick-header-meta":"","header-above-stick-meta":"","header-main-stick-meta":"","header-below-stick-meta":""},"pwb-brand":[77],"product_cat":[62],"product_tag":[],"class_list":{"0":"post-56405","1":"product","2":"type-product","3":"status-publish","5":"pwb-brand-lemforder","6":"product_cat-alatukivarsi","7":"desktop-align-left","8":"tablet-align-left","9":"mobile-align-left","11":"first","12":"instock","13":"product-type-external"},"brands":[{"id":77,"name":"LEMF\u00d6RDER","slug":"lemforder"}],"_links":{"self":[{"href":"https:\/\/www.autonvaraosahaku.fi\/index.php?rest_route=\/wp\/v2\/product\/56405","targetHints":{"allow":["GET"]}}],"collection":[{"href":"https:\/\/www.autonvaraosahaku.fi\/index.php?rest_route=\/wp\/v2\/product"}],"about":[{"href":"https:\/\/www.autonvaraosahaku.fi\/index.php?rest_route=\/wp\/v2\/types\/product"}],"wp:attachment":[{"href":"https:\/\/www.autonvaraosahaku.fi\/index.php?rest_route=%2Fwp%2Fv2%2Fmedia&parent=56405"}],"wp:term":[{"taxonomy":"pwb-brand","embeddable":true,"href":"https:\/\/www.autonvaraosahaku.fi\/index.php?rest_route=%2Fwp%2Fv2%2Fpwb-brand&post=56405"},{"taxonomy":"product_cat","embeddable":true,"href":"https:\/\/www.autonvaraosahaku.fi\/index.php?rest_route=%2Fwp%2Fv2%2Fproduct_cat&post=56405"},{"taxonomy":"product_tag","embeddable":true,"href":"https:\/\/www.autonvaraosahaku.fi\/index.php?rest_route=%2Fwp%2Fv2%2Fproduct_tag&post=56405"}],"curies":[{"name":"wp","href":"https:\/\/api.w.org\/{rel}","templated":true}]}}