{"id":56484,"date":"2021-02-21T18:01:22","date_gmt":"2021-02-21T18:01:22","guid":{"rendered":"https:\/\/www.autonvaraosahaku.fi\/?product=contitech-ct669-jakohihna"},"modified":"2021-02-21T18:01:23","modified_gmt":"2021-02-21T18:01:23","slug":"contitech-ct669-jakohihna","status":"publish","type":"product","link":"https:\/\/www.autonvaraosahaku.fi\/?product=contitech-ct669-jakohihna","title":{"rendered":"CONTITECH CT669 Jakohihna"},"content":{"rendered":"<p>Hammasluku: 84; Pakkauspituus [cm]: 25,5; Pakkausleveys [cm]: 16; Pakkauskorkeus [mm]: 3; Paino [kg]: 0,116; Leveys (mm): 19; Apulaitteet: angetr. Agg.: Nockenwelle; HONDA: CIVIC I Hatchback SB,CIVIC II Schr\u00e4gheck SS, SL,CIVIC I Stufenheck SF; SUZUKI: LJ 80,SJ 410 Cabrio,SJ 410,CARRY Kasten ST90V; TRIUMPH: ACCLAIM; 14400634003, 14400634004, 14400634005, 14400634005EH, 14400634012, 14400634014, 144006340141, 1276173000, 1276173001, BNP2955, BNP2956; Jakop\u00e4\u00e4n Hihna,Hammashihna,Hammashihnat<\/p>\n","protected":false},"excerpt":{"rendered":"<p>CONTITECH Jakohihna CT669 Jakop\u00e4\u00e4n Hihna,Hammashihna HONDA,SUZUKI,TRIUMPH,CIVIC I Hatchback SB,CIVIC II Schr\u00e4gheck SS, SL,CIVIC I Stufenheck SF,LJ 80<\/p>\n","protected":false},"featured_media":0,"template":"","meta":{"site-sidebar-layout":"default","site-content-layout":"default","ast-global-header-display":"","ast-main-header-display":"","ast-hfb-above-header-display":"","ast-hfb-below-header-display":"","ast-hfb-mobile-header-display":"","site-post-title":"","ast-breadcrumbs-content":"","ast-featured-img":"","footer-sml-layout":"","theme-transparent-header-meta":"","adv-header-id-meta":"","stick-header-meta":"","header-above-stick-meta":"","header-main-stick-meta":"","header-below-stick-meta":""},"pwb-brand":[187],"product_cat":[266],"product_tag":[],"class_list":{"0":"post-56484","1":"product","2":"type-product","3":"status-publish","5":"pwb-brand-contitech","6":"product_cat-jakohihna","7":"desktop-align-left","8":"tablet-align-left","9":"mobile-align-left","11":"first","12":"instock","13":"product-type-external"},"brands":[{"id":187,"name":"CONTITECH","slug":"contitech"}],"_links":{"self":[{"href":"https:\/\/www.autonvaraosahaku.fi\/index.php?rest_route=\/wp\/v2\/product\/56484","targetHints":{"allow":["GET"]}}],"collection":[{"href":"https:\/\/www.autonvaraosahaku.fi\/index.php?rest_route=\/wp\/v2\/product"}],"about":[{"href":"https:\/\/www.autonvaraosahaku.fi\/index.php?rest_route=\/wp\/v2\/types\/product"}],"wp:attachment":[{"href":"https:\/\/www.autonvaraosahaku.fi\/index.php?rest_route=%2Fwp%2Fv2%2Fmedia&parent=56484"}],"wp:term":[{"taxonomy":"pwb-brand","embeddable":true,"href":"https:\/\/www.autonvaraosahaku.fi\/index.php?rest_route=%2Fwp%2Fv2%2Fpwb-brand&post=56484"},{"taxonomy":"product_cat","embeddable":true,"href":"https:\/\/www.autonvaraosahaku.fi\/index.php?rest_route=%2Fwp%2Fv2%2Fproduct_cat&post=56484"},{"taxonomy":"product_tag","embeddable":true,"href":"https:\/\/www.autonvaraosahaku.fi\/index.php?rest_route=%2Fwp%2Fv2%2Fproduct_tag&post=56484"}],"curies":[{"name":"wp","href":"https:\/\/api.w.org\/{rel}","templated":true}]}}