{"id":56485,"date":"2021-02-21T18:01:22","date_gmt":"2021-02-21T18:01:22","guid":{"rendered":"https:\/\/www.autonvaraosahaku.fi\/?product=bremi-9073-virranjakajan-pyorija"},"modified":"2021-02-21T18:01:23","modified_gmt":"2021-02-21T18:01:23","slug":"bremi-9073-virranjakajan-pyorija","status":"publish","type":"product","link":"https:\/\/www.autonvaraosahaku.fi\/?product=bremi-9073-virranjakajan-pyorija","title":{"rendered":"BREMI 9073 Virranjakajan py\u00f6rij\u00e4"},"content":{"rendered":"<p>Valmistaja rajaus: System BOSCH, SYSTEM BOSCH; Materiaali: Polyesteri; H\u00e4iri\u00f6npoistolla: ; Vastus [Ohm]: 1000; VW: POLO 6N1,GOLF II 19E, 1G1,POLO 86C, 80,POLO Coupe 86C, 80,SCIROCCO 53B,JETTA II 19E, 1G2, 165,PASSAT Variant 32B,POLO Kasten 6NF,POLO CLASSIC 86C, 80,PASSAT 32B,SCIROCCO 53,ILTIS 183,JETTA I 16,DERBY 86C, 80,POLO Kasten 86CF,SANTANA 32B; AUDI: 80 81, 85, B2,COUPE 81, 85; OPEL: ASTRA F CC 53_, 54_, 58_, 59_,VECTRA A 86_, 87_,ASTRA F 56_, 57_,KADETT E CC 33_, 34_, 43_, 44_,CORSA A CC 93_, 94_, 98_, 99_,MANTA B 58_, 59_,VECTRA A CC 88_, 89_,KADETT E Cabriolet 43B_,ASCONA C 81_, 86_, 87_, 88_,REKORD E 17_-19_, 11_, 14_, 16_,CORSA A TR 91_, 92_, 96_, 97_,KADETT D 31_-34_, 41_-44_,KADETT E 39_, 49_,ASCONA C CC 84_, 89_,KADETT E Caravan 35_, 36_, 45_, 46_,MANTA B CC 53_, 55_,ASTRA F Van 55_,REKORD E Caravan 61_, 66_, 67_,KADETT D Caravan 35_, 36_, 45_, 46_,KADETT E Kasten 37_, 47_,KADETT E Combo 38_, 48_; FIAT: RITMO I 138A; PEUGEOT: 106 I 1A, 1C,205 II 20A\/C,205 I Cabriolet 741B, 20D,309 II 3C, 3A,205 I 741A\/C,405 I 15B,309 I 10C, 10A,505 551A,405 I Break 15E,305 II 581M,305 II Break 581E; SEAT: IBIZA II 6K1,IBIZA I 021A,MALAGA 023A,RONDA 022A; CITRO\u00cbN: AX ZA-_,ZX N2,BX XB-_,BX Break XB-_,C15 VD-_; ALFA ROMEO: 75 162B,33 907A,33 905,33 Sportwagon 905A; SAAB: 900 I Combi Coupe,900 I AC4, AM4,99,90,99 Combi Coupe; WARTBURG: 353,353 Tourist; 60755007, 9405937258, 95602185, 9935782, 9936023, 5003338, 5009170, 5010164, 5011235, 5019636, 5022810, 870X12200BMA, 870X12200DEA, 890X12200JA, A770X12200CA, A810X12200HA, A820X12200AA, A830X12200GA, 1212213, 1212217, 593725, 9350323, 9555488, 0003980666, SE021914004A, 036905225F, 036905225H, 052905225<\/p>\n","protected":false},"excerpt":{"rendered":"<p>BREMI Virranjakajan Py\u00f6rij\u00e4 9073  VW,AUDI,OPEL,POLO 6N1,GOLF II 19E, 1G1,POLO 86C, 80,POLO Coupe 86C, 80,SCIROCCO 53B,JETTA II 19E, 1G2, 165<\/p>\n","protected":false},"featured_media":0,"template":"","meta":{"site-sidebar-layout":"default","site-content-layout":"default","ast-global-header-display":"","ast-main-header-display":"","ast-hfb-above-header-display":"","ast-hfb-below-header-display":"","ast-hfb-mobile-header-display":"","site-post-title":"","ast-breadcrumbs-content":"","ast-featured-img":"","footer-sml-layout":"","theme-transparent-header-meta":"","adv-header-id-meta":"","stick-header-meta":"","header-above-stick-meta":"","header-main-stick-meta":"","header-below-stick-meta":""},"pwb-brand":[480],"product_cat":[94],"product_tag":[],"class_list":{"0":"post-56485","1":"product","2":"type-product","3":"status-publish","5":"pwb-brand-bremi","6":"product_cat-virranjakajan-pyorija","7":"desktop-align-left","8":"tablet-align-left","9":"mobile-align-left","11":"first","12":"instock","13":"product-type-external"},"brands":[{"id":480,"name":"BREMI","slug":"bremi"}],"_links":{"self":[{"href":"https:\/\/www.autonvaraosahaku.fi\/index.php?rest_route=\/wp\/v2\/product\/56485","targetHints":{"allow":["GET"]}}],"collection":[{"href":"https:\/\/www.autonvaraosahaku.fi\/index.php?rest_route=\/wp\/v2\/product"}],"about":[{"href":"https:\/\/www.autonvaraosahaku.fi\/index.php?rest_route=\/wp\/v2\/types\/product"}],"wp:attachment":[{"href":"https:\/\/www.autonvaraosahaku.fi\/index.php?rest_route=%2Fwp%2Fv2%2Fmedia&parent=56485"}],"wp:term":[{"taxonomy":"pwb-brand","embeddable":true,"href":"https:\/\/www.autonvaraosahaku.fi\/index.php?rest_route=%2Fwp%2Fv2%2Fpwb-brand&post=56485"},{"taxonomy":"product_cat","embeddable":true,"href":"https:\/\/www.autonvaraosahaku.fi\/index.php?rest_route=%2Fwp%2Fv2%2Fproduct_cat&post=56485"},{"taxonomy":"product_tag","embeddable":true,"href":"https:\/\/www.autonvaraosahaku.fi\/index.php?rest_route=%2Fwp%2Fv2%2Fproduct_tag&post=56485"}],"curies":[{"name":"wp","href":"https:\/\/api.w.org\/{rel}","templated":true}]}}