{"id":56494,"date":"2021-02-21T18:01:22","date_gmt":"2021-02-21T18:01:22","guid":{"rendered":"https:\/\/www.autonvaraosahaku.fi\/?product=bosal-801-181-keskimmainen-aanenvaimennin"},"modified":"2021-02-21T18:01:25","modified_gmt":"2021-02-21T18:01:25","slug":"bosal-801-181-keskimmainen-aanenvaimennin","status":"publish","type":"product","link":"https:\/\/www.autonvaraosahaku.fi\/?product=bosal-801-181-keskimmainen-aanenvaimennin","title":{"rendered":"BOSAL 801-181 Keskimm\u00e4inen \u00e4\u00e4nenvaimennin"},"content":{"rendered":"<p>Asennuspuoli: mitte; VW: POLO 9N_,POLO 6R, 6C,FOX 5Z1, 5Z3,POLO Stufenheck 9A4,POLO Stufenheck 9N4; AUDI: A1 8X1, 8XF,A1 Sportback 8XA, 8XK; SKODA: FABIA Combi 6Y5,FABIA,FABIA 6Y2,FABIA Combi,FABIA Stufenheck 6Y3,FABIA Praktik; SEAT: IBIZA IV 6L1,IBIZA V 6J5, 6P5,IBIZA V ST 6J8, 6P8,IBIZA V SPORTCOUPE 6J1, 6P1,CORDOBA 6L2; 6Q0253201, 6Q0253201A, 6Q0253201E, 6Q0253201F, JZW253201C, 6Q0253201, 6Q0253201A, 6Q0253201E, 6Q0253201F, JZW253201C, 6Q0253201, 6Q0253201A, 6Q0253201E, 6Q0253201F, JZW253201C, 5Z0253201B, 6Q0253201, 6Q0253201A, 6Q0253201E, 6Q0253201F, JZW253201C<\/p>\n","protected":false},"excerpt":{"rendered":"<p>BOSAL Pakoputki 801-181  VW,AUDI,SKODA,POLO 9N_,POLO 6R, 6C,FOX 5Z1, 5Z3,POLO Stufenheck 9A4,POLO Stufenheck 9N4,A1 8X1, 8XF,A1 Sportback 8XA, 8XK<\/p>\n","protected":false},"featured_media":0,"template":"","meta":{"site-sidebar-layout":"default","site-content-layout":"default","ast-global-header-display":"","ast-main-header-display":"","ast-hfb-above-header-display":"","ast-hfb-below-header-display":"","ast-hfb-mobile-header-display":"","site-post-title":"","ast-breadcrumbs-content":"","ast-featured-img":"","footer-sml-layout":"","theme-transparent-header-meta":"","adv-header-id-meta":"","stick-header-meta":"","header-above-stick-meta":"","header-main-stick-meta":"","header-below-stick-meta":""},"pwb-brand":[248],"product_cat":[212],"product_tag":[],"class_list":{"0":"post-56494","1":"product","2":"type-product","3":"status-publish","5":"pwb-brand-bosal","6":"product_cat-keskimmainen-aanenvaimennin","7":"desktop-align-left","8":"tablet-align-left","9":"mobile-align-left","11":"first","12":"instock","13":"product-type-external"},"brands":[{"id":248,"name":"BOSAL","slug":"bosal"}],"_links":{"self":[{"href":"https:\/\/www.autonvaraosahaku.fi\/index.php?rest_route=\/wp\/v2\/product\/56494","targetHints":{"allow":["GET"]}}],"collection":[{"href":"https:\/\/www.autonvaraosahaku.fi\/index.php?rest_route=\/wp\/v2\/product"}],"about":[{"href":"https:\/\/www.autonvaraosahaku.fi\/index.php?rest_route=\/wp\/v2\/types\/product"}],"wp:attachment":[{"href":"https:\/\/www.autonvaraosahaku.fi\/index.php?rest_route=%2Fwp%2Fv2%2Fmedia&parent=56494"}],"wp:term":[{"taxonomy":"pwb-brand","embeddable":true,"href":"https:\/\/www.autonvaraosahaku.fi\/index.php?rest_route=%2Fwp%2Fv2%2Fpwb-brand&post=56494"},{"taxonomy":"product_cat","embeddable":true,"href":"https:\/\/www.autonvaraosahaku.fi\/index.php?rest_route=%2Fwp%2Fv2%2Fproduct_cat&post=56494"},{"taxonomy":"product_tag","embeddable":true,"href":"https:\/\/www.autonvaraosahaku.fi\/index.php?rest_route=%2Fwp%2Fv2%2Fproduct_tag&post=56494"}],"curies":[{"name":"wp","href":"https:\/\/api.w.org\/{rel}","templated":true}]}}