{"id":56505,"date":"2021-02-21T18:01:28","date_gmt":"2021-02-21T18:01:28","guid":{"rendered":"https:\/\/www.autonvaraosahaku.fi\/?product=swf-119865-pyyhkijansulat"},"modified":"2021-02-21T18:01:29","modified_gmt":"2021-02-21T18:01:29","slug":"swf-119865-pyyhkijansulat","status":"publish","type":"product","link":"https:\/\/www.autonvaraosahaku.fi\/?product=swf-119865-pyyhkijansulat","title":{"rendered":"SWF 119865 Pyyhkij\u00e4nsulat"},"content":{"rendered":"<p>M\u00e4\u00e4r\u00e4: 1; Pituus (mm): 650; Pituus (tuumaa): 26; Sopiva adapteri: U; Muotoilu: Spoilerilla; Kulumisenilmaisimen liitos: kulumisvaroitinkoskettimella; Paino [kg]: 0,185; Tuotelinja: VisioNext; Pyyhkij\u00e4nsulkatyyppi: Rungottomat; Valmistusvuosi alkaen: 12\/2010; MAZDA: 5 CR19,CX-7 ER,5 CW; JEEP: CHEROKEE KL; NISSAN: ALMERA TINO V10,LEAF,QASHQAI J11, J11_,X-TRAIL T32,LEAF ZE1; KIA: RIO III UB,CEE&#8217;D JD,CARENS III UN,CARNIVAL \/ GRAND CARNIVAL III VQ,CEE`D Sportswagon JD,PRO CEE\u00b4D JD,RIO III Stufenheck UB,SORENTO III,RIO IV YB,RIO IV Stufenheck SC, FB; LEXUS: RX MHU3_, GSU3_, MCU3_,RX GYL1_, GGL15, AGL10; HONDA: CR-V III RE,JAZZ III GE,ACCORD VII CL,FR-V BE,CR-V IV RE,ACCORD VII Tourer CM,INSIGHT ZE_,CR-Z ZF1,ACCORD VI Aerodeck CF,CIVIC IX Tourer FK; LAND ROVER: DISCOVERY SPORT LC; HYUNDAI: i30 GD,i30 CW GD,TRAJET FO,SANTA F\u00c9 III DM,i30 Coupe,i40 VF,H-1 Kasten,H-1 \/ STAREX,H-1 Pritsche\/Fahrgestell,IONIQ AE; INFINITI: Q50; SUZUKI: SX4 EY, GY,SX4 S-Cross,SX4 Stufenheck GY; 1611354380, 98350A4000, 98360A4000, A1688201645, A1688201745, 1272030, 4421853, 1611354380, 1611587880, 1613319580, 6423F1, 288906796R, 4421853; Tuulilasinpyyhkimet,Pyyhkij\u00e4t,Pyyhkij\u00e4nsulka<\/p>\n","protected":false},"excerpt":{"rendered":"<p>SWF Pyyhkij\u00e4nsulat 119865 Tuulilasinpyyhkimet,Pyyhkij\u00e4t MAZDA,JEEP,NISSAN,5 CR19,CX-7 ER,5 CW,CHEROKEE KL,ALMERA TINO V10,LEAF,QASHQAI J11, J11_<\/p>\n","protected":false},"featured_media":0,"template":"","meta":{"site-sidebar-layout":"default","site-content-layout":"default","ast-global-header-display":"","ast-main-header-display":"","ast-hfb-above-header-display":"","ast-hfb-below-header-display":"","ast-hfb-mobile-header-display":"","site-post-title":"","ast-breadcrumbs-content":"","ast-featured-img":"","footer-sml-layout":"","theme-transparent-header-meta":"","adv-header-id-meta":"","stick-header-meta":"","header-above-stick-meta":"","header-main-stick-meta":"","header-below-stick-meta":""},"pwb-brand":[204],"product_cat":[33],"product_tag":[],"class_list":{"0":"post-56505","1":"product","2":"type-product","3":"status-publish","5":"pwb-brand-swf","6":"product_cat-pyyhkijansulat","7":"desktop-align-left","8":"tablet-align-left","9":"mobile-align-left","11":"first","12":"instock","13":"product-type-external"},"brands":[{"id":204,"name":"SWF","slug":"swf"}],"_links":{"self":[{"href":"https:\/\/www.autonvaraosahaku.fi\/index.php?rest_route=\/wp\/v2\/product\/56505","targetHints":{"allow":["GET"]}}],"collection":[{"href":"https:\/\/www.autonvaraosahaku.fi\/index.php?rest_route=\/wp\/v2\/product"}],"about":[{"href":"https:\/\/www.autonvaraosahaku.fi\/index.php?rest_route=\/wp\/v2\/types\/product"}],"wp:attachment":[{"href":"https:\/\/www.autonvaraosahaku.fi\/index.php?rest_route=%2Fwp%2Fv2%2Fmedia&parent=56505"}],"wp:term":[{"taxonomy":"pwb-brand","embeddable":true,"href":"https:\/\/www.autonvaraosahaku.fi\/index.php?rest_route=%2Fwp%2Fv2%2Fpwb-brand&post=56505"},{"taxonomy":"product_cat","embeddable":true,"href":"https:\/\/www.autonvaraosahaku.fi\/index.php?rest_route=%2Fwp%2Fv2%2Fproduct_cat&post=56505"},{"taxonomy":"product_tag","embeddable":true,"href":"https:\/\/www.autonvaraosahaku.fi\/index.php?rest_route=%2Fwp%2Fv2%2Fproduct_tag&post=56505"}],"curies":[{"name":"wp","href":"https:\/\/api.w.org\/{rel}","templated":true}]}}