{"id":56518,"date":"2021-02-21T18:01:28","date_gmt":"2021-02-21T18:01:28","guid":{"rendered":"https:\/\/www.autonvaraosahaku.fi\/?product=swf-115705-muut-luokat"},"modified":"2021-02-21T18:01:32","modified_gmt":"2021-02-21T18:01:32","slug":"swf-115705-muut-luokat","status":"publish","type":"product","link":"https:\/\/www.autonvaraosahaku.fi\/?product=swf-115705-muut-luokat","title":{"rendered":"SWF 115705 Muut luokat"},"content":{"rendered":"<p>M\u00e4\u00e4r\u00e4: 2; Pituus (mm): 450; Paino [kg]: 0,05; Valmistusvuosi alkaen: 04\/1979; VW: TRANSPORTER IV Bus 70XB, 70XC, 7DB, 7DW,GOLF II 19E, 1G1,GOLF I Cabriolet 155,TRANSPORTER IV Kasten 70XA,TRANSPORTER III Bus,CORRADO 53I,CADDY II Kasten 9K9A,TRANSPORTER IV Pritsche\/Fahrgestell 70XD,POLO Variant 6KV5,POLO CLASSIC 6KV2,JETTA II 19E, 1G2, 165,PASSAT Variant 32B,TRANSPORTER III Kasten,TRANSPORTER III Pritsche\/Fahrgestell,PASSAT 32B,CADDY II Pick-up 9U7,PASSAT Stufenheck 32B,SANTANA 32B; AUDI: A6 Avant 4A, C4,COUPE 89, 8B,80 81, 85, B2,COUPE 81, 85,QUATTRO 85,100 43, C2,200 43,100 Avant 43, C2; MAZDA: MX-5 II NB,6 Hatchback GG,6 GG,MX-5 I NA,MX-3 EC,B-SERIE UN,323 C IV BG,FAMILIA IV BF,323 III Hatchback BF,RX 7 I SA,FAMILIA IV BG,626 II GC,626 II Hatchback GC,323 III BF,RX 7 III FD,323 III Station Wagon BW,323 II Hatchback BD,121 I DA,323 II BD,929 II HB,626 I CB,929 I LA,323 I Station Wagon FA; SKODA: FAVORIT 781,FAVORIT Forman 785,FAVORIT Pick-up 787; BMW: 3 Compact E36,5 Touring E34,5 E28,6 E24,3 E21,3 Touring E30,7 E23,5 E12; SEAT: INCA 6K9; CHEVROLET: TAHOE B2W; JEEP: CHEROKEE KJ,CHEROKEE XJ; DAEWOO: LEGANZA KLAV,NEXIA KLETN,KORANDO KJ,NEXIA Stufenheck KLETN,KORANDO Cabrio KJ; IVECO: M,ZETA; 443955429, 481955429, 895955429, 1365351, 1381754, 481955429; Pyyhkij\u00e4nkumi<\/p>\n","protected":false},"excerpt":{"rendered":"<p>SWF Pyyhkij\u00e4n Kumi 115705 Pyyhkij\u00e4nkumi VW,AUDI,MAZDA,TRANSPORTER IV Bus 70XB, 70XC, 7DB, 7DW,GOLF II 19E, 1G1,GOLF I Cabriolet 155<\/p>\n","protected":false},"featured_media":0,"template":"","meta":{"site-sidebar-layout":"default","site-content-layout":"default","ast-global-header-display":"","ast-main-header-display":"","ast-hfb-above-header-display":"","ast-hfb-below-header-display":"","ast-hfb-mobile-header-display":"","site-post-title":"","ast-breadcrumbs-content":"","ast-featured-img":"","footer-sml-layout":"","theme-transparent-header-meta":"","adv-header-id-meta":"","stick-header-meta":"","header-above-stick-meta":"","header-main-stick-meta":"","header-below-stick-meta":""},"pwb-brand":[204],"product_cat":[37],"product_tag":[],"class_list":{"0":"post-56518","1":"product","2":"type-product","3":"status-publish","5":"pwb-brand-swf","6":"product_cat-muut-luokat","7":"desktop-align-left","8":"tablet-align-left","9":"mobile-align-left","11":"first","12":"instock","13":"product-type-external"},"brands":[{"id":204,"name":"SWF","slug":"swf"}],"_links":{"self":[{"href":"https:\/\/www.autonvaraosahaku.fi\/index.php?rest_route=\/wp\/v2\/product\/56518","targetHints":{"allow":["GET"]}}],"collection":[{"href":"https:\/\/www.autonvaraosahaku.fi\/index.php?rest_route=\/wp\/v2\/product"}],"about":[{"href":"https:\/\/www.autonvaraosahaku.fi\/index.php?rest_route=\/wp\/v2\/types\/product"}],"wp:attachment":[{"href":"https:\/\/www.autonvaraosahaku.fi\/index.php?rest_route=%2Fwp%2Fv2%2Fmedia&parent=56518"}],"wp:term":[{"taxonomy":"pwb-brand","embeddable":true,"href":"https:\/\/www.autonvaraosahaku.fi\/index.php?rest_route=%2Fwp%2Fv2%2Fpwb-brand&post=56518"},{"taxonomy":"product_cat","embeddable":true,"href":"https:\/\/www.autonvaraosahaku.fi\/index.php?rest_route=%2Fwp%2Fv2%2Fproduct_cat&post=56518"},{"taxonomy":"product_tag","embeddable":true,"href":"https:\/\/www.autonvaraosahaku.fi\/index.php?rest_route=%2Fwp%2Fv2%2Fproduct_tag&post=56518"}],"curies":[{"name":"wp","href":"https:\/\/api.w.org\/{rel}","templated":true}]}}