{"id":56527,"date":"2021-02-21T18:01:34","date_gmt":"2021-02-21T18:01:34","guid":{"rendered":"https:\/\/www.autonvaraosahaku.fi\/?product=ngk-7639-sytytystulpat"},"modified":"2021-02-21T18:01:35","modified_gmt":"2021-02-21T18:01:35","slug":"ngk-7639-sytytystulpat","status":"publish","type":"product","link":"https:\/\/www.autonvaraosahaku.fi\/?product=ngk-7639-sytytystulpat","title":{"rendered":"NGK 7639 Sytytystulpat"},"content":{"rendered":"<p>Avainv\u00e4li: 20,8 mm; Ulkokierre [mm]: 14,0; Kierteen pituus (mm): 19,0; Sytytystulppa: Kierre-SAE-liitin, Nikkeli-keskielektrodi, 1-maaelektroodi, Ei h\u00e4iri\u00f6npoistoa, suoralla istukalla; Kipin\u00e4et\u00e4isyys [mm]: 3,0; Moottorinumero: MH; VW: GOLF II 19E, 1G1,TRANSPORTER III Bus,POLO 86C, 80,POLO Coupe 86C, 80,LT 28-35 I Kasten 281-363,LT 28-35 I Bus 281-363,JETTA II 19E, 1G2, 165,LT 28-35 I Pritsche\/Fahrgestell 281-363,TRANSPORTER III Pritsche\/Fahrgestell,LT 40-55 I Pritsche\/Fahrgestell 293-909,LT 40-55 I Kasten 291-512; AUDI: 100 44, 44Q, C3; RENAULT: LAGUNA I B56_, 556_,CLIO I B\/C57_, 5\/357_,LAGUNA I Grandtour K56_,19 II B\/C53_,19 II Chamade L53_; 101000000AB, 101000002AB, 101000006AB, 101000006AC, 101000034AA, 101000000AB, 101000002AB, 101000006AB, 101000006AC, 101000034AA, 7700861472, 101000000AB, 101000002AB, 101000006AB, 101000006AC, 101000034AA, 0031591203, 0031591303, 0031594503, 0031595703, A0031591203, A0031591303, A0031594503, A0031595703, 0031591203, 0031591303, 0031594503, 0031595703, A0031591203, A0031591303, A0031594503, A0031595703, 7700861472, 101000000AB, 101000002AB, 101000006AB, 101000006AC, 101000034AA, 101000000AB, 101000002AB, 101000006AB, 101000006AC, 101000034AA, 0031591203, 0031591303, 0031594503, 0031595703, A0031591203, A0031591303, A0031594503, A0031595703, 0031591203, 0031591303, 0031594503, 0031595703, A0031591203, A0031591303, A0031594503, A0031595703, 101000000AB, 101000002AB, 101000006AB, 101000006AC, 101000034AA; Tulpat,Sytytystulppa<\/p>\n","protected":false},"excerpt":{"rendered":"<p>NGK Sytytystulpat 7639 Tulpat,Sytytystulppa VW,AUDI,RENAULT,GOLF II 19E, 1G1,TRANSPORTER III Bus,POLO 86C, 80,POLO Coupe 86C, 80<\/p>\n","protected":false},"featured_media":0,"template":"","meta":{"site-sidebar-layout":"default","site-content-layout":"default","ast-global-header-display":"","ast-main-header-display":"","ast-hfb-above-header-display":"","ast-hfb-below-header-display":"","ast-hfb-mobile-header-display":"","site-post-title":"","ast-breadcrumbs-content":"","ast-featured-img":"","footer-sml-layout":"","theme-transparent-header-meta":"","adv-header-id-meta":"","stick-header-meta":"","header-above-stick-meta":"","header-main-stick-meta":"","header-below-stick-meta":""},"pwb-brand":[189],"product_cat":[165],"product_tag":[],"class_list":{"0":"post-56527","1":"product","2":"type-product","3":"status-publish","5":"pwb-brand-ngk","6":"product_cat-sytytystulpat","7":"desktop-align-left","8":"tablet-align-left","9":"mobile-align-left","11":"first","12":"instock","13":"product-type-external"},"brands":[{"id":189,"name":"NGK","slug":"ngk"}],"_links":{"self":[{"href":"https:\/\/www.autonvaraosahaku.fi\/index.php?rest_route=\/wp\/v2\/product\/56527","targetHints":{"allow":["GET"]}}],"collection":[{"href":"https:\/\/www.autonvaraosahaku.fi\/index.php?rest_route=\/wp\/v2\/product"}],"about":[{"href":"https:\/\/www.autonvaraosahaku.fi\/index.php?rest_route=\/wp\/v2\/types\/product"}],"wp:attachment":[{"href":"https:\/\/www.autonvaraosahaku.fi\/index.php?rest_route=%2Fwp%2Fv2%2Fmedia&parent=56527"}],"wp:term":[{"taxonomy":"pwb-brand","embeddable":true,"href":"https:\/\/www.autonvaraosahaku.fi\/index.php?rest_route=%2Fwp%2Fv2%2Fpwb-brand&post=56527"},{"taxonomy":"product_cat","embeddable":true,"href":"https:\/\/www.autonvaraosahaku.fi\/index.php?rest_route=%2Fwp%2Fv2%2Fproduct_cat&post=56527"},{"taxonomy":"product_tag","embeddable":true,"href":"https:\/\/www.autonvaraosahaku.fi\/index.php?rest_route=%2Fwp%2Fv2%2Fproduct_tag&post=56527"}],"curies":[{"name":"wp","href":"https:\/\/api.w.org\/{rel}","templated":true}]}}