{"id":56538,"date":"2021-02-21T18:01:34","date_gmt":"2021-02-21T18:01:34","guid":{"rendered":"https:\/\/www.autonvaraosahaku.fi\/?product=van-wezel-4387932-takavalot"},"modified":"2021-02-21T18:01:38","modified_gmt":"2021-02-21T18:01:38","slug":"van-wezel-4387932-takavalot","status":"publish","type":"product","link":"https:\/\/www.autonvaraosahaku.fi\/?product=van-wezel-4387932-takavalot","title":{"rendered":"VAN WEZEL 4387932 Takavalot"},"content":{"rendered":"<p>Asennuspuoli: Oikea; Lasin v\u00e4ri, vilkkulyhty: Valkoinen; Reikien m\u00e4\u00e4r\u00e4: 4; Lis\u00e4tarvike\/lis\u00e4tieto: Ilman lampun kantaa; parilliset tuotenumerot: 4387931; Vuosimallista: 2003; NISSAN: INTERSTAR Kasten X70,INTERSTAR Bus X70; OPEL: MOVANO Kasten F9,MOVANO Combi J9; RENAULT: MASTER II Kasten FD,MASTER II Bus JD; 4401956, 4401957, 8200171478, 8200228395; Takavalo<\/p>\n","protected":false},"excerpt":{"rendered":"<p>VAN WEZEL Takavalot 4387932 Takavalo NISSAN,OPEL,RENAULT,INTERSTAR Kasten X70,INTERSTAR Bus X70,MOVANO Kasten F9,MOVANO Combi J9,MASTER II Kasten FD<\/p>\n","protected":false},"featured_media":0,"template":"","meta":{"site-sidebar-layout":"default","site-content-layout":"default","ast-global-header-display":"","ast-main-header-display":"","ast-hfb-above-header-display":"","ast-hfb-below-header-display":"","ast-hfb-mobile-header-display":"","site-post-title":"","ast-breadcrumbs-content":"","ast-featured-img":"","footer-sml-layout":"","theme-transparent-header-meta":"","adv-header-id-meta":"","stick-header-meta":"","header-above-stick-meta":"","header-main-stick-meta":"","header-below-stick-meta":""},"pwb-brand":[54],"product_cat":[159],"product_tag":[],"class_list":{"0":"post-56538","1":"product","2":"type-product","3":"status-publish","5":"pwb-brand-van-wezel","6":"product_cat-takavalot","7":"desktop-align-left","8":"tablet-align-left","9":"mobile-align-left","11":"first","12":"instock","13":"product-type-external"},"brands":[{"id":54,"name":"VAN WEZEL","slug":"van-wezel"}],"_links":{"self":[{"href":"https:\/\/www.autonvaraosahaku.fi\/index.php?rest_route=\/wp\/v2\/product\/56538","targetHints":{"allow":["GET"]}}],"collection":[{"href":"https:\/\/www.autonvaraosahaku.fi\/index.php?rest_route=\/wp\/v2\/product"}],"about":[{"href":"https:\/\/www.autonvaraosahaku.fi\/index.php?rest_route=\/wp\/v2\/types\/product"}],"wp:attachment":[{"href":"https:\/\/www.autonvaraosahaku.fi\/index.php?rest_route=%2Fwp%2Fv2%2Fmedia&parent=56538"}],"wp:term":[{"taxonomy":"pwb-brand","embeddable":true,"href":"https:\/\/www.autonvaraosahaku.fi\/index.php?rest_route=%2Fwp%2Fv2%2Fpwb-brand&post=56538"},{"taxonomy":"product_cat","embeddable":true,"href":"https:\/\/www.autonvaraosahaku.fi\/index.php?rest_route=%2Fwp%2Fv2%2Fproduct_cat&post=56538"},{"taxonomy":"product_tag","embeddable":true,"href":"https:\/\/www.autonvaraosahaku.fi\/index.php?rest_route=%2Fwp%2Fv2%2Fproduct_tag&post=56538"}],"curies":[{"name":"wp","href":"https:\/\/api.w.org\/{rel}","templated":true}]}}