{"id":56557,"date":"2021-02-21T18:01:40","date_gmt":"2021-02-21T18:01:40","guid":{"rendered":"https:\/\/www.autonvaraosahaku.fi\/?product=van-wezel-17006304-lammityslaitteen-kenno"},"modified":"2021-02-21T18:01:44","modified_gmt":"2021-02-21T18:01:44","slug":"van-wezel-17006304-lammityslaitteen-kenno","status":"publish","type":"product","link":"https:\/\/www.autonvaraosahaku.fi\/?product=van-wezel-17006304-lammityslaitteen-kenno","title":{"rendered":"VAN WEZEL 17006304 L\u00e4mmityslaitteen kenno"},"content":{"rendered":"<p>J\u00e4hdytysripamateriaali: Alumiini; Matriaali j\u00e4\u00e4hdyttimen s\u00e4ili\u00f6: Muovi; Lis\u00e4tarvike\/lis\u00e4tieto: Tarvikkeilla; Sis\u00e4\u00e4ntulo-\u00d8 1 [mm]: 23; Ulostulo-\u00d8 1 [mm]: 23; Verkon pituus [mm]: 180; Verkon leveys [mm]: 158; Verkon syvyys [mm]: 42; Laatu: IR PLUS; OE-numerolle: 77362540; Tuotelinja: *** IR PLUS ***; FIAT: PANDA 169,500 312,500 C 312,PANDA Van 169; L\u00e4mmityskenno<\/p>\n","protected":false},"excerpt":{"rendered":"<p>VAN WEZEL L\u00e4mmityslaitteen Kenno 17006304 L\u00e4mmityskenno FIAT,PANDA 169,500 312,500 C 312,PANDA Van 169<\/p>\n","protected":false},"featured_media":0,"template":"","meta":{"site-sidebar-layout":"default","site-content-layout":"default","ast-global-header-display":"","ast-main-header-display":"","ast-hfb-above-header-display":"","ast-hfb-below-header-display":"","ast-hfb-mobile-header-display":"","site-post-title":"","ast-breadcrumbs-content":"","ast-featured-img":"","footer-sml-layout":"","theme-transparent-header-meta":"","adv-header-id-meta":"","stick-header-meta":"","header-above-stick-meta":"","header-main-stick-meta":"","header-below-stick-meta":""},"pwb-brand":[54],"product_cat":[292],"product_tag":[],"class_list":{"0":"post-56557","1":"product","2":"type-product","3":"status-publish","5":"pwb-brand-van-wezel","6":"product_cat-lammityslaitteen-kenno","7":"desktop-align-left","8":"tablet-align-left","9":"mobile-align-left","11":"first","12":"instock","13":"product-type-external"},"brands":[{"id":54,"name":"VAN WEZEL","slug":"van-wezel"}],"_links":{"self":[{"href":"https:\/\/www.autonvaraosahaku.fi\/index.php?rest_route=\/wp\/v2\/product\/56557","targetHints":{"allow":["GET"]}}],"collection":[{"href":"https:\/\/www.autonvaraosahaku.fi\/index.php?rest_route=\/wp\/v2\/product"}],"about":[{"href":"https:\/\/www.autonvaraosahaku.fi\/index.php?rest_route=\/wp\/v2\/types\/product"}],"wp:attachment":[{"href":"https:\/\/www.autonvaraosahaku.fi\/index.php?rest_route=%2Fwp%2Fv2%2Fmedia&parent=56557"}],"wp:term":[{"taxonomy":"pwb-brand","embeddable":true,"href":"https:\/\/www.autonvaraosahaku.fi\/index.php?rest_route=%2Fwp%2Fv2%2Fpwb-brand&post=56557"},{"taxonomy":"product_cat","embeddable":true,"href":"https:\/\/www.autonvaraosahaku.fi\/index.php?rest_route=%2Fwp%2Fv2%2Fproduct_cat&post=56557"},{"taxonomy":"product_tag","embeddable":true,"href":"https:\/\/www.autonvaraosahaku.fi\/index.php?rest_route=%2Fwp%2Fv2%2Fproduct_tag&post=56557"}],"curies":[{"name":"wp","href":"https:\/\/api.w.org\/{rel}","templated":true}]}}