{"id":56614,"date":"2021-02-21T18:01:58","date_gmt":"2021-02-21T18:01:58","guid":{"rendered":"https:\/\/www.autonvaraosahaku.fi\/?product=ridex-2s0258-starttimoottori"},"modified":"2021-02-21T18:02:01","modified_gmt":"2021-02-21T18:02:01","slug":"ridex-2s0258-starttimoottori","status":"publish","type":"product","link":"https:\/\/www.autonvaraosahaku.fi\/?product=ridex-2s0258-starttimoottori","title":{"rendered":"RIDEX 2S0258 Starttimoottori"},"content":{"rendered":"<p>Vaihto-osa: ; Nimellisj\u00e4nnite (V): 12; K\u00e4ynnistinmoottori teho (kW): 1,7; Kiinnitysreikien lukum\u00e4\u00e4r\u00e4: 0; kierrereiki\u00e4 [kpl]: 2; Hammasluku: 8; Liitin: 50, 30; Laippa \u00d8(mm): 77; Py\u00f6rimissuunta: Py\u00f6rimissuunta my\u00f6t\u00e4p\u00e4iv\u00e4\u00e4n; Hammaspy\u00f6r\u00e4n perusasento [mm]: 15,5; K\u00e4ynnistintyyppi: Itselaakeroitu; Kierremitta: M10; Kierre 1: M10; Asento \/ aste: rechts; Asennuskulma [Astetta]: 30; Kulmamitta, kitav\u00e4li [aste]: 195; Kulmamitta, kiinnitysreik\u00e4 [aste]: 30; Varusteet: f\u00fcr Fahrzeuge ohne Start-Stopp-Funktion; KIA: PICANTO BA,CEE&#8217;D SW ED,CEE&#8217;D Schr\u00e4gheck ED,VENGA YN,RIO III UB,RIO II JB,CEE&#8217;D JD,CARENS III UN,CEE`D Sportswagon JD,PRO CEE&#8217;D ED,SOUL AM,CERATO LD,PRO CEE\u00b4D JD,CERATO Stufenheck LD,RIO II Stufenheck JB,CEE&#8217;D Combi Van JD; HYUNDAI: i30 FD,GETZ TB,i10 PA,i20 PB, PBT,i30 CW FD,i30 GD,ix20 JC,MATRIX FC,i30 CW GD,i30 Coupe,ACCENT III MC,ACCENT III Stufenheck MC,ELANTRA Stufenheck MD, UD,ACCENT IV RB,ELANTRA Stufenheck HD,ACCENT IV Stufenheck RB; 361002A000, 361002A100, 361002A300, 361002A000, 361002A100, 361002A300; Startti,K\u00e4ynnistinmoottori<\/p>\n","protected":false},"excerpt":{"rendered":"<p>RIDEX Starttimoottori 2S0258 Startti,K\u00e4ynnistinmoottori KIA,HYUNDAI,PICANTO BA,CEE&#8217;D SW ED,CEE&#8217;D Schr\u00e4gheck ED,VENGA YN,RIO III UB,RIO II JB<\/p>\n","protected":false},"featured_media":0,"template":"","meta":{"site-sidebar-layout":"default","site-content-layout":"default","ast-global-header-display":"","ast-main-header-display":"","ast-hfb-above-header-display":"","ast-hfb-below-header-display":"","ast-hfb-mobile-header-display":"","site-post-title":"","ast-breadcrumbs-content":"","ast-featured-img":"","footer-sml-layout":"","theme-transparent-header-meta":"","adv-header-id-meta":"","stick-header-meta":"","header-above-stick-meta":"","header-main-stick-meta":"","header-below-stick-meta":""},"pwb-brand":[157],"product_cat":[295],"product_tag":[],"class_list":{"0":"post-56614","1":"product","2":"type-product","3":"status-publish","5":"pwb-brand-ridex","6":"product_cat-starttimoottori","7":"desktop-align-left","8":"tablet-align-left","9":"mobile-align-left","11":"first","12":"instock","13":"product-type-external"},"brands":[{"id":157,"name":"RIDEX","slug":"ridex"}],"_links":{"self":[{"href":"https:\/\/www.autonvaraosahaku.fi\/index.php?rest_route=\/wp\/v2\/product\/56614","targetHints":{"allow":["GET"]}}],"collection":[{"href":"https:\/\/www.autonvaraosahaku.fi\/index.php?rest_route=\/wp\/v2\/product"}],"about":[{"href":"https:\/\/www.autonvaraosahaku.fi\/index.php?rest_route=\/wp\/v2\/types\/product"}],"wp:attachment":[{"href":"https:\/\/www.autonvaraosahaku.fi\/index.php?rest_route=%2Fwp%2Fv2%2Fmedia&parent=56614"}],"wp:term":[{"taxonomy":"pwb-brand","embeddable":true,"href":"https:\/\/www.autonvaraosahaku.fi\/index.php?rest_route=%2Fwp%2Fv2%2Fpwb-brand&post=56614"},{"taxonomy":"product_cat","embeddable":true,"href":"https:\/\/www.autonvaraosahaku.fi\/index.php?rest_route=%2Fwp%2Fv2%2Fproduct_cat&post=56614"},{"taxonomy":"product_tag","embeddable":true,"href":"https:\/\/www.autonvaraosahaku.fi\/index.php?rest_route=%2Fwp%2Fv2%2Fproduct_tag&post=56614"}],"curies":[{"name":"wp","href":"https:\/\/api.w.org\/{rel}","templated":true}]}}