{"id":56624,"date":"2021-02-21T18:02:03","date_gmt":"2021-02-21T18:02:03","guid":{"rendered":"https:\/\/www.autonvaraosahaku.fi\/?product=alanko-11441222-starttimoottori"},"modified":"2021-02-21T18:02:04","modified_gmt":"2021-02-21T18:02:04","slug":"alanko-11441222-starttimoottori","status":"publish","type":"product","link":"https:\/\/www.autonvaraosahaku.fi\/?product=alanko-11441222-starttimoottori","title":{"rendered":"ALANKO 11441222 Starttimoottori"},"content":{"rendered":"<p>J\u00e4nnite (V): 12; K\u00e4ynnistinmoottori teho (kW): 2; Hammasluku: 9-11; Kiinnitysreikien lukum\u00e4\u00e4r\u00e4: 3, 3; kierrereiki\u00e4 [kpl]: 0; Laippa \u00d8(mm): 82; Pistokemallin tunnus: B+(M8)\/50(M6), M6; Py\u00f6rimissuunta: Py\u00f6rimissuunta my\u00f6t\u00e4p\u00e4iv\u00e4\u00e4n; M\u00e4\u00e4r\u00e4yksikk\u00f6: Kappale; Vaihto-osa: ; CHEVROLET: CRUZE J300,CRUZE Station Wagon J308,CRUZE Schr\u00e4gheck J305,MALIBU V300; SAAB: 9-3 YS3F,9-5 Kombi YS3E,9-3 Kombi YS3F,9-5 YS3E,9-3 Cabriolet YS3F,9-5 YS3G,9-3X; SUZUKI: SX4 EY, GY; OPEL: ZAFIRA B A05,ASTRA H Caravan L35,ASTRA H L48,ASTRA J Sports Tourer,INSIGNIA Caravan,VECTRA C Caravan,ASTRA J,ASTRA H GTC L08,SIGNUM,VECTRA C,ZAFIRA TOURER C P12,VECTRA C GTS,INSIGNIA,INSIGNIA Stufenheck,ASTRA GTC J,ASTRA H Kasten L70; LANCIA: DELTA III 844,MUSA 350,THESIS 841AX,LYBRA SW 839BX,KAPPA 838A,LYBRA 839AX,KAPPA SW 838B; FIAT: GRANDE PUNTO 199,PUNTO 188,DUCATO Kasten 250,STILO 192,BRAVO II 198,DUCATO Pritsche\/Fahrgestell 250,PUNTO EVO 199,DUCATO Bus 250,DOBLO Cargo 223,STILO Multi Wagon 192,DOBLO 119,CROMA 194,DOBLO Kasten\/Kombi 263,IDEA,SEDICI,STRADA Pick-up 178E,MULTIPLA 186,DOBLO Gro\u00dfraumlimousine 152, 263,PUNTO Van 188AX,BRAVO I 182,BRAVA 182,MAREA Weekend 185,PALIO Weekend 178DX,LINEA 323,DOBLO Pritsche\/Fahrgestell 263,MAREA 185; ALFA ROMEO: 147 937,159 Sportwagon 939,156 Sportwagon 932,MITO 955,156 932,159 939,GT 937,166 936,BRERA,SPIDER 939,145 930,146 930; CADILLAC: BLS,BLS Wagon; VAUXHALL: ZAFIRA Mk II B M75,ASTRA Mk V H CC,VECTRA Mk II C CC,VECTRA Mk II C Estate,VECTRA Mk II C,SIGNUM; 0046823543, 004765911, 0055192482, 0060813458, 0060814911, 0071721240, 46430784, 46823543, 4765911, 51782321, 51787218, 51832954, 55192482, 55195211, 60813458, 60814911, 60816083, 71721240, 71721774, 1202282, 55353857, 55585237, 46430784, 46451895, 46463250, 46473784, 46748351, 46800159, 46817002, 46823543, 51782321, 51832953, 51832954, 55192482, 55195029, 55195211, 551952110, 55832954, 60814911, 60817002, 71716669, 71746669, 71782284, 71782379, 46473784, 46478945, M001T30071, M001T30072, M1T30071, M1T30072, 6202074, 3110079J00; Startti,K\u00e4ynnistinmoottori<\/p>\n","protected":false},"excerpt":{"rendered":"<p>ALANKO Starttimoottori 11441222 Startti,K\u00e4ynnistinmoottori CHEVROLET,SAAB,SUZUKI,CRUZE J300,CRUZE Station Wagon J308,CRUZE Schr\u00e4gheck J305,MALIBU V300<\/p>\n","protected":false},"featured_media":0,"template":"","meta":{"site-sidebar-layout":"default","site-content-layout":"default","ast-global-header-display":"","ast-main-header-display":"","ast-hfb-above-header-display":"","ast-hfb-below-header-display":"","ast-hfb-mobile-header-display":"","site-post-title":"","ast-breadcrumbs-content":"","ast-featured-img":"","footer-sml-layout":"","theme-transparent-header-meta":"","adv-header-id-meta":"","stick-header-meta":"","header-above-stick-meta":"","header-main-stick-meta":"","header-below-stick-meta":""},"pwb-brand":[324],"product_cat":[295],"product_tag":[],"class_list":{"0":"post-56624","1":"product","2":"type-product","3":"status-publish","5":"pwb-brand-alanko","6":"product_cat-starttimoottori","7":"desktop-align-left","8":"tablet-align-left","9":"mobile-align-left","11":"first","12":"instock","13":"product-type-external"},"brands":[{"id":324,"name":"ALANKO","slug":"alanko"}],"_links":{"self":[{"href":"https:\/\/www.autonvaraosahaku.fi\/index.php?rest_route=\/wp\/v2\/product\/56624","targetHints":{"allow":["GET"]}}],"collection":[{"href":"https:\/\/www.autonvaraosahaku.fi\/index.php?rest_route=\/wp\/v2\/product"}],"about":[{"href":"https:\/\/www.autonvaraosahaku.fi\/index.php?rest_route=\/wp\/v2\/types\/product"}],"wp:attachment":[{"href":"https:\/\/www.autonvaraosahaku.fi\/index.php?rest_route=%2Fwp%2Fv2%2Fmedia&parent=56624"}],"wp:term":[{"taxonomy":"pwb-brand","embeddable":true,"href":"https:\/\/www.autonvaraosahaku.fi\/index.php?rest_route=%2Fwp%2Fv2%2Fpwb-brand&post=56624"},{"taxonomy":"product_cat","embeddable":true,"href":"https:\/\/www.autonvaraosahaku.fi\/index.php?rest_route=%2Fwp%2Fv2%2Fproduct_cat&post=56624"},{"taxonomy":"product_tag","embeddable":true,"href":"https:\/\/www.autonvaraosahaku.fi\/index.php?rest_route=%2Fwp%2Fv2%2Fproduct_tag&post=56624"}],"curies":[{"name":"wp","href":"https:\/\/api.w.org\/{rel}","templated":true}]}}