{"id":56625,"date":"2021-02-21T18:02:03","date_gmt":"2021-02-21T18:02:03","guid":{"rendered":"https:\/\/www.autonvaraosahaku.fi\/?product=ridex-2s0077-starttimoottori"},"modified":"2021-02-21T18:02:04","modified_gmt":"2021-02-21T18:02:04","slug":"ridex-2s0077-starttimoottori","status":"publish","type":"product","link":"https:\/\/www.autonvaraosahaku.fi\/?product=ridex-2s0077-starttimoottori","title":{"rendered":"RIDEX 2S0077 Starttimoottori"},"content":{"rendered":"<p>Pituus 1 (mm): 82,5; Pituus 2 (mm): 24; K\u00e4ynnistinmoottori teho (kW): 2; J\u00e4nnite (V): 12; Kiinnitysreikien lukum\u00e4\u00e4r\u00e4: 2; kierrereiki\u00e4 [kpl]: 2; Py\u00f6rimissuunta: Py\u00f6rimissuunta my\u00f6t\u00e4p\u00e4iv\u00e4\u00e4n; Valmistusvuoteen: 04\/2007; KIA: SPORTAGE JE_, KM_,CARENS II FJ,CARENS III UN,CARNIVAL \/ GRAND CARNIVAL III VQ,CERATO LD,MAGENTIS MG,CERATO Stufenheck LD; HYUNDAI: TUCSON JM,SANTA F\u00c9 I SM,SANTA F\u00c9 II CM,TRAJET FO,SONATA V NF,ELANTRA XD,ELANTRA Stufenheck XD,GRANDEUR TG; 3610027011, 3610027001, 3610027011; Startti,K\u00e4ynnistinmoottori<\/p>\n","protected":false},"excerpt":{"rendered":"<p>RIDEX Starttimoottori 2S0077 Startti,K\u00e4ynnistinmoottori KIA,HYUNDAI,SPORTAGE JE_, KM_,CARENS II FJ,CARENS III UN,CARNIVAL \/ GRAND CARNIVAL III VQ<\/p>\n","protected":false},"featured_media":0,"template":"","meta":{"site-sidebar-layout":"default","site-content-layout":"default","ast-global-header-display":"","ast-main-header-display":"","ast-hfb-above-header-display":"","ast-hfb-below-header-display":"","ast-hfb-mobile-header-display":"","site-post-title":"","ast-breadcrumbs-content":"","ast-featured-img":"","footer-sml-layout":"","theme-transparent-header-meta":"","adv-header-id-meta":"","stick-header-meta":"","header-above-stick-meta":"","header-main-stick-meta":"","header-below-stick-meta":""},"pwb-brand":[157],"product_cat":[295],"product_tag":[],"class_list":{"0":"post-56625","1":"product","2":"type-product","3":"status-publish","5":"pwb-brand-ridex","6":"product_cat-starttimoottori","7":"desktop-align-left","8":"tablet-align-left","9":"mobile-align-left","11":"first","12":"instock","13":"product-type-external"},"brands":[{"id":157,"name":"RIDEX","slug":"ridex"}],"_links":{"self":[{"href":"https:\/\/www.autonvaraosahaku.fi\/index.php?rest_route=\/wp\/v2\/product\/56625","targetHints":{"allow":["GET"]}}],"collection":[{"href":"https:\/\/www.autonvaraosahaku.fi\/index.php?rest_route=\/wp\/v2\/product"}],"about":[{"href":"https:\/\/www.autonvaraosahaku.fi\/index.php?rest_route=\/wp\/v2\/types\/product"}],"wp:attachment":[{"href":"https:\/\/www.autonvaraosahaku.fi\/index.php?rest_route=%2Fwp%2Fv2%2Fmedia&parent=56625"}],"wp:term":[{"taxonomy":"pwb-brand","embeddable":true,"href":"https:\/\/www.autonvaraosahaku.fi\/index.php?rest_route=%2Fwp%2Fv2%2Fpwb-brand&post=56625"},{"taxonomy":"product_cat","embeddable":true,"href":"https:\/\/www.autonvaraosahaku.fi\/index.php?rest_route=%2Fwp%2Fv2%2Fproduct_cat&post=56625"},{"taxonomy":"product_tag","embeddable":true,"href":"https:\/\/www.autonvaraosahaku.fi\/index.php?rest_route=%2Fwp%2Fv2%2Fproduct_tag&post=56625"}],"curies":[{"name":"wp","href":"https:\/\/api.w.org\/{rel}","templated":true}]}}