{"id":56649,"date":"2021-02-21T18:02:10","date_gmt":"2021-02-21T18:02:10","guid":{"rendered":"https:\/\/www.autonvaraosahaku.fi\/?product=ridex-78b0644-jarrusatula"},"modified":"2021-02-21T18:02:11","modified_gmt":"2021-02-21T18:02:11","slug":"ridex-78b0644-jarrusatula","status":"publish","type":"product","link":"https:\/\/www.autonvaraosahaku.fi\/?product=ridex-78b0644-jarrusatula","title":{"rendered":"RIDEX 78B0644 Jarrusatula"},"content":{"rendered":"<p>L\u00e4pimitta 1\/l\u00e4pimitta 2 [mm]: 38,0; Jarruj\u00e4rjestelm\u00e4: ATE; Jarrulevypaksuudelle [mm]: 9,6; Materiaali: Harmaa valurauta; Paino [kg]: 2,88; Asennuspuoli: Hinterachse; VOLVO: 940 II Kombi 945,940 Kombi 945,740 Kombi 745,960 II Kombi 965,740 744,940 944,760 704, 764,960 Kombi 965,760 Kombi 704, 765,940 II 944,960 964,780; 1330416, 13304167, 3530757, 35307578, 5003512, 50035120, 5003514, 50035146<\/p>\n","protected":false},"excerpt":{"rendered":"<p>RIDEX Jarrusatula 78B0644  VOLVO,940 II Kombi 945,940 Kombi 945,740 Kombi 745,960 II Kombi 965,740 744,940 944,760 704, 764,960 Kombi 965<\/p>\n","protected":false},"featured_media":0,"template":"","meta":{"site-sidebar-layout":"default","site-content-layout":"default","ast-global-header-display":"","ast-main-header-display":"","ast-hfb-above-header-display":"","ast-hfb-below-header-display":"","ast-hfb-mobile-header-display":"","site-post-title":"","ast-breadcrumbs-content":"","ast-featured-img":"","footer-sml-layout":"","theme-transparent-header-meta":"","adv-header-id-meta":"","stick-header-meta":"","header-above-stick-meta":"","header-main-stick-meta":"","header-below-stick-meta":""},"pwb-brand":[157],"product_cat":[177],"product_tag":[],"class_list":{"0":"post-56649","1":"product","2":"type-product","3":"status-publish","5":"pwb-brand-ridex","6":"product_cat-jarrusatula","7":"desktop-align-left","8":"tablet-align-left","9":"mobile-align-left","11":"first","12":"instock","13":"product-type-external"},"brands":[{"id":157,"name":"RIDEX","slug":"ridex"}],"_links":{"self":[{"href":"https:\/\/www.autonvaraosahaku.fi\/index.php?rest_route=\/wp\/v2\/product\/56649","targetHints":{"allow":["GET"]}}],"collection":[{"href":"https:\/\/www.autonvaraosahaku.fi\/index.php?rest_route=\/wp\/v2\/product"}],"about":[{"href":"https:\/\/www.autonvaraosahaku.fi\/index.php?rest_route=\/wp\/v2\/types\/product"}],"wp:attachment":[{"href":"https:\/\/www.autonvaraosahaku.fi\/index.php?rest_route=%2Fwp%2Fv2%2Fmedia&parent=56649"}],"wp:term":[{"taxonomy":"pwb-brand","embeddable":true,"href":"https:\/\/www.autonvaraosahaku.fi\/index.php?rest_route=%2Fwp%2Fv2%2Fpwb-brand&post=56649"},{"taxonomy":"product_cat","embeddable":true,"href":"https:\/\/www.autonvaraosahaku.fi\/index.php?rest_route=%2Fwp%2Fv2%2Fproduct_cat&post=56649"},{"taxonomy":"product_tag","embeddable":true,"href":"https:\/\/www.autonvaraosahaku.fi\/index.php?rest_route=%2Fwp%2Fv2%2Fproduct_tag&post=56649"}],"curies":[{"name":"wp","href":"https:\/\/api.w.org\/{rel}","templated":true}]}}