{"id":56671,"date":"2021-02-21T18:02:16","date_gmt":"2021-02-21T18:02:16","guid":{"rendered":"https:\/\/www.autonvaraosahaku.fi\/?product=maxgear-72-2922-iskunvaimentimen-suojakumi-pohjaanlyontikumi"},"modified":"2021-02-21T18:02:18","modified_gmt":"2021-02-21T18:02:18","slug":"maxgear-72-2922-iskunvaimentimen-suojakumi-pohjaanlyontikumi","status":"publish","type":"product","link":"https:\/\/www.autonvaraosahaku.fi\/?product=maxgear-72-2922-iskunvaimentimen-suojakumi-pohjaanlyontikumi","title":{"rendered":"MAXGEAR 72-2922 Iskunvaimentimen suojakumi &#038; pohjaanly\u00f6ntikumi"},"content":{"rendered":"<p>Asennuspuoli: Etuakseli, Etuakseli, Vorderachse; M\u00e4\u00e4r\u00e4yksikk\u00f6: Sarja; VW: SHARAN 7M8, 7M9, 7M6; SEAT: ALHAMBRA 7V8, 7V9; DAEWOO: MATIZ KLYA,LANOS KLAT,LANOS Stufenheck KLAT,NEXIA KLETN,ESPERO KLEJ,NEXIA Stufenheck KLETN; LADA: SAMARA 2108, 2109, 2115, 2113, 2114,SAMARA Stufenheck 21099, 2115; HYUNDAI: PONY X-2,S COUPE SLC,PONY \/ EXCEL Stufenheck X-2,PONY,PONY Stufenheck X-1,PONY Wagon; VOLVO: V70 II SW,V70 I LV,850 Kombi LW,C70 I Cabriolet,C70 I Coupe,850 LS,S70 LS; ROVER: 200 RF,200 Hatchback XW,200 Coupe XW,200 XH; SUZUKI: SWIFT III MZ, EZ,SWIFT II Schr\u00e4gheck EA, MA,SWIFT I AA,SWIFT Cabriolet SF413,SWIFT II Stufenheck AH, AJ; MERCEDES-BENZ: VITO Bus W639,VITO \/ MIXTO Kasten W639,VITO Bus 638,V-CLASS 638\/2,VITO Kasten 638; OPEL: ASTRA H Caravan L35,ASTRA G CC F48_, F08_,ASTRA H L48,ASTRA G Caravan F35_,ASTRA H GTC L08,ASTRA F CC 53_, 54_, 58_, 59_,VECTRA B Caravan 31_,ASTRA H TwinTop L67,ASTRA G Cabriolet F67,ASTRA F Caravan 51_, 52_,ASTRA G Coupe F07_,ASTRA G Stufenheck F69_,VECTRA B CC 38_,ASTRA F Cabriolet 53_B,ASTRA F 56_, 57_,KADETT E CC 33_, 34_, 43_, 44_,TIGRA 95_,KADETT C Coupe,KADETT B,MONZA A 22_,KADETT C,KADETT E Cabriolet 43B_,REKORD E 17_-19_, 11_, 14_, 16_,SENATOR B 29_,SENATOR A 29_,ASTRA F CLASSIC CC,KADETT D 31_-34_, 41_-44_,ASTRA F CLASSIC Stufenheck,ASTRA F CLASSIC Caravan,KADETT E 39_, 49_,KADETT B Coupe,REKORD D,COMMODORE A,ASTRA G Kasten F70,COMMODORE A Coupe,KADETT E Caravan 35_, 36_, 45_, 46_,KADETT C City,COMMODORE B Coupe,COMMODORE C 14_, 19_,COMMODORE B,ASTRA F Van 55_,REKORD E Caravan 61_, 66_, 67_,KADETT D 32_,37_,39, _42,REKORD D Coupe,KADETT C Caravan,KADETT B Caravan,KADETT D Caravan 35_, 36_, 45_, 46_,COMMODORE C Caravan 61,KADETT E Kasten 37_, 47_,REKO; 481570D010, 481570D020, 4815752010, 4833152010; P\u00f6lysuojasarja, Iskunvaimennin<\/p>\n","protected":false},"excerpt":{"rendered":"<p>MAXGEAR Iskunvaimentimen Suojakumi 72-2922 P\u00f6lysuojasarja, Iskunvaimennin VW,SEAT,DAEWOO,SHARAN 7M8, 7M9, 7M6,ALHAMBRA 7V8, 7V9,MATIZ KLYA,LANOS KLAT<\/p>\n","protected":false},"featured_media":0,"template":"","meta":{"site-sidebar-layout":"default","site-content-layout":"default","ast-global-header-display":"","ast-main-header-display":"","ast-hfb-above-header-display":"","ast-hfb-below-header-display":"","ast-hfb-mobile-header-display":"","site-post-title":"","ast-breadcrumbs-content":"","ast-featured-img":"","footer-sml-layout":"","theme-transparent-header-meta":"","adv-header-id-meta":"","stick-header-meta":"","header-above-stick-meta":"","header-main-stick-meta":"","header-below-stick-meta":""},"pwb-brand":[48],"product_cat":[92],"product_tag":[],"class_list":{"0":"post-56671","1":"product","2":"type-product","3":"status-publish","5":"pwb-brand-maxgear","6":"product_cat-iskunvaimentimen-suojakumi-pohjaanlyontikumi","7":"desktop-align-left","8":"tablet-align-left","9":"mobile-align-left","11":"first","12":"instock","13":"product-type-external"},"brands":[{"id":48,"name":"MAXGEAR","slug":"maxgear"}],"_links":{"self":[{"href":"https:\/\/www.autonvaraosahaku.fi\/index.php?rest_route=\/wp\/v2\/product\/56671","targetHints":{"allow":["GET"]}}],"collection":[{"href":"https:\/\/www.autonvaraosahaku.fi\/index.php?rest_route=\/wp\/v2\/product"}],"about":[{"href":"https:\/\/www.autonvaraosahaku.fi\/index.php?rest_route=\/wp\/v2\/types\/product"}],"wp:attachment":[{"href":"https:\/\/www.autonvaraosahaku.fi\/index.php?rest_route=%2Fwp%2Fv2%2Fmedia&parent=56671"}],"wp:term":[{"taxonomy":"pwb-brand","embeddable":true,"href":"https:\/\/www.autonvaraosahaku.fi\/index.php?rest_route=%2Fwp%2Fv2%2Fpwb-brand&post=56671"},{"taxonomy":"product_cat","embeddable":true,"href":"https:\/\/www.autonvaraosahaku.fi\/index.php?rest_route=%2Fwp%2Fv2%2Fproduct_cat&post=56671"},{"taxonomy":"product_tag","embeddable":true,"href":"https:\/\/www.autonvaraosahaku.fi\/index.php?rest_route=%2Fwp%2Fv2%2Fproduct_tag&post=56671"}],"curies":[{"name":"wp","href":"https:\/\/api.w.org\/{rel}","templated":true}]}}