{"id":56698,"date":"2021-02-21T18:02:22","date_gmt":"2021-02-21T18:02:22","guid":{"rendered":"https:\/\/www.autonvaraosahaku.fi\/?product=ridex-4g0087-laturi"},"modified":"2021-02-21T18:02:26","modified_gmt":"2021-02-21T18:02:26","slug":"ridex-4g0087-laturi","status":"publish","type":"product","link":"https:\/\/www.autonvaraosahaku.fi\/?product=ridex-4g0087-laturi","title":{"rendered":"RIDEX 4G0087 Laturi"},"content":{"rendered":"<p>J\u00e4nnite (V): 12; Laturi varausvirta (A): 170; Pistokemallin tunnus: COM; kiiloja: 6; Hihnapy\u00f6r\u00e4-\u00d8[mm]: 53; Py\u00f6rimissuunta: Py\u00f6rimissuunta my\u00f6t\u00e4p\u00e4iv\u00e4\u00e4n; M\u00e4\u00e4r\u00e4yksikk\u00f6: Kappale; Kiinnitysreikien lukum\u00e4\u00e4r\u00e4: 3; BMW: 3 E90,5 E60,5 Touring E61,3 Coupe E92,3 Cabriolet E93,7 E65, E66, E67,6 E63,6 Cabriolet E64,6 Gran Coupe F06,6 Coupe F13,6 Cabriolet F12; 12317788821, 12317789981, 12317789984, 12317797521, 12317797522, 12317799204, 12317802929, 12317834160, 12318517261, 7792072, 7792072AI01, 7797521, 7834160, 7792072, 7792072AI01; Generaattori<\/p>\n","protected":false},"excerpt":{"rendered":"<p>RIDEX Laturi 4G0087 Generaattori BMW,3 E90,5 E60,5 Touring E61,3 Coupe E92,3 Cabriolet E93,7 E65, E66, E67,6 E63,6 Cabriolet E64,6 Gran Coupe F06<\/p>\n","protected":false},"featured_media":0,"template":"","meta":{"site-sidebar-layout":"default","site-content-layout":"default","ast-global-header-display":"","ast-main-header-display":"","ast-hfb-above-header-display":"","ast-hfb-below-header-display":"","ast-hfb-mobile-header-display":"","site-post-title":"","ast-breadcrumbs-content":"","ast-featured-img":"","footer-sml-layout":"","theme-transparent-header-meta":"","adv-header-id-meta":"","stick-header-meta":"","header-above-stick-meta":"","header-main-stick-meta":"","header-below-stick-meta":""},"pwb-brand":[157],"product_cat":[357],"product_tag":[],"class_list":{"0":"post-56698","1":"product","2":"type-product","3":"status-publish","5":"pwb-brand-ridex","6":"product_cat-laturi","7":"desktop-align-left","8":"tablet-align-left","9":"mobile-align-left","11":"first","12":"instock","13":"product-type-external"},"brands":[{"id":157,"name":"RIDEX","slug":"ridex"}],"_links":{"self":[{"href":"https:\/\/www.autonvaraosahaku.fi\/index.php?rest_route=\/wp\/v2\/product\/56698","targetHints":{"allow":["GET"]}}],"collection":[{"href":"https:\/\/www.autonvaraosahaku.fi\/index.php?rest_route=\/wp\/v2\/product"}],"about":[{"href":"https:\/\/www.autonvaraosahaku.fi\/index.php?rest_route=\/wp\/v2\/types\/product"}],"wp:attachment":[{"href":"https:\/\/www.autonvaraosahaku.fi\/index.php?rest_route=%2Fwp%2Fv2%2Fmedia&parent=56698"}],"wp:term":[{"taxonomy":"pwb-brand","embeddable":true,"href":"https:\/\/www.autonvaraosahaku.fi\/index.php?rest_route=%2Fwp%2Fv2%2Fpwb-brand&post=56698"},{"taxonomy":"product_cat","embeddable":true,"href":"https:\/\/www.autonvaraosahaku.fi\/index.php?rest_route=%2Fwp%2Fv2%2Fproduct_cat&post=56698"},{"taxonomy":"product_tag","embeddable":true,"href":"https:\/\/www.autonvaraosahaku.fi\/index.php?rest_route=%2Fwp%2Fv2%2Fproduct_tag&post=56698"}],"curies":[{"name":"wp","href":"https:\/\/api.w.org\/{rel}","templated":true}]}}