{"id":56705,"date":"2021-02-21T18:02:28","date_gmt":"2021-02-21T18:02:28","guid":{"rendered":"https:\/\/www.autonvaraosahaku.fi\/?product=valeo-818561-valijaahdytin"},"modified":"2021-02-21T18:02:29","modified_gmt":"2021-02-21T18:02:29","slug":"valeo-818561-valijaahdytin","status":"publish","type":"product","link":"https:\/\/www.autonvaraosahaku.fi\/?product=valeo-818561-valijaahdytin","title":{"rendered":"VALEO 818561 V\u00e4lij\u00e4\u00e4hdytin"},"content":{"rendered":"<p>J\u00e4\u00e4hdytinverkon syvyys [mm]: 50; J\u00e4\u00e4hdytinverkon pituus [mm]: 172; Korkeus (mm): 731; Sis\u00e4\u00e4ntulol\u00e4pimitta [mm]: 61; Ulostulon l\u00e4pimitta [mm]: 61; J\u00e4\u00e4hdytystapa: Ilmaj\u00e4\u00e4hdytteinen; Korvaava tuote\/korvaava tiedote 2: ilman EGR-venttiili\u00e4; Paino [kg]: 4,57; Valmistusvuoteen: 05\/2015; OPEL: MOVANO B Kasten,MOVANO B Bus,MOVANO B Pritsche\/Fahrgestell; RENAULT: MASTER III Kasten FV,MASTER III Bus JV,MASTER III Pritsche\/Fahrgestell EV, HV, UV; VAUXHALL: MOVANO Mk II B VAN,MOVANO Mk II B Chassis\/Cab; 4420575, 144960015R, 93168279<\/p>\n","protected":false},"excerpt":{"rendered":"<p>VALEO V\u00e4lij\u00e4\u00e4hdytin 818561  OPEL,RENAULT,VAUXHALL,MOVANO B Kasten,MOVANO B Bus,MOVANO B Pritsche\/Fahrgestell,MASTER III Kasten FV,MASTER III Bus JV<\/p>\n","protected":false},"featured_media":0,"template":"","meta":{"site-sidebar-layout":"default","site-content-layout":"default","ast-global-header-display":"","ast-main-header-display":"","ast-hfb-above-header-display":"","ast-hfb-below-header-display":"","ast-hfb-mobile-header-display":"","site-post-title":"","ast-breadcrumbs-content":"","ast-featured-img":"","footer-sml-layout":"","theme-transparent-header-meta":"","adv-header-id-meta":"","stick-header-meta":"","header-above-stick-meta":"","header-main-stick-meta":"","header-below-stick-meta":""},"pwb-brand":[28],"product_cat":[234],"product_tag":[],"class_list":{"0":"post-56705","1":"product","2":"type-product","3":"status-publish","5":"pwb-brand-valeo","6":"product_cat-valijaahdytin","7":"desktop-align-left","8":"tablet-align-left","9":"mobile-align-left","11":"first","12":"instock","13":"product-type-external"},"brands":[{"id":28,"name":"VALEO","slug":"valeo"}],"_links":{"self":[{"href":"https:\/\/www.autonvaraosahaku.fi\/index.php?rest_route=\/wp\/v2\/product\/56705","targetHints":{"allow":["GET"]}}],"collection":[{"href":"https:\/\/www.autonvaraosahaku.fi\/index.php?rest_route=\/wp\/v2\/product"}],"about":[{"href":"https:\/\/www.autonvaraosahaku.fi\/index.php?rest_route=\/wp\/v2\/types\/product"}],"wp:attachment":[{"href":"https:\/\/www.autonvaraosahaku.fi\/index.php?rest_route=%2Fwp%2Fv2%2Fmedia&parent=56705"}],"wp:term":[{"taxonomy":"pwb-brand","embeddable":true,"href":"https:\/\/www.autonvaraosahaku.fi\/index.php?rest_route=%2Fwp%2Fv2%2Fpwb-brand&post=56705"},{"taxonomy":"product_cat","embeddable":true,"href":"https:\/\/www.autonvaraosahaku.fi\/index.php?rest_route=%2Fwp%2Fv2%2Fproduct_cat&post=56705"},{"taxonomy":"product_tag","embeddable":true,"href":"https:\/\/www.autonvaraosahaku.fi\/index.php?rest_route=%2Fwp%2Fv2%2Fproduct_tag&post=56705"}],"curies":[{"name":"wp","href":"https:\/\/api.w.org\/{rel}","templated":true}]}}