{"id":56740,"date":"2021-02-21T18:02:34","date_gmt":"2021-02-21T18:02:34","guid":{"rendered":"https:\/\/www.autonvaraosahaku.fi\/?product=ridex-2s0118-starttimoottori"},"modified":"2021-02-21T18:02:39","modified_gmt":"2021-02-21T18:02:39","slug":"ridex-2s0118-starttimoottori","status":"publish","type":"product","link":"https:\/\/www.autonvaraosahaku.fi\/?product=ridex-2s0118-starttimoottori","title":{"rendered":"RIDEX 2S0118 Starttimoottori"},"content":{"rendered":"<p>J\u00e4nnite (V): 12; K\u00e4ynnistinmoottori teho (kW): 2,2; Hammasluku: 11; Reikien m\u00e4\u00e4r\u00e4: 2; kierrereiki\u00e4 [kpl]: 2; Py\u00f6rimissuunta: Py\u00f6rimissuunta my\u00f6t\u00e4p\u00e4iv\u00e4\u00e4n; Asento \/ aste: R 32; Liitin: NO; Paino [kg]: 4,07; Valmistusvuosi alkaen: 12\/1983; DAEWOO: MUSSO FJ,KORANDO KJ,KORANDO Cabrio KJ; MERCEDES-BENZ: C-CLASS W203,E-CLASS W211,C-CLASS W204,C-CLASS T-Model S204,C-CLASS T-Model S203,C-CLASS W202,E-CLASS T-Model S211,190 W201,E-CLASS W210,VIANO W639,C-CLASS Coupe CL203,Stufenheck W124,E-CLASS Kombi S210,VITO Bus W639,SL R129,CLK C209,SL R107,C-CLASS Kombi S202,S-CLASS W220,VITO \/ MIXTO Kasten W639,SPRINTER 3,5-t Kasten 906,S-CLASS W126,KOMBI Kombi S124,E-CLASS W124,G-CLASS W463,VITO Bus 638,COUPE C124,S-CLASS W140,E-CLASS Kombi S124,SPRINTER 3-t Kasten 903,SPRINTER 3,5-t Bus 906,SPRINTER 2-t Bus 901, 902,SPRINTER 3-t Kasten 906,V-CLASS 638\/2,CLC-CLASS CL203,SPRINTER 2-t Kasten 901, 902,SPRINTER 3-t Bus 903,SPRINTER 3,5-t Pritsche\/Fahrgestell 906,SPRINTER 3-t Pritsche\/Fahrgestell 903,VITO Kasten 638,SPRINTER 3-t Bus 906,SPRINTER 4-t Pritsche\/Fahrgestell 904,T2\/LN1 Kasten\/Kombi,VARIO Kasten\/Kombi,SPRINTER 2-t Pritsche\/Fahrgestell 901, 902,SPRINTER 5-t Kasten 906,SPRINTER 5-t Pritsche\/Fahrgestell 906,VARIO Pritsche\/Fahrgestell,SPRINTER 4-t Kasten 904,CABRIOLET A12,UNIMOG; SSANGYONG: REXTON GAB_,KYRON,MUSSO FJ,RODIUS,ACTYON SPORTS I QJ,ACTYON I,KORANDO KJ,MUSSO SPORTS,KORANDO Cabrio KJ; SCANIA: 2 &#8211; series,3 &#8211; series,3 &#8211; series bus; SM2611, 0031512901, 0031515001, 0031519801, 0041513501, 0041514401, 0041515601, 0041516301, 004151630180, 0041516701, 004151670180, 0041517101, 0041517901, 0041518901, 0041519201, 0041519701, 004151970180, 0051511301, 005151130180, 005151130187, 0051512901, 0051516601, 005151660180, 005151660187, 0061512501, 0061513201, 0061517401, 31515001, 41516301, 4151630180, 41516701, 4151670180, 41517101, 41517901, 41518901, 4151890180, 41519201, 41519701, 4151970180, 51511301, 5151130180, 5151130187, 51512901, 51516601, 5151660180, 5151660187, 61512501, 61517401, 6469060000, A0031512901, A0031519801, A0041513501, A0041514401, A0041515601, A0041516301, A004151630180, A0041516701, A0041517101, A0041517901, A004151790180, A0041518901, A0041519201, A0041519701, A0051511301, A005151130180, A005151130187, A0051516601, A6611513501, 120205A, 0041517901, 41517901, 6611513101, 6611513201, 6611513401, 6611513501, 6611513701, 6611513801, 6611513901, 6611514101; Startti,K\u00e4ynnistinmoottori<\/p>\n","protected":false},"excerpt":{"rendered":"<p>RIDEX Starttimoottori 2S0118 Startti,K\u00e4ynnistinmoottori DAEWOO,MERCEDES-BENZ,SSANGYONG,MUSSO FJ,KORANDO KJ,KORANDO Cabrio KJ,C-CLASS W203,E-CLASS W211<\/p>\n","protected":false},"featured_media":0,"template":"","meta":{"site-sidebar-layout":"default","site-content-layout":"default","ast-global-header-display":"","ast-main-header-display":"","ast-hfb-above-header-display":"","ast-hfb-below-header-display":"","ast-hfb-mobile-header-display":"","site-post-title":"","ast-breadcrumbs-content":"","ast-featured-img":"","footer-sml-layout":"","theme-transparent-header-meta":"","adv-header-id-meta":"","stick-header-meta":"","header-above-stick-meta":"","header-main-stick-meta":"","header-below-stick-meta":""},"pwb-brand":[157],"product_cat":[295],"product_tag":[],"class_list":{"0":"post-56740","1":"product","2":"type-product","3":"status-publish","5":"pwb-brand-ridex","6":"product_cat-starttimoottori","7":"desktop-align-left","8":"tablet-align-left","9":"mobile-align-left","11":"first","12":"instock","13":"product-type-external"},"brands":[{"id":157,"name":"RIDEX","slug":"ridex"}],"_links":{"self":[{"href":"https:\/\/www.autonvaraosahaku.fi\/index.php?rest_route=\/wp\/v2\/product\/56740","targetHints":{"allow":["GET"]}}],"collection":[{"href":"https:\/\/www.autonvaraosahaku.fi\/index.php?rest_route=\/wp\/v2\/product"}],"about":[{"href":"https:\/\/www.autonvaraosahaku.fi\/index.php?rest_route=\/wp\/v2\/types\/product"}],"wp:attachment":[{"href":"https:\/\/www.autonvaraosahaku.fi\/index.php?rest_route=%2Fwp%2Fv2%2Fmedia&parent=56740"}],"wp:term":[{"taxonomy":"pwb-brand","embeddable":true,"href":"https:\/\/www.autonvaraosahaku.fi\/index.php?rest_route=%2Fwp%2Fv2%2Fpwb-brand&post=56740"},{"taxonomy":"product_cat","embeddable":true,"href":"https:\/\/www.autonvaraosahaku.fi\/index.php?rest_route=%2Fwp%2Fv2%2Fproduct_cat&post=56740"},{"taxonomy":"product_tag","embeddable":true,"href":"https:\/\/www.autonvaraosahaku.fi\/index.php?rest_route=%2Fwp%2Fv2%2Fproduct_tag&post=56740"}],"curies":[{"name":"wp","href":"https:\/\/api.w.org\/{rel}","templated":true}]}}