{"id":56757,"date":"2021-02-21T18:02:40","date_gmt":"2021-02-21T18:02:40","guid":{"rendered":"https:\/\/www.autonvaraosahaku.fi\/?product=ridex-2067r0005-muut-luokat"},"modified":"2021-02-21T18:02:44","modified_gmt":"2021-02-21T18:02:44","slug":"ridex-2067r0005-muut-luokat","status":"publish","type":"product","link":"https:\/\/www.autonvaraosahaku.fi\/?product=ridex-2067r0005-muut-luokat","title":{"rendered":"RIDEX 2067R0005 Muut luokat"},"content":{"rendered":"<p>M\u00e4\u00e4r\u00e4yksikk\u00f6: Sarja; Asennuspuoli: Etuakseli, vasen, Etuakseli, oikea; Ulkokierre [mm]: M10 x 1,5; Pituus (mm): 300; Tarvittava kappalem\u00e4\u00e4r\u00e4: 1; Tanko \/ tuki: Yhdystanko; M\u00e4\u00e4r\u00e4: 2, 2; ABARTH: PUNTO 199_,PUNTO EVO 199_; SUZUKI: SWIFT III MZ, EZ; OPEL: CORSA D,CORSA D Van,CORSA C Kasten F08, W5L; VOLVO: V70 I LV,850 Kombi LW,XC70 CROSS COUNTRY,C70 I Cabriolet,C70 I Coupe,850 LS,S70 LS; ALFA ROMEO: GIULIETTA 940,MITO 955,145 930,155 167,146 930; FIAT: GRANDE PUNTO 199,PUNTO EVO 199,PUNTO 199,500L,PUNTO Van 199,GRANDE PUNTO Van 199_,PUNTO EVO Van 199_; CITRO\u00cbN: BERLINGO MF,XSARA PICASSO N68,BERLINGO B9,BERLINGO Kasten M_,XSARA N1,XSARA Break N2,BERLINGO Kasten B9,XSARA Coupe N0,ZX N2,ZX Break N2,XSARA Kasten,XSARA Kasten\/Schr\u00e4gheck; PEUGEOT: 306 Schr\u00e4gheck 7A, 7C, N3, N5,306 Cabriolet 7D, N3, N5,PARTNER Combispace 5F,PARTNER Kasten 5,306 Break 7E, N3, N5,306 7B, N3, N5,306 Van N_, 7_,PARTNER Pritsche\/Fahrgestell,306 Kasten\/Schr\u00e4gheck; VAUXHALL: CORSA Mk III D L_8,CORSAVAN Mk III D; 50515276, 55700753, 50515276, 55700753, 0350616, 350175, 350616, 13321280, 55700753<\/p>\n","protected":false},"excerpt":{"rendered":"<p>RIDEX Korjaussarja, Vakaaja 2067R0005  ABARTH,SUZUKI,OPEL,PUNTO 199_,PUNTO EVO 199_,SWIFT III MZ, EZ,CORSA D,CORSA D Van,CORSA C Kasten F08, W5L<\/p>\n","protected":false},"featured_media":0,"template":"","meta":{"site-sidebar-layout":"default","site-content-layout":"default","ast-global-header-display":"","ast-main-header-display":"","ast-hfb-above-header-display":"","ast-hfb-below-header-display":"","ast-hfb-mobile-header-display":"","site-post-title":"","ast-breadcrumbs-content":"","ast-featured-img":"","footer-sml-layout":"","theme-transparent-header-meta":"","adv-header-id-meta":"","stick-header-meta":"","header-above-stick-meta":"","header-main-stick-meta":"","header-below-stick-meta":""},"pwb-brand":[157],"product_cat":[37],"product_tag":[],"class_list":{"0":"post-56757","1":"product","2":"type-product","3":"status-publish","5":"pwb-brand-ridex","6":"product_cat-muut-luokat","7":"desktop-align-left","8":"tablet-align-left","9":"mobile-align-left","11":"first","12":"instock","13":"product-type-external"},"brands":[{"id":157,"name":"RIDEX","slug":"ridex"}],"_links":{"self":[{"href":"https:\/\/www.autonvaraosahaku.fi\/index.php?rest_route=\/wp\/v2\/product\/56757","targetHints":{"allow":["GET"]}}],"collection":[{"href":"https:\/\/www.autonvaraosahaku.fi\/index.php?rest_route=\/wp\/v2\/product"}],"about":[{"href":"https:\/\/www.autonvaraosahaku.fi\/index.php?rest_route=\/wp\/v2\/types\/product"}],"wp:attachment":[{"href":"https:\/\/www.autonvaraosahaku.fi\/index.php?rest_route=%2Fwp%2Fv2%2Fmedia&parent=56757"}],"wp:term":[{"taxonomy":"pwb-brand","embeddable":true,"href":"https:\/\/www.autonvaraosahaku.fi\/index.php?rest_route=%2Fwp%2Fv2%2Fpwb-brand&post=56757"},{"taxonomy":"product_cat","embeddable":true,"href":"https:\/\/www.autonvaraosahaku.fi\/index.php?rest_route=%2Fwp%2Fv2%2Fproduct_cat&post=56757"},{"taxonomy":"product_tag","embeddable":true,"href":"https:\/\/www.autonvaraosahaku.fi\/index.php?rest_route=%2Fwp%2Fv2%2Fproduct_tag&post=56757"}],"curies":[{"name":"wp","href":"https:\/\/api.w.org\/{rel}","templated":true}]}}