{"id":56758,"date":"2021-02-21T18:02:40","date_gmt":"2021-02-21T18:02:40","guid":{"rendered":"https:\/\/www.autonvaraosahaku.fi\/?product=topran-116-175-ajovalon-saatomoottori"},"modified":"2021-02-21T18:02:44","modified_gmt":"2021-02-21T18:02:44","slug":"topran-116-175-ajovalon-saatomoottori","status":"publish","type":"product","link":"https:\/\/www.autonvaraosahaku.fi\/?product=topran-116-175-ajovalon-saatomoottori","title":{"rendered":"TOPRAN 116 175 Ajovalon s\u00e4\u00e4t\u00f6moottori"},"content":{"rendered":"<p>K\u00e4ytt\u00f6: S\u00e4hk\u00f6inen; Asennuspuoli: Molemminpuolin; Varusteet: Autoihin, joissa ajovalo korkeudens\u00e4\u00e4t\u00f6, autoihin, joissa ei LED-ajovaloja; Lyhdyn muoto: Halogeeni; Kotelomateriaali: Muovi; Napojen m\u00e4\u00e4r\u00e4: 3; Muotoilu: f\u00fcr Doppelscheinwerfer; VW: GOLF V 1K1,POLO 9N_,TOURAN 1T1, 1T2,SHARAN 7M8, 7M9, 7M6,CADDY III Kombi 2KB, 2KJ, 2CB, 2CJ,TRANSPORTER V Bus 7HB, 7HJ, 7EB, 7EJ, 7EF,CADDY III Kasten 2KA, 2KH, 2CA, 2CH,TRANSPORTER V Kasten 7HA, 7HH, 7EA, 7EH,PASSAT CC 357,NEW BEETLE 9C1, 1C1,SHARAN 7N1, 7N2,NEW BEETLE Cabriolet 1Y7,POLO Stufenheck,TRANSPORTER V Pritsche\/Fahrgestell 7JD, 7JE, 7JL, 7JY, 7JZ,,POLO Stufenheck 9A4,TIGUAN AD1,TIGUAN ALLSPACE BW2; AUDI: A4 Avant 8K5, B8,A3 8P1,A4 Avant 8ED, B7,A4 8K2, B8,A5 8T3,A5 Sportback 8TA,A4 8EC, B7,TT 8J3,A8 4D2, 4D8,TT Roadster 8J9; SKODA: OCTAVIA Combi 1U5,OCTAVIA Combi 5E5,YETI 5L,OCTAVIA 1U2,OCTAVIA 5E3; SEAT: ALHAMBRA 7V8, 7V9,ALHAMBRA 710, 711; FORD: GALAXY WGR; FIAT: STILO 192,STILO Multi Wagon 192; ALFA ROMEO: 147 937; 77362094, 9948397, 1J0941295A, 1U0941295A, 77362094, 9948397, 1041664, 95VW13K193CA, 1J0941295A, 1U0941295A, 1J0941295A, 1U0941295A, 1J0941295A, 1U0941295A; Valojen Korkeudens\u00e4\u00e4t\u00f6,S\u00e4\u00e4t\u00f6elementti, Ajovalojen Korkeudens\u00e4\u00e4t\u00f6<\/p>\n","protected":false},"excerpt":{"rendered":"<p>TOPRAN Ajovalon S\u00e4\u00e4t\u00f6moottori 116 175 Valojen Korkeudens\u00e4\u00e4t\u00f6,S\u00e4\u00e4t\u00f6elementti, Ajovalojen Korkeudens\u00e4\u00e4t\u00f6 VW,AUDI,SKODA,GOLF V 1K1,POLO 9N_<\/p>\n","protected":false},"featured_media":0,"template":"","meta":{"site-sidebar-layout":"default","site-content-layout":"default","ast-global-header-display":"","ast-main-header-display":"","ast-hfb-above-header-display":"","ast-hfb-below-header-display":"","ast-hfb-mobile-header-display":"","site-post-title":"","ast-breadcrumbs-content":"","ast-featured-img":"","footer-sml-layout":"","theme-transparent-header-meta":"","adv-header-id-meta":"","stick-header-meta":"","header-above-stick-meta":"","header-main-stick-meta":"","header-below-stick-meta":""},"pwb-brand":[18],"product_cat":[299],"product_tag":[],"class_list":{"0":"post-56758","1":"product","2":"type-product","3":"status-publish","5":"pwb-brand-topran","6":"product_cat-ajovalon-saatomoottori","7":"desktop-align-left","8":"tablet-align-left","9":"mobile-align-left","11":"first","12":"instock","13":"product-type-external"},"brands":[{"id":18,"name":"TOPRAN","slug":"topran"}],"_links":{"self":[{"href":"https:\/\/www.autonvaraosahaku.fi\/index.php?rest_route=\/wp\/v2\/product\/56758","targetHints":{"allow":["GET"]}}],"collection":[{"href":"https:\/\/www.autonvaraosahaku.fi\/index.php?rest_route=\/wp\/v2\/product"}],"about":[{"href":"https:\/\/www.autonvaraosahaku.fi\/index.php?rest_route=\/wp\/v2\/types\/product"}],"wp:attachment":[{"href":"https:\/\/www.autonvaraosahaku.fi\/index.php?rest_route=%2Fwp%2Fv2%2Fmedia&parent=56758"}],"wp:term":[{"taxonomy":"pwb-brand","embeddable":true,"href":"https:\/\/www.autonvaraosahaku.fi\/index.php?rest_route=%2Fwp%2Fv2%2Fpwb-brand&post=56758"},{"taxonomy":"product_cat","embeddable":true,"href":"https:\/\/www.autonvaraosahaku.fi\/index.php?rest_route=%2Fwp%2Fv2%2Fproduct_cat&post=56758"},{"taxonomy":"product_tag","embeddable":true,"href":"https:\/\/www.autonvaraosahaku.fi\/index.php?rest_route=%2Fwp%2Fv2%2Fproduct_tag&post=56758"}],"curies":[{"name":"wp","href":"https:\/\/api.w.org\/{rel}","templated":true}]}}