{"id":56762,"date":"2021-02-21T18:02:46","date_gmt":"2021-02-21T18:02:46","guid":{"rendered":"https:\/\/www.autonvaraosahaku.fi\/?product=ridex-2s0021-starttimoottori"},"modified":"2021-02-21T18:02:46","modified_gmt":"2021-02-21T18:02:46","slug":"ridex-2s0021-starttimoottori","status":"publish","type":"product","link":"https:\/\/www.autonvaraosahaku.fi\/?product=ridex-2s0021-starttimoottori","title":{"rendered":"RIDEX 2S0021 Starttimoottori"},"content":{"rendered":"<p>J\u00e4nnite (V): 12; K\u00e4ynnistinmoottori teho (kW): 2,2; Hammasluku: 10; Kiinnitysreikien lukum\u00e4\u00e4r\u00e4: 2; kierrereiki\u00e4 [kpl]: 0; Laippa \u00d8(mm): 76; Pistokemalli: Lattapistoke; Pistokemallin tunnus: Plug 156, Plug; Pituus 1 (mm): 195; Pituus 2 (mm): 62; Liitin: M8; Py\u00f6rimissuunta: Py\u00f6rimissuunta vastap\u00e4iv\u00e4\u00e4n; Nettopaino [kg]: 4,1; VW: TRANSPORTER V Bus 7HB, 7HJ, 7EB, 7EJ, 7EF,MULTIVAN V 7HM, 7HN, 7HF, 7EF, 7EM, 7EN,TRANSPORTER V Kasten 7HA, 7HH, 7EA, 7EH,TRANSPORTER V Pritsche\/Fahrgestell 7JD, 7JE, 7JL, 7JY, 7JZ,; Startti,K\u00e4ynnistinmoottori<\/p>\n","protected":false},"excerpt":{"rendered":"<p>RIDEX Starttimoottori 2S0021 Startti,K\u00e4ynnistinmoottori VW,TRANSPORTER V Bus 7HB, 7HJ, 7EB, 7EJ, 7EF,MULTIVAN V 7HM, 7HN, 7HF, 7EF, 7EM, 7EN<\/p>\n","protected":false},"featured_media":0,"template":"","meta":{"site-sidebar-layout":"default","site-content-layout":"default","ast-global-header-display":"","ast-main-header-display":"","ast-hfb-above-header-display":"","ast-hfb-below-header-display":"","ast-hfb-mobile-header-display":"","site-post-title":"","ast-breadcrumbs-content":"","ast-featured-img":"","footer-sml-layout":"","theme-transparent-header-meta":"","adv-header-id-meta":"","stick-header-meta":"","header-above-stick-meta":"","header-main-stick-meta":"","header-below-stick-meta":""},"pwb-brand":[157],"product_cat":[295],"product_tag":[],"class_list":{"0":"post-56762","1":"product","2":"type-product","3":"status-publish","5":"pwb-brand-ridex","6":"product_cat-starttimoottori","7":"desktop-align-left","8":"tablet-align-left","9":"mobile-align-left","11":"first","12":"instock","13":"product-type-external"},"brands":[{"id":157,"name":"RIDEX","slug":"ridex"}],"_links":{"self":[{"href":"https:\/\/www.autonvaraosahaku.fi\/index.php?rest_route=\/wp\/v2\/product\/56762","targetHints":{"allow":["GET"]}}],"collection":[{"href":"https:\/\/www.autonvaraosahaku.fi\/index.php?rest_route=\/wp\/v2\/product"}],"about":[{"href":"https:\/\/www.autonvaraosahaku.fi\/index.php?rest_route=\/wp\/v2\/types\/product"}],"wp:attachment":[{"href":"https:\/\/www.autonvaraosahaku.fi\/index.php?rest_route=%2Fwp%2Fv2%2Fmedia&parent=56762"}],"wp:term":[{"taxonomy":"pwb-brand","embeddable":true,"href":"https:\/\/www.autonvaraosahaku.fi\/index.php?rest_route=%2Fwp%2Fv2%2Fpwb-brand&post=56762"},{"taxonomy":"product_cat","embeddable":true,"href":"https:\/\/www.autonvaraosahaku.fi\/index.php?rest_route=%2Fwp%2Fv2%2Fproduct_cat&post=56762"},{"taxonomy":"product_tag","embeddable":true,"href":"https:\/\/www.autonvaraosahaku.fi\/index.php?rest_route=%2Fwp%2Fv2%2Fproduct_tag&post=56762"}],"curies":[{"name":"wp","href":"https:\/\/api.w.org\/{rel}","templated":true}]}}