{"id":56829,"date":"2021-02-21T18:03:04","date_gmt":"2021-02-21T18:03:04","guid":{"rendered":"https:\/\/www.autonvaraosahaku.fi\/?product=powerflex-pfr5-4610-taka-akselin-puslat"},"modified":"2021-02-21T18:03:05","modified_gmt":"2021-02-21T18:03:05","slug":"powerflex-pfr5-4610-taka-akselin-puslat","status":"publish","type":"product","link":"https:\/\/www.autonvaraosahaku.fi\/?product=powerflex-pfr5-4610-taka-akselin-puslat","title":{"rendered":"Powerflex PFR5-4610 Taka-akselin puslat"},"content":{"rendered":"<p>Materiaali: PU (polyuretaani); Kiinnitysmalli: Kumimetallilaakeri; Asennuspuoli: Taka-akseli, molemminpuolinen, Asennus eteen; M\u00e4\u00e4r\u00e4yksikk\u00f6: Kappale; Tarvittava kappalem\u00e4\u00e4r\u00e4: 2; Versio: Road Series; BMW: 3 E46,3 Touring E46,X3 E83,3 Compact E46,3 Coupe E46,3 Cabriolet E46,Z4 E85,Z4 E89,Z4 Coupe E86; 33316770783 , 33316770784, 33316770815, 33316770816 ; Apurungon Puslat,Akselinripustus<\/p>\n","protected":false},"excerpt":{"rendered":"<p>Powerflex Taka-akselin Puslat PFR5-4610 Apurungon Puslat,Akselinripustus BMW,3 E46,3 Touring E46,X3 E83,3 Compact E46,3 Coupe E46,3 Cabriolet E46<\/p>\n","protected":false},"featured_media":0,"template":"","meta":{"site-sidebar-layout":"default","site-content-layout":"default","ast-global-header-display":"","ast-main-header-display":"","ast-hfb-above-header-display":"","ast-hfb-below-header-display":"","ast-hfb-mobile-header-display":"","site-post-title":"","ast-breadcrumbs-content":"","ast-featured-img":"","footer-sml-layout":"","theme-transparent-header-meta":"","adv-header-id-meta":"","stick-header-meta":"","header-above-stick-meta":"","header-main-stick-meta":"","header-below-stick-meta":""},"pwb-brand":[268],"product_cat":[156],"product_tag":[],"class_list":{"0":"post-56829","1":"product","2":"type-product","3":"status-publish","5":"pwb-brand-powerflex","6":"product_cat-taka-akselin-puslat","7":"desktop-align-left","8":"tablet-align-left","9":"mobile-align-left","11":"first","12":"instock","13":"product-type-external"},"brands":[{"id":268,"name":"Powerflex","slug":"powerflex"}],"_links":{"self":[{"href":"https:\/\/www.autonvaraosahaku.fi\/index.php?rest_route=\/wp\/v2\/product\/56829","targetHints":{"allow":["GET"]}}],"collection":[{"href":"https:\/\/www.autonvaraosahaku.fi\/index.php?rest_route=\/wp\/v2\/product"}],"about":[{"href":"https:\/\/www.autonvaraosahaku.fi\/index.php?rest_route=\/wp\/v2\/types\/product"}],"wp:attachment":[{"href":"https:\/\/www.autonvaraosahaku.fi\/index.php?rest_route=%2Fwp%2Fv2%2Fmedia&parent=56829"}],"wp:term":[{"taxonomy":"pwb-brand","embeddable":true,"href":"https:\/\/www.autonvaraosahaku.fi\/index.php?rest_route=%2Fwp%2Fv2%2Fpwb-brand&post=56829"},{"taxonomy":"product_cat","embeddable":true,"href":"https:\/\/www.autonvaraosahaku.fi\/index.php?rest_route=%2Fwp%2Fv2%2Fproduct_cat&post=56829"},{"taxonomy":"product_tag","embeddable":true,"href":"https:\/\/www.autonvaraosahaku.fi\/index.php?rest_route=%2Fwp%2Fv2%2Fproduct_tag&post=56829"}],"curies":[{"name":"wp","href":"https:\/\/api.w.org\/{rel}","templated":true}]}}