{"id":56847,"date":"2021-02-21T18:03:10","date_gmt":"2021-02-21T18:03:10","guid":{"rendered":"https:\/\/www.autonvaraosahaku.fi\/?product=ridex-2s0007-starttimoottori"},"modified":"2021-02-21T18:03:12","modified_gmt":"2021-02-21T18:03:12","slug":"ridex-2s0007-starttimoottori","status":"publish","type":"product","link":"https:\/\/www.autonvaraosahaku.fi\/?product=ridex-2s0007-starttimoottori","title":{"rendered":"RIDEX 2S0007 Starttimoottori"},"content":{"rendered":"<p>J\u00e4nnite (V): 12; K\u00e4ynnistinmoottori teho (kW): 1,3; Hammasluku: 9; Liitin: M8 B+; Pistokemallin tunnus: 50 Plug 79; Laippa \u00d8(mm): 74; Kiinnitysreikien lukum\u00e4\u00e4r\u00e4: 2; kierrereiki\u00e4 [kpl]: 1; Pituus 1 (mm): 162; Pituus 2 (mm): 15; Pituus 3 [mm]: 22; Nettopaino [kg]: 2,8; TOYOTA: AVENSIS Kombi T25,COROLLA Verso ZER_, ZZE12_, R1_,RAV 4 II CLA2_, XA2_, ZCA2_, ACA2_,COROLLA ZZE12_, NDE12_, ZDE12_,AVENSIS T25_,AVENSIS Stufenheck T25,AVENSIS _T22_,AVENSIS Station Wagon _T22_,COROLLA Verso ZDE12_, CDE12_,CELICA ZZT23_,AVENSIS Liftback _T22_,MR 2 III ZZW3_; 281000D090, 281000D180, 2810022040, 28100OD090; Startti,K\u00e4ynnistinmoottori<\/p>\n","protected":false},"excerpt":{"rendered":"<p>RIDEX Starttimoottori 2S0007 Startti,K\u00e4ynnistinmoottori TOYOTA,AVENSIS Kombi T25,COROLLA Verso ZER_, ZZE12_, R1_,RAV 4 II CLA2_, XA2_, ZCA2_, ACA2_<\/p>\n","protected":false},"featured_media":0,"template":"","meta":{"site-sidebar-layout":"default","site-content-layout":"default","ast-global-header-display":"","ast-main-header-display":"","ast-hfb-above-header-display":"","ast-hfb-below-header-display":"","ast-hfb-mobile-header-display":"","site-post-title":"","ast-breadcrumbs-content":"","ast-featured-img":"","footer-sml-layout":"","theme-transparent-header-meta":"","adv-header-id-meta":"","stick-header-meta":"","header-above-stick-meta":"","header-main-stick-meta":"","header-below-stick-meta":""},"pwb-brand":[157],"product_cat":[295],"product_tag":[],"class_list":{"0":"post-56847","1":"product","2":"type-product","3":"status-publish","5":"pwb-brand-ridex","6":"product_cat-starttimoottori","7":"desktop-align-left","8":"tablet-align-left","9":"mobile-align-left","11":"first","12":"instock","13":"product-type-external"},"brands":[{"id":157,"name":"RIDEX","slug":"ridex"}],"_links":{"self":[{"href":"https:\/\/www.autonvaraosahaku.fi\/index.php?rest_route=\/wp\/v2\/product\/56847","targetHints":{"allow":["GET"]}}],"collection":[{"href":"https:\/\/www.autonvaraosahaku.fi\/index.php?rest_route=\/wp\/v2\/product"}],"about":[{"href":"https:\/\/www.autonvaraosahaku.fi\/index.php?rest_route=\/wp\/v2\/types\/product"}],"wp:attachment":[{"href":"https:\/\/www.autonvaraosahaku.fi\/index.php?rest_route=%2Fwp%2Fv2%2Fmedia&parent=56847"}],"wp:term":[{"taxonomy":"pwb-brand","embeddable":true,"href":"https:\/\/www.autonvaraosahaku.fi\/index.php?rest_route=%2Fwp%2Fv2%2Fpwb-brand&post=56847"},{"taxonomy":"product_cat","embeddable":true,"href":"https:\/\/www.autonvaraosahaku.fi\/index.php?rest_route=%2Fwp%2Fv2%2Fproduct_cat&post=56847"},{"taxonomy":"product_tag","embeddable":true,"href":"https:\/\/www.autonvaraosahaku.fi\/index.php?rest_route=%2Fwp%2Fv2%2Fproduct_tag&post=56847"}],"curies":[{"name":"wp","href":"https:\/\/api.w.org\/{rel}","templated":true}]}}