{"id":56859,"date":"2021-02-21T18:03:10","date_gmt":"2021-02-21T18:03:10","guid":{"rendered":"https:\/\/www.autonvaraosahaku.fi\/?product=maxgear-66-0079-hehkutulppa"},"modified":"2021-02-21T18:03:15","modified_gmt":"2021-02-21T18:03:15","slug":"maxgear-66-0079-hehkutulppa","status":"publish","type":"product","link":"https:\/\/www.autonvaraosahaku.fi\/?product=maxgear-66-0079-hehkutulppa","title":{"rendered":"MAXGEAR 66-0079 Hehkutulppa"},"content":{"rendered":"<p>Materiaali: Metalli; J\u00e4nnite (V): 11; Vastus [Ohm]: 0,8; Kokonaispituus (mm): 134,5; Asennussyvyys (mm): 30; Kierremitta: M10 x 1,25; Avainv\u00e4li: 12 mm; Liittimet: M4; TECDOC-moottorinumero: 24883; KIA: PICANTO BA,CEE&#8217;D SW ED,CEE&#8217;D Schr\u00e4gheck ED,VENGA YN,RIO III UB,RIO II JB,CARENS III UN,PRO CEE&#8217;D ED,SOUL AM,CERATO LD,CERATO Stufenheck LD,RIO II Stufenheck JB; HYUNDAI: i30 FD,GETZ TB,i10 PA,i20 PB, PBT,i30 CW FD,i30 GD,ix20 JC,MATRIX FC,i30 CW GD,ACCENT III MC,ACCENT III Stufenheck MC; 367102A100, 367102A200, 367102A100, 367102A200<\/p>\n","protected":false},"excerpt":{"rendered":"<p>MAXGEAR Hehkutulppa 66-0079  KIA,HYUNDAI,PICANTO BA,CEE&#8217;D SW ED,CEE&#8217;D Schr\u00e4gheck ED,VENGA YN,RIO III UB,RIO II JB,CARENS III UN,PRO CEE&#8217;D ED<\/p>\n","protected":false},"featured_media":0,"template":"","meta":{"site-sidebar-layout":"default","site-content-layout":"default","ast-global-header-display":"","ast-main-header-display":"","ast-hfb-above-header-display":"","ast-hfb-below-header-display":"","ast-hfb-mobile-header-display":"","site-post-title":"","ast-breadcrumbs-content":"","ast-featured-img":"","footer-sml-layout":"","theme-transparent-header-meta":"","adv-header-id-meta":"","stick-header-meta":"","header-above-stick-meta":"","header-main-stick-meta":"","header-below-stick-meta":""},"pwb-brand":[48],"product_cat":[52],"product_tag":[],"class_list":{"0":"post-56859","1":"product","2":"type-product","3":"status-publish","5":"pwb-brand-maxgear","6":"product_cat-hehkutulppa","7":"desktop-align-left","8":"tablet-align-left","9":"mobile-align-left","11":"first","12":"instock","13":"product-type-external"},"brands":[{"id":48,"name":"MAXGEAR","slug":"maxgear"}],"_links":{"self":[{"href":"https:\/\/www.autonvaraosahaku.fi\/index.php?rest_route=\/wp\/v2\/product\/56859","targetHints":{"allow":["GET"]}}],"collection":[{"href":"https:\/\/www.autonvaraosahaku.fi\/index.php?rest_route=\/wp\/v2\/product"}],"about":[{"href":"https:\/\/www.autonvaraosahaku.fi\/index.php?rest_route=\/wp\/v2\/types\/product"}],"wp:attachment":[{"href":"https:\/\/www.autonvaraosahaku.fi\/index.php?rest_route=%2Fwp%2Fv2%2Fmedia&parent=56859"}],"wp:term":[{"taxonomy":"pwb-brand","embeddable":true,"href":"https:\/\/www.autonvaraosahaku.fi\/index.php?rest_route=%2Fwp%2Fv2%2Fpwb-brand&post=56859"},{"taxonomy":"product_cat","embeddable":true,"href":"https:\/\/www.autonvaraosahaku.fi\/index.php?rest_route=%2Fwp%2Fv2%2Fproduct_cat&post=56859"},{"taxonomy":"product_tag","embeddable":true,"href":"https:\/\/www.autonvaraosahaku.fi\/index.php?rest_route=%2Fwp%2Fv2%2Fproduct_tag&post=56859"}],"curies":[{"name":"wp","href":"https:\/\/api.w.org\/{rel}","templated":true}]}}