{"id":56862,"date":"2021-02-21T18:03:16","date_gmt":"2021-02-21T18:03:16","guid":{"rendered":"https:\/\/www.autonvaraosahaku.fi\/?product=monroe-ml6244-takaluukun-kaasujousi"},"modified":"2021-02-21T18:03:17","modified_gmt":"2021-02-21T18:03:17","slug":"monroe-ml6244-takaluukun-kaasujousi","status":"publish","type":"product","link":"https:\/\/www.autonvaraosahaku.fi\/?product=monroe-ml6244-takaluukun-kaasujousi","title":{"rendered":"MONROE ML6244 Takaluukun kaasujousi"},"content":{"rendered":"<p>Paino [kg]: 0,385; Sylinterin halkaisija [mm]: 22; Isku (mm): 158; Ty\u00f6nt\u00f6voima [N]: 880; Jousijalan l\u00e4pimitta [mm]: 10; Pakkauspituus [cm]: 57,5; Pakkausleveys [cm]: 3; Pakkauskorkeus [mm]: 3, 3; Valmistusvuoteen: 08\/2015; RENAULT: MEGANE CC EZ0\/1_; 904507914R; Kaasujousi, Tavaratila<\/p>\n","protected":false},"excerpt":{"rendered":"<p>MONROE Takaluukun Kaasujousi MONROE MaxLift ML6244 Kaasujousi, Tavaratila RENAULT,MEGANE CC EZ0\/1_<\/p>\n","protected":false},"featured_media":0,"template":"","meta":{"site-sidebar-layout":"default","site-content-layout":"default","ast-global-header-display":"","ast-main-header-display":"","ast-hfb-above-header-display":"","ast-hfb-below-header-display":"","ast-hfb-mobile-header-display":"","site-post-title":"","ast-breadcrumbs-content":"","ast-featured-img":"","footer-sml-layout":"","theme-transparent-header-meta":"","adv-header-id-meta":"","stick-header-meta":"","header-above-stick-meta":"","header-main-stick-meta":"","header-below-stick-meta":""},"pwb-brand":[79],"product_cat":[59],"product_tag":[],"class_list":{"0":"post-56862","1":"product","2":"type-product","3":"status-publish","5":"pwb-brand-monroe","6":"product_cat-takaluukun-kaasujousi","7":"desktop-align-left","8":"tablet-align-left","9":"mobile-align-left","11":"first","12":"instock","13":"product-type-external"},"brands":[{"id":79,"name":"MONROE","slug":"monroe"}],"_links":{"self":[{"href":"https:\/\/www.autonvaraosahaku.fi\/index.php?rest_route=\/wp\/v2\/product\/56862","targetHints":{"allow":["GET"]}}],"collection":[{"href":"https:\/\/www.autonvaraosahaku.fi\/index.php?rest_route=\/wp\/v2\/product"}],"about":[{"href":"https:\/\/www.autonvaraosahaku.fi\/index.php?rest_route=\/wp\/v2\/types\/product"}],"wp:attachment":[{"href":"https:\/\/www.autonvaraosahaku.fi\/index.php?rest_route=%2Fwp%2Fv2%2Fmedia&parent=56862"}],"wp:term":[{"taxonomy":"pwb-brand","embeddable":true,"href":"https:\/\/www.autonvaraosahaku.fi\/index.php?rest_route=%2Fwp%2Fv2%2Fpwb-brand&post=56862"},{"taxonomy":"product_cat","embeddable":true,"href":"https:\/\/www.autonvaraosahaku.fi\/index.php?rest_route=%2Fwp%2Fv2%2Fproduct_cat&post=56862"},{"taxonomy":"product_tag","embeddable":true,"href":"https:\/\/www.autonvaraosahaku.fi\/index.php?rest_route=%2Fwp%2Fv2%2Fproduct_tag&post=56862"}],"curies":[{"name":"wp","href":"https:\/\/api.w.org\/{rel}","templated":true}]}}