{"id":56866,"date":"2021-02-21T18:03:16","date_gmt":"2021-02-21T18:03:16","guid":{"rendered":"https:\/\/www.autonvaraosahaku.fi\/?product=ridex-2s0469-starttimoottori"},"modified":"2021-02-21T18:03:18","modified_gmt":"2021-02-21T18:03:18","slug":"ridex-2s0469-starttimoottori","status":"publish","type":"product","link":"https:\/\/www.autonvaraosahaku.fi\/?product=ridex-2s0469-starttimoottori","title":{"rendered":"RIDEX 2S0469 Starttimoottori"},"content":{"rendered":"<p>Py\u00f6rimissuunta: Py\u00f6rimissuunta vastap\u00e4iv\u00e4\u00e4n; kierrereiki\u00e4 [kpl]: 2; Kiinnitysreikien lukum\u00e4\u00e4r\u00e4: 3; J\u00e4nnite (V): 12; K\u00e4ynnistinmoottori teho (kW): 0,90; Pituus 2 (mm): 10,00; Pituus 1 (mm): 66,00; Hammasluku: 9; Valmistusvuosi alkaen: 10\/1976; DACIA: 1310 Stufenheck U, X,1300,1410 Kombi,PICK UP; RENAULT: 4 112_,5 122_,4 Kasten R21_, R23_,TRAFIC Kasten TXX,12,8 113_,TRAFIC Kasten T1, T3, T4,6 118_,TRAFIC Bus T5, T6, T7,5 Kasten 238_,12 Variable 117_,ESTAFETTE 213_,TRAFIC Pritsche\/Fahrgestell P6,RODEO 6,15 130_,12 Kasten,RODEO 5; DAF: 66; 7700572689, 7700650287, 7700694096, 7700750305, 7700750306, 7701349591, 7701499468, 7701499473, 7701499649; Startti,K\u00e4ynnistinmoottori<\/p>\n","protected":false},"excerpt":{"rendered":"<p>RIDEX Starttimoottori 2S0469 Startti,K\u00e4ynnistinmoottori DACIA,RENAULT,DAF,1310 Stufenheck U, X,1300,1410 Kombi,PICK UP,4 112_,5 122_<\/p>\n","protected":false},"featured_media":0,"template":"","meta":{"site-sidebar-layout":"default","site-content-layout":"default","ast-global-header-display":"","ast-main-header-display":"","ast-hfb-above-header-display":"","ast-hfb-below-header-display":"","ast-hfb-mobile-header-display":"","site-post-title":"","ast-breadcrumbs-content":"","ast-featured-img":"","footer-sml-layout":"","theme-transparent-header-meta":"","adv-header-id-meta":"","stick-header-meta":"","header-above-stick-meta":"","header-main-stick-meta":"","header-below-stick-meta":""},"pwb-brand":[157],"product_cat":[295],"product_tag":[],"class_list":{"0":"post-56866","1":"product","2":"type-product","3":"status-publish","5":"pwb-brand-ridex","6":"product_cat-starttimoottori","7":"desktop-align-left","8":"tablet-align-left","9":"mobile-align-left","11":"first","12":"instock","13":"product-type-external"},"brands":[{"id":157,"name":"RIDEX","slug":"ridex"}],"_links":{"self":[{"href":"https:\/\/www.autonvaraosahaku.fi\/index.php?rest_route=\/wp\/v2\/product\/56866","targetHints":{"allow":["GET"]}}],"collection":[{"href":"https:\/\/www.autonvaraosahaku.fi\/index.php?rest_route=\/wp\/v2\/product"}],"about":[{"href":"https:\/\/www.autonvaraosahaku.fi\/index.php?rest_route=\/wp\/v2\/types\/product"}],"wp:attachment":[{"href":"https:\/\/www.autonvaraosahaku.fi\/index.php?rest_route=%2Fwp%2Fv2%2Fmedia&parent=56866"}],"wp:term":[{"taxonomy":"pwb-brand","embeddable":true,"href":"https:\/\/www.autonvaraosahaku.fi\/index.php?rest_route=%2Fwp%2Fv2%2Fpwb-brand&post=56866"},{"taxonomy":"product_cat","embeddable":true,"href":"https:\/\/www.autonvaraosahaku.fi\/index.php?rest_route=%2Fwp%2Fv2%2Fproduct_cat&post=56866"},{"taxonomy":"product_tag","embeddable":true,"href":"https:\/\/www.autonvaraosahaku.fi\/index.php?rest_route=%2Fwp%2Fv2%2Fproduct_tag&post=56866"}],"curies":[{"name":"wp","href":"https:\/\/api.w.org\/{rel}","templated":true}]}}