{"id":56870,"date":"2021-02-21T18:03:16","date_gmt":"2021-02-21T18:03:16","guid":{"rendered":"https:\/\/www.autonvaraosahaku.fi\/?product=magneti-marelli-466016355150-lambda-anturi"},"modified":"2021-02-21T18:03:19","modified_gmt":"2021-02-21T18:03:19","slug":"magneti-marelli-466016355150-lambda-anturi","status":"publish","type":"product","link":"https:\/\/www.autonvaraosahaku.fi\/?product=magneti-marelli-466016355150-lambda-anturi","title":{"rendered":"MAGNETI MARELLI 466016355150 Lambda anturi"},"content":{"rendered":"<p>Pituus (mm): 1510; Johtimien m\u00e4\u00e4r\u00e4: 5; johtojen lukum\u00e4\u00e4r\u00e4: 5; Kaapelinmitta (mm): 1510; Lambdatunnistin: L\u00e4mmitetty; Moottorinumero: AVV; VW: GOLF IV 1J1,POLO 9N_,PASSAT Variant 3B6,TRANSPORTER IV Bus 70XB, 70XC, 7DB, 7DW,GOLF IV Variant 1J5,SHARAN 7M8, 7M9, 7M6,TOUAREG 7LA, 7L6, 7L7,BORA 1J2,TRANSPORTER IV Kasten 70XA,NEW BEETLE 9C1, 1C1,PASSAT 3B3,PHAETON 3D_,BORA Kombi 1J6,NEW BEETLE Cabriolet 1Y7,JETTA IV 162, 163; AUDI: A3 8L1,A4 8D2, B5,A4 Avant 8E5, B6,A4 Avant 8D5, B5,A4 8E2, B6,A4 Cabriolet 8H7, B6, 8HE, B7,TT 8N3,A8 4E_,TT Roadster 8N9; SKODA: OCTAVIA Combi 1U5,OCTAVIA 1U2; SEAT: IBIZA IV 6L1,LEON 1M1,EXEO ST 3R5,TOLEDO II 1M2,EXEO 3R2; 021906262B, 06A906262AN, 06A906262BH, 077906265AB, 077906265AC, 07C906262R, 1K0998262D, 07C906262AS, 07C906262AT, 07C906262R, 1K0998262D, 021906262B, 022906262D, 022906262E, 022906262H, 022906262J, 06A906262AF, 06A906262AN, 06A906262BC, 06A906262BH, 06A906262DK, 077906262A, 077906262D, 077906262E, 077906265AB, 077906265AC, 07C906262AS, 07C906262AT, 07C906262K, 07C906262N, 07C906262R, 1K0998262D, 77906262, 021906262B, 022906262D, 022906262E, 022906262H, 022906262J, 06A906262AF, 06A906262AN, 06A906262BC, 06A906262BH, 06A906262DK, 077906262A, 077906262D, 077906262E, 077906265AB, 077906265AC, 07C906262AS, 07C906262AT, 07C906262K, 07C906262N, 07C906262R, 1K0998262D, 77906262, 021906262B, 022906262D, 022906262E, 022906262H, 022906262J, 06A906262AF, 06A906262AN, 06A906262BC, 06A906262BH, 06A906262DK, 077906262A, 077906262D, 077906262E, 077906265AB, 077906265AC, 07C906262AS, 07C906262AT, 07C906262K, 07C906262N, 07C906262R, 1K0998262D, 77906262; Lambdatunnistin,Happianturi<\/p>\n","protected":false},"excerpt":{"rendered":"<p>MAGNETI MARELLI Lambda Anturi 466016355150 Lambdatunnistin,Happianturi VW,AUDI,SKODA,GOLF IV 1J1,POLO 9N_,PASSAT Variant 3B6<\/p>\n","protected":false},"featured_media":0,"template":"","meta":{"site-sidebar-layout":"default","site-content-layout":"default","ast-global-header-display":"","ast-main-header-display":"","ast-hfb-above-header-display":"","ast-hfb-below-header-display":"","ast-hfb-mobile-header-display":"","site-post-title":"","ast-breadcrumbs-content":"","ast-featured-img":"","footer-sml-layout":"","theme-transparent-header-meta":"","adv-header-id-meta":"","stick-header-meta":"","header-above-stick-meta":"","header-main-stick-meta":"","header-below-stick-meta":""},"pwb-brand":[34],"product_cat":[264],"product_tag":[],"class_list":{"0":"post-56870","1":"product","2":"type-product","3":"status-publish","5":"pwb-brand-magneti-marelli","6":"product_cat-lambda-anturi","7":"desktop-align-left","8":"tablet-align-left","9":"mobile-align-left","11":"first","12":"instock","13":"product-type-external"},"brands":[{"id":34,"name":"MAGNETI MARELLI","slug":"magneti-marelli"}],"_links":{"self":[{"href":"https:\/\/www.autonvaraosahaku.fi\/index.php?rest_route=\/wp\/v2\/product\/56870","targetHints":{"allow":["GET"]}}],"collection":[{"href":"https:\/\/www.autonvaraosahaku.fi\/index.php?rest_route=\/wp\/v2\/product"}],"about":[{"href":"https:\/\/www.autonvaraosahaku.fi\/index.php?rest_route=\/wp\/v2\/types\/product"}],"wp:attachment":[{"href":"https:\/\/www.autonvaraosahaku.fi\/index.php?rest_route=%2Fwp%2Fv2%2Fmedia&parent=56870"}],"wp:term":[{"taxonomy":"pwb-brand","embeddable":true,"href":"https:\/\/www.autonvaraosahaku.fi\/index.php?rest_route=%2Fwp%2Fv2%2Fpwb-brand&post=56870"},{"taxonomy":"product_cat","embeddable":true,"href":"https:\/\/www.autonvaraosahaku.fi\/index.php?rest_route=%2Fwp%2Fv2%2Fproduct_cat&post=56870"},{"taxonomy":"product_tag","embeddable":true,"href":"https:\/\/www.autonvaraosahaku.fi\/index.php?rest_route=%2Fwp%2Fv2%2Fproduct_tag&post=56870"}],"curies":[{"name":"wp","href":"https:\/\/api.w.org\/{rel}","templated":true}]}}