{"id":56878,"date":"2021-02-21T18:03:16","date_gmt":"2021-02-21T18:03:16","guid":{"rendered":"https:\/\/www.autonvaraosahaku.fi\/?product=denso-dan1354-laturi"},"modified":"2021-02-21T18:03:20","modified_gmt":"2021-02-21T18:03:20","slug":"denso-dan1354-laturi","status":"publish","type":"product","link":"https:\/\/www.autonvaraosahaku.fi\/?product=denso-dan1354-laturi","title":{"rendered":"DENSO DAN1354 Laturi"},"content":{"rendered":"<p>Laturi varausvirta (A): 150; Laatu: OE; kiiloja: 7; Hihnapy\u00f6r\u00e4-\u00d8[mm]: 52; Hihnapy\u00f6r\u00e4t: V\u00e4lihihnapy\u00f6r\u00e4ll\u00e4; Ajoneuvon virtapiiri: Autoihin joissa 12V virtapiiri; Nimellisj\u00e4nnite (V): 14; Uusi osa: ; LEXUS: IS II GSE2_, ALE2_, USE2_,GS GRS19_, UZS19_, GWS19_,IS C GSE2_; 2706031050, 2706031051, 2706031052, 2706031201, 2706031050, 2706031051, 2706031052, 2706031201; Generaattori<\/p>\n","protected":false},"excerpt":{"rendered":"<p>DENSO Laturi DAN1354 Generaattori LEXUS,IS II GSE2_, ALE2_, USE2_,GS GRS19_, UZS19_, GWS19_,IS C GSE2_<\/p>\n","protected":false},"featured_media":0,"template":"","meta":{"site-sidebar-layout":"default","site-content-layout":"default","ast-global-header-display":"","ast-main-header-display":"","ast-hfb-above-header-display":"","ast-hfb-below-header-display":"","ast-hfb-mobile-header-display":"","site-post-title":"","ast-breadcrumbs-content":"","ast-featured-img":"","footer-sml-layout":"","theme-transparent-header-meta":"","adv-header-id-meta":"","stick-header-meta":"","header-above-stick-meta":"","header-main-stick-meta":"","header-below-stick-meta":""},"pwb-brand":[278],"product_cat":[357],"product_tag":[],"class_list":{"0":"post-56878","1":"product","2":"type-product","3":"status-publish","5":"pwb-brand-denso","6":"product_cat-laturi","7":"desktop-align-left","8":"tablet-align-left","9":"mobile-align-left","11":"first","12":"instock","13":"product-type-external"},"brands":[{"id":278,"name":"DENSO","slug":"denso"}],"_links":{"self":[{"href":"https:\/\/www.autonvaraosahaku.fi\/index.php?rest_route=\/wp\/v2\/product\/56878","targetHints":{"allow":["GET"]}}],"collection":[{"href":"https:\/\/www.autonvaraosahaku.fi\/index.php?rest_route=\/wp\/v2\/product"}],"about":[{"href":"https:\/\/www.autonvaraosahaku.fi\/index.php?rest_route=\/wp\/v2\/types\/product"}],"wp:attachment":[{"href":"https:\/\/www.autonvaraosahaku.fi\/index.php?rest_route=%2Fwp%2Fv2%2Fmedia&parent=56878"}],"wp:term":[{"taxonomy":"pwb-brand","embeddable":true,"href":"https:\/\/www.autonvaraosahaku.fi\/index.php?rest_route=%2Fwp%2Fv2%2Fpwb-brand&post=56878"},{"taxonomy":"product_cat","embeddable":true,"href":"https:\/\/www.autonvaraosahaku.fi\/index.php?rest_route=%2Fwp%2Fv2%2Fproduct_cat&post=56878"},{"taxonomy":"product_tag","embeddable":true,"href":"https:\/\/www.autonvaraosahaku.fi\/index.php?rest_route=%2Fwp%2Fv2%2Fproduct_tag&post=56878"}],"curies":[{"name":"wp","href":"https:\/\/api.w.org\/{rel}","templated":true}]}}