{"id":56918,"date":"2021-02-21T18:03:29","date_gmt":"2021-02-21T18:03:29","guid":{"rendered":"https:\/\/www.autonvaraosahaku.fi\/?product=ridex-2s0013-starttimoottori"},"modified":"2021-02-21T18:03:33","modified_gmt":"2021-02-21T18:03:33","slug":"ridex-2s0013-starttimoottori","status":"publish","type":"product","link":"https:\/\/www.autonvaraosahaku.fi\/?product=ridex-2s0013-starttimoottori","title":{"rendered":"RIDEX 2S0013 Starttimoottori"},"content":{"rendered":"<p>Pituus 1 (mm): 76,1; Pituus 2 (mm): 21,6; K\u00e4ynnistinmoottori teho (kW): 1,4; J\u00e4nnite (V): 12; Kiinnitysreikien lukum\u00e4\u00e4r\u00e4: 3; kierrereiki\u00e4 [kpl]: 2; Py\u00f6rimissuunta: Py\u00f6rimissuunta my\u00f6t\u00e4p\u00e4iv\u00e4\u00e4n; Moottorinumero: M10B18V; BMW: 3 E46,3 E90,5 E39,5 E60,5 Touring E61,3 Touring E46,X3 E83,5 Touring E39,3 Compact E46,3 Coupe E46,3 Compact E36,3 E36,X5 E53,3 E30,3 Cabriolet E46,7 E38,3 Coupe E36,Z3 E36,Z4 E85,5 E34,7 E65, E66, E67,3 Cabriolet E30,3 Cabriolet E36,3 Touring E36,5 Touring E34,5 E28,6 E24,3 E21,3 Touring E30,Z3 Coupe E36,7 E23,5 E12; FORD: SIERRA Kombi BNG; PORSCHE: PANAMERA; 12411354823, 12411712937, 12411712939, 12411740373, 12411740374, 12411740375, 12411740379, 12412179001, 12412344242, 12412344247, 12412354709, 12414354823, 12417501668, 12417501738, 12417515390, 12417515391, 12417515392, 12417515396, 12417578684, 7515392; Startti,K\u00e4ynnistinmoottori<\/p>\n","protected":false},"excerpt":{"rendered":"<p>RIDEX Starttimoottori 2S0013 Startti,K\u00e4ynnistinmoottori BMW,FORD,PORSCHE,3 E46,3 E90,5 E39,5 E60,5 Touring E61,3 Touring E46,X3 E83,5 Touring E39<\/p>\n","protected":false},"featured_media":0,"template":"","meta":{"site-sidebar-layout":"default","site-content-layout":"default","ast-global-header-display":"","ast-main-header-display":"","ast-hfb-above-header-display":"","ast-hfb-below-header-display":"","ast-hfb-mobile-header-display":"","site-post-title":"","ast-breadcrumbs-content":"","ast-featured-img":"","footer-sml-layout":"","theme-transparent-header-meta":"","adv-header-id-meta":"","stick-header-meta":"","header-above-stick-meta":"","header-main-stick-meta":"","header-below-stick-meta":""},"pwb-brand":[157],"product_cat":[295],"product_tag":[],"class_list":{"0":"post-56918","1":"product","2":"type-product","3":"status-publish","5":"pwb-brand-ridex","6":"product_cat-starttimoottori","7":"desktop-align-left","8":"tablet-align-left","9":"mobile-align-left","11":"first","12":"instock","13":"product-type-external"},"brands":[{"id":157,"name":"RIDEX","slug":"ridex"}],"_links":{"self":[{"href":"https:\/\/www.autonvaraosahaku.fi\/index.php?rest_route=\/wp\/v2\/product\/56918","targetHints":{"allow":["GET"]}}],"collection":[{"href":"https:\/\/www.autonvaraosahaku.fi\/index.php?rest_route=\/wp\/v2\/product"}],"about":[{"href":"https:\/\/www.autonvaraosahaku.fi\/index.php?rest_route=\/wp\/v2\/types\/product"}],"wp:attachment":[{"href":"https:\/\/www.autonvaraosahaku.fi\/index.php?rest_route=%2Fwp%2Fv2%2Fmedia&parent=56918"}],"wp:term":[{"taxonomy":"pwb-brand","embeddable":true,"href":"https:\/\/www.autonvaraosahaku.fi\/index.php?rest_route=%2Fwp%2Fv2%2Fpwb-brand&post=56918"},{"taxonomy":"product_cat","embeddable":true,"href":"https:\/\/www.autonvaraosahaku.fi\/index.php?rest_route=%2Fwp%2Fv2%2Fproduct_cat&post=56918"},{"taxonomy":"product_tag","embeddable":true,"href":"https:\/\/www.autonvaraosahaku.fi\/index.php?rest_route=%2Fwp%2Fv2%2Fproduct_tag&post=56918"}],"curies":[{"name":"wp","href":"https:\/\/api.w.org\/{rel}","templated":true}]}}