{"id":56943,"date":"2021-02-21T18:03:40","date_gmt":"2021-02-21T18:03:40","guid":{"rendered":"https:\/\/www.autonvaraosahaku.fi\/?product=alanko-11443276-laturi"},"modified":"2021-02-21T18:03:41","modified_gmt":"2021-02-21T18:03:41","slug":"alanko-11443276-laturi","status":"publish","type":"product","link":"https:\/\/www.autonvaraosahaku.fi\/?product=alanko-11443276-laturi","title":{"rendered":"ALANKO 11443276 Laturi"},"content":{"rendered":"<p>J\u00e4nnite (V): 12, 14; Laturi varausvirta (A): 75; Hihnapy\u00f6r\u00e4-\u00d8[mm]: 54; kiiloja: 5; Hihnapy\u00f6r\u00e4t: Moniurahihnapy\u00f6r\u00e4; Pistokemallin tunnus: M5 D+, M5D+; Py\u00f6rimissuunta: Py\u00f6rimissuunta my\u00f6t\u00e4p\u00e4iv\u00e4\u00e4n; M\u00e4\u00e4r\u00e4yksikk\u00f6: Kappale; Vaihto-osa: ; Varusteet: f\u00fcr Fahrzeuge mit Klimaanlage; ABARTH: PUNTO 199_; LANCIA: YPSILON 843,Y 840A,MUSA 350,YPSILON 312, 846; FORD: KA RU8; FIAT: GRANDE PUNTO 199,PUNTO 188,PANDA 169,500 312,BRAVO II 198,PUNTO EVO 199,DOBLO Cargo 223,DOBLO 119,PANDA Van 169,PUNTO 199,IDEA,PANDA 312,STRADA Pick-up 178E,QUBO 225,PUNTO Van 188AX,FIORINO Kasten\/Kombi 225,LINEA 323,PUNTO Van 199,PALIO 178BX,SIENA 178_,PANDA VAN 312; 46542889, 46843091, 51709133, 51714794, 51859037; Generaattori<\/p>\n","protected":false},"excerpt":{"rendered":"<p>ALANKO Laturi 11443276 Generaattori ABARTH,LANCIA,FORD,PUNTO 199_,YPSILON 843,Y 840A,MUSA 350,YPSILON 312, 846,KA RU8,GRANDE PUNTO 199,PUNTO 188<\/p>\n","protected":false},"featured_media":0,"template":"","meta":{"site-sidebar-layout":"default","site-content-layout":"default","ast-global-header-display":"","ast-main-header-display":"","ast-hfb-above-header-display":"","ast-hfb-below-header-display":"","ast-hfb-mobile-header-display":"","site-post-title":"","ast-breadcrumbs-content":"","ast-featured-img":"","footer-sml-layout":"","theme-transparent-header-meta":"","adv-header-id-meta":"","stick-header-meta":"","header-above-stick-meta":"","header-main-stick-meta":"","header-below-stick-meta":""},"pwb-brand":[324],"product_cat":[357],"product_tag":[],"class_list":{"0":"post-56943","1":"product","2":"type-product","3":"status-publish","5":"pwb-brand-alanko","6":"product_cat-laturi","7":"desktop-align-left","8":"tablet-align-left","9":"mobile-align-left","11":"first","12":"instock","13":"product-type-external"},"brands":[{"id":324,"name":"ALANKO","slug":"alanko"}],"_links":{"self":[{"href":"https:\/\/www.autonvaraosahaku.fi\/index.php?rest_route=\/wp\/v2\/product\/56943","targetHints":{"allow":["GET"]}}],"collection":[{"href":"https:\/\/www.autonvaraosahaku.fi\/index.php?rest_route=\/wp\/v2\/product"}],"about":[{"href":"https:\/\/www.autonvaraosahaku.fi\/index.php?rest_route=\/wp\/v2\/types\/product"}],"wp:attachment":[{"href":"https:\/\/www.autonvaraosahaku.fi\/index.php?rest_route=%2Fwp%2Fv2%2Fmedia&parent=56943"}],"wp:term":[{"taxonomy":"pwb-brand","embeddable":true,"href":"https:\/\/www.autonvaraosahaku.fi\/index.php?rest_route=%2Fwp%2Fv2%2Fpwb-brand&post=56943"},{"taxonomy":"product_cat","embeddable":true,"href":"https:\/\/www.autonvaraosahaku.fi\/index.php?rest_route=%2Fwp%2Fv2%2Fproduct_cat&post=56943"},{"taxonomy":"product_tag","embeddable":true,"href":"https:\/\/www.autonvaraosahaku.fi\/index.php?rest_route=%2Fwp%2Fv2%2Fproduct_tag&post=56943"}],"curies":[{"name":"wp","href":"https:\/\/api.w.org\/{rel}","templated":true}]}}