{"id":56952,"date":"2021-02-21T18:03:40","date_gmt":"2021-02-21T18:03:40","guid":{"rendered":"https:\/\/www.autonvaraosahaku.fi\/?product=denso-dg-611-hehkutulppa"},"modified":"2021-02-21T18:03:43","modified_gmt":"2021-02-21T18:03:43","slug":"denso-dg-611-hehkutulppa","status":"publish","type":"product","link":"https:\/\/www.autonvaraosahaku.fi\/?product=denso-dg-611-hehkutulppa","title":{"rendered":"DENSO DG-611 Hehkutulppa"},"content":{"rendered":"<p>J\u00e4nnite (V): 4,4; Kartionousu: 93; Kierremitta: M10x1.0; Vastus [Ohm]: 0,4; Kokonaispituus (mm): 148,5; Avainv\u00e4li: 10; Paino [g]: 44,7; Kiristysmomentti > [Nm]: 1; Kiristysmomentti enint\u00e4\u00e4n [Nm]: 1,5; Tarvittava kappalem\u00e4\u00e4r\u00e4: 4; LAND ROVER: DEFENDER Station Wagon LD,DEFENDER Pick-up LD_,DEFENDER Cabrio LD,DEFENDER Pritsche\/Fahrgestell LD; FORD: TRANSIT MK-7 Kasten,RANGER TKE,TRANSIT MK-7 Bus,TRANSIT MK-7 Pritsche\/Fahrgestell,TRANSIT CUSTOM Kasten,TOURNEO CUSTOM Bus,TRANSIT CUSTOM Bus,TRANSIT Custom  Bus,TRANSIT Custom Pritsche\/Fahrgestell; CITRO\u00cbN: JUMPER Kasten,JUMPER Bus,JUMPER Pritsche\/Fahrgestell; PEUGEOT: BOXER Kasten,BOXER Bus,BOXER Pritsche\/Fahrgestell; 1717631, 186466, 73205072, BK3Q6M090AB, LR029960<\/p>\n","protected":false},"excerpt":{"rendered":"<p>DENSO Hehkutulppa DG-611  LAND ROVER,FORD,CITRO\u00cbN,DEFENDER Station Wagon LD,DEFENDER Pick-up LD_,DEFENDER Cabrio LD,DEFENDER Pritsche\/Fahrgestell LD<\/p>\n","protected":false},"featured_media":0,"template":"","meta":{"site-sidebar-layout":"default","site-content-layout":"default","ast-global-header-display":"","ast-main-header-display":"","ast-hfb-above-header-display":"","ast-hfb-below-header-display":"","ast-hfb-mobile-header-display":"","site-post-title":"","ast-breadcrumbs-content":"","ast-featured-img":"","footer-sml-layout":"","theme-transparent-header-meta":"","adv-header-id-meta":"","stick-header-meta":"","header-above-stick-meta":"","header-main-stick-meta":"","header-below-stick-meta":""},"pwb-brand":[278],"product_cat":[52],"product_tag":[],"class_list":{"0":"post-56952","1":"product","2":"type-product","3":"status-publish","5":"pwb-brand-denso","6":"product_cat-hehkutulppa","7":"desktop-align-left","8":"tablet-align-left","9":"mobile-align-left","11":"first","12":"instock","13":"product-type-external"},"brands":[{"id":278,"name":"DENSO","slug":"denso"}],"_links":{"self":[{"href":"https:\/\/www.autonvaraosahaku.fi\/index.php?rest_route=\/wp\/v2\/product\/56952","targetHints":{"allow":["GET"]}}],"collection":[{"href":"https:\/\/www.autonvaraosahaku.fi\/index.php?rest_route=\/wp\/v2\/product"}],"about":[{"href":"https:\/\/www.autonvaraosahaku.fi\/index.php?rest_route=\/wp\/v2\/types\/product"}],"wp:attachment":[{"href":"https:\/\/www.autonvaraosahaku.fi\/index.php?rest_route=%2Fwp%2Fv2%2Fmedia&parent=56952"}],"wp:term":[{"taxonomy":"pwb-brand","embeddable":true,"href":"https:\/\/www.autonvaraosahaku.fi\/index.php?rest_route=%2Fwp%2Fv2%2Fpwb-brand&post=56952"},{"taxonomy":"product_cat","embeddable":true,"href":"https:\/\/www.autonvaraosahaku.fi\/index.php?rest_route=%2Fwp%2Fv2%2Fproduct_cat&post=56952"},{"taxonomy":"product_tag","embeddable":true,"href":"https:\/\/www.autonvaraosahaku.fi\/index.php?rest_route=%2Fwp%2Fv2%2Fproduct_tag&post=56952"}],"curies":[{"name":"wp","href":"https:\/\/api.w.org\/{rel}","templated":true}]}}