{"id":56965,"date":"2021-02-21T18:03:46","date_gmt":"2021-02-21T18:03:46","guid":{"rendered":"https:\/\/www.autonvaraosahaku.fi\/?product=jp-group-1396700300-lasinnostimen-kytkin"},"modified":"2021-02-21T18:03:47","modified_gmt":"2021-02-21T18:03:47","slug":"jp-group-1396700300-lasinnostimen-kytkin","status":"publish","type":"product","link":"https:\/\/www.autonvaraosahaku.fi\/?product=jp-group-1396700300-lasinnostimen-kytkin","title":{"rendered":"JP GROUP 1396700300 Lasinnostimen kytkin"},"content":{"rendered":"<p>Lukkolaite: Keskuslukituksella; Ulko-\/sis\u00e4peili: s\u00e4hk\u00f6-peilins\u00e4\u00e4d\u00f6lle; Yhdistelm\u00e4kytkintoiminto: Takaikkunan l\u00e4mmitystoiminolla; MERCEDES-BENZ: M-CLASS W163; 1638200910, 1638202410, 1638203010, 1638206610, A1638200910, A1638202410, A1638203010, A1638206610; Kytkin, Lasinnostin<\/p>\n","protected":false},"excerpt":{"rendered":"<p>JP GROUP Lasinnostimen Kytkin JP Group 1396700300 Kytkin, Lasinnostin MERCEDES-BENZ,M-CLASS W163<\/p>\n","protected":false},"featured_media":0,"template":"","meta":{"site-sidebar-layout":"default","site-content-layout":"default","ast-global-header-display":"","ast-main-header-display":"","ast-hfb-above-header-display":"","ast-hfb-below-header-display":"","ast-hfb-mobile-header-display":"","site-post-title":"","ast-breadcrumbs-content":"","ast-featured-img":"","footer-sml-layout":"","theme-transparent-header-meta":"","adv-header-id-meta":"","stick-header-meta":"","header-above-stick-meta":"","header-main-stick-meta":"","header-below-stick-meta":""},"pwb-brand":[131],"product_cat":[135],"product_tag":[],"class_list":{"0":"post-56965","1":"product","2":"type-product","3":"status-publish","5":"pwb-brand-jp-group","6":"product_cat-lasinnostimen-kytkin","7":"desktop-align-left","8":"tablet-align-left","9":"mobile-align-left","11":"first","12":"instock","13":"product-type-external"},"brands":[{"id":131,"name":"JP GROUP","slug":"jp-group"}],"_links":{"self":[{"href":"https:\/\/www.autonvaraosahaku.fi\/index.php?rest_route=\/wp\/v2\/product\/56965","targetHints":{"allow":["GET"]}}],"collection":[{"href":"https:\/\/www.autonvaraosahaku.fi\/index.php?rest_route=\/wp\/v2\/product"}],"about":[{"href":"https:\/\/www.autonvaraosahaku.fi\/index.php?rest_route=\/wp\/v2\/types\/product"}],"wp:attachment":[{"href":"https:\/\/www.autonvaraosahaku.fi\/index.php?rest_route=%2Fwp%2Fv2%2Fmedia&parent=56965"}],"wp:term":[{"taxonomy":"pwb-brand","embeddable":true,"href":"https:\/\/www.autonvaraosahaku.fi\/index.php?rest_route=%2Fwp%2Fv2%2Fpwb-brand&post=56965"},{"taxonomy":"product_cat","embeddable":true,"href":"https:\/\/www.autonvaraosahaku.fi\/index.php?rest_route=%2Fwp%2Fv2%2Fproduct_cat&post=56965"},{"taxonomy":"product_tag","embeddable":true,"href":"https:\/\/www.autonvaraosahaku.fi\/index.php?rest_route=%2Fwp%2Fv2%2Fproduct_tag&post=56965"}],"curies":[{"name":"wp","href":"https:\/\/api.w.org\/{rel}","templated":true}]}}