{"id":56976,"date":"2021-02-21T18:03:46","date_gmt":"2021-02-21T18:03:46","guid":{"rendered":"https:\/\/www.autonvaraosahaku.fi\/?product=hella-8dd-355-101-011-jarrulevyt"},"modified":"2021-02-21T18:03:50","modified_gmt":"2021-02-21T18:03:50","slug":"hella-8dd-355-101-011-jarrulevyt","status":"publish","type":"product","link":"https:\/\/www.autonvaraosahaku.fi\/?product=hella-8dd-355-101-011-jarrulevyt","title":{"rendered":"HELLA 8DD 355 101-011 Jarrulevyt"},"content":{"rendered":"<p>Jarrulevytyyppi: Vakiomalli; Ulkol\u00e4pimitta [mm]: 278; Jarrulevyn paksuus (mm): 9; V\u00e4himm\u00e4ispaksuus (mm): 7,3; Korkeus (mm): 55,6; Reik\u00e4kuvio\/-m\u00e4\u00e4r\u00e4: 05\/07; Reik\u00e4ympyr\u00e4-\u00d8 [mm]: 112; keskitt\u00e4misl\u00e4pimitta [mm]: 67; Paino [kg]: 3,9; Korvaava tuote\/korvaava tiedote 2: Ilman py\u00f6r\u00e4nnapaa, Ilman py\u00f6r\u00e4nkiinnityspultteja; Pinta: pinnoitettu; Teknisten tietojen numero: 52153PRO; Tuotelinja: PRO; Tuning: 1; Asennuspuoli: Hinterachse; MERCEDES-BENZ: C-CLASS W203,C-CLASS W202,SLK R170,E-CLASS W210,C-CLASS Coupe CL203,Stufenheck W124,SLK R171,CLK C208,CLK C209,C-CLASS Kombi S202,KOMBI Kombi S124,E-CLASS W124,CLK Cabriolet A208,COUPE C124,CLK Cabriolet A209,E-CLASS Kombi S124,CLC-CLASS CL203,E-CLASS Cabriolet A124,E-CLASS Coupe C124,CABRIOLET A124; CHRYSLER: CROSSFIRE,CROSSFIRE Roadster; 05098065AA, 05098066AA, 05898066AA, 5098065AA, 5098066AA, 5898066AA, 1244230412, 1244230512, 1244230612, 1244231012, 2014230512, 2034230012, 2034230112, 2104230112, 2104230412, 2104230912, A1244230412, A1244230512, A1244231012, A2014230512, A2034230012, A2034230112, A2104230112, A2104230412, A2104230912; Jarrulevy<\/p>\n","protected":false},"excerpt":{"rendered":"<p>HELLA Jarrulevyt 8DD 355 101-011 Jarrulevy MERCEDES-BENZ,CHRYSLER,C-CLASS W203,C-CLASS W202,SLK R170,E-CLASS W210,C-CLASS Coupe CL203,Stufenheck W124<\/p>\n","protected":false},"featured_media":0,"template":"","meta":{"site-sidebar-layout":"default","site-content-layout":"default","ast-global-header-display":"","ast-main-header-display":"","ast-hfb-above-header-display":"","ast-hfb-below-header-display":"","ast-hfb-mobile-header-display":"","site-post-title":"","ast-breadcrumbs-content":"","ast-featured-img":"","footer-sml-layout":"","theme-transparent-header-meta":"","adv-header-id-meta":"","stick-header-meta":"","header-above-stick-meta":"","header-main-stick-meta":"","header-below-stick-meta":""},"pwb-brand":[24],"product_cat":[66],"product_tag":[],"class_list":{"0":"post-56976","1":"product","2":"type-product","3":"status-publish","5":"pwb-brand-hella","6":"product_cat-jarrulevyt","7":"desktop-align-left","8":"tablet-align-left","9":"mobile-align-left","11":"first","12":"instock","13":"product-type-external"},"brands":[{"id":24,"name":"HELLA","slug":"hella"}],"_links":{"self":[{"href":"https:\/\/www.autonvaraosahaku.fi\/index.php?rest_route=\/wp\/v2\/product\/56976","targetHints":{"allow":["GET"]}}],"collection":[{"href":"https:\/\/www.autonvaraosahaku.fi\/index.php?rest_route=\/wp\/v2\/product"}],"about":[{"href":"https:\/\/www.autonvaraosahaku.fi\/index.php?rest_route=\/wp\/v2\/types\/product"}],"wp:attachment":[{"href":"https:\/\/www.autonvaraosahaku.fi\/index.php?rest_route=%2Fwp%2Fv2%2Fmedia&parent=56976"}],"wp:term":[{"taxonomy":"pwb-brand","embeddable":true,"href":"https:\/\/www.autonvaraosahaku.fi\/index.php?rest_route=%2Fwp%2Fv2%2Fpwb-brand&post=56976"},{"taxonomy":"product_cat","embeddable":true,"href":"https:\/\/www.autonvaraosahaku.fi\/index.php?rest_route=%2Fwp%2Fv2%2Fproduct_cat&post=56976"},{"taxonomy":"product_tag","embeddable":true,"href":"https:\/\/www.autonvaraosahaku.fi\/index.php?rest_route=%2Fwp%2Fv2%2Fproduct_tag&post=56976"}],"curies":[{"name":"wp","href":"https:\/\/api.w.org\/{rel}","templated":true}]}}