{"id":56995,"date":"2021-02-21T18:03:52","date_gmt":"2021-02-21T18:03:52","guid":{"rendered":"https:\/\/www.autonvaraosahaku.fi\/?product=hjs-93-21-5018-hiukkassuodatin"},"modified":"2021-02-21T18:03:55","modified_gmt":"2021-02-21T18:03:55","slug":"hjs-93-21-5018-hiukkassuodatin","status":"publish","type":"product","link":"https:\/\/www.autonvaraosahaku.fi\/?product=hjs-93-21-5018-hiukkassuodatin","title":{"rendered":"HJS 93 21 5018 Hiukkassuodatin"},"content":{"rendered":"<p>Versio: DPF ohne Katalysator; Pakoputkisto: autoille alkuper\u00e4isasennetulla noki-\/hiukkassuodattimella; Valm.aine noki-\/hiukkassuodatin: Kordieriitti; Valmistajan pakokaasunormille: Euro 5; Korvaava tuote\/korvaava tiedote 2: Kiinnitysmateriaalilla; Huomioi asennusohje: ; Huomioi ajoneuvovalmistajan vaatimukset: ; ei polttoainetyypille: Biodiesel; ei rapsi\u00f6ljyk\u00e4ytt\u00f6\u00f6n: ; Ei varustelumuunnoksille: Leistungssteigerung; Kuvan mukainen: ; ECE-\/ABE-hyv\u00e4ksynt\u00e4: ; Moottorinumero: 9HP,9H06; PEUGEOT: 207 WA_, WC_,207 CC WD_,207 SW WK_,308 SW,208,308 4A_, 4C_,5008,508 SW,3008,PARTNER Tepee,308 CC,2008,508,PARTNER Kasten,308 II,4008,301,308 SW II; CITRO\u00cbN: BERLINGO B9,C5 III Break TD_,C4 Picasso I UD_,C4 Grand Picasso I UA_,DS3,C3 Picasso,C5 III RD_,C3 II,C4 II B7,BERLINGO Kasten B9,C4 Grand Picasso II,C4 Picasso II,DS4,DS5,C4 AIRCROSS,DS3 Cabriolet,C-ELYSEE,C4 CACTUS; 1609531880, 1609532780, 1731XK, 1731XN, 173840, 173842, 173883, 173884, 174066, 174067, 174076, 9803421780, 9803421880, 1609532780, 1731XK, 1731XN, 173840, 173842, 173883, 173884, 174066, 174067, 174076, 9803421780, 9803421880; Noki-\/Hiukkassuodatin, Korjaussarja<\/p>\n","protected":false},"excerpt":{"rendered":"<p>HJS Hiukkassuodatin 93 21 5018 Noki-\/Hiukkassuodatin, Korjaussarja PEUGEOT,CITRO\u00cbN,207 WA_, WC_,207 CC WD_,207 SW WK_,308 SW,208,308 4A_, 4C_,5008<\/p>\n","protected":false},"featured_media":0,"template":"","meta":{"site-sidebar-layout":"default","site-content-layout":"default","ast-global-header-display":"","ast-main-header-display":"","ast-hfb-above-header-display":"","ast-hfb-below-header-display":"","ast-hfb-mobile-header-display":"","site-post-title":"","ast-breadcrumbs-content":"","ast-featured-img":"","footer-sml-layout":"","theme-transparent-header-meta":"","adv-header-id-meta":"","stick-header-meta":"","header-above-stick-meta":"","header-main-stick-meta":"","header-below-stick-meta":""},"pwb-brand":[344],"product_cat":[181],"product_tag":[],"class_list":{"0":"post-56995","1":"product","2":"type-product","3":"status-publish","5":"pwb-brand-hjs","6":"product_cat-hiukkassuodatin","7":"desktop-align-left","8":"tablet-align-left","9":"mobile-align-left","11":"first","12":"instock","13":"product-type-external"},"brands":[{"id":344,"name":"HJS","slug":"hjs"}],"_links":{"self":[{"href":"https:\/\/www.autonvaraosahaku.fi\/index.php?rest_route=\/wp\/v2\/product\/56995","targetHints":{"allow":["GET"]}}],"collection":[{"href":"https:\/\/www.autonvaraosahaku.fi\/index.php?rest_route=\/wp\/v2\/product"}],"about":[{"href":"https:\/\/www.autonvaraosahaku.fi\/index.php?rest_route=\/wp\/v2\/types\/product"}],"wp:attachment":[{"href":"https:\/\/www.autonvaraosahaku.fi\/index.php?rest_route=%2Fwp%2Fv2%2Fmedia&parent=56995"}],"wp:term":[{"taxonomy":"pwb-brand","embeddable":true,"href":"https:\/\/www.autonvaraosahaku.fi\/index.php?rest_route=%2Fwp%2Fv2%2Fpwb-brand&post=56995"},{"taxonomy":"product_cat","embeddable":true,"href":"https:\/\/www.autonvaraosahaku.fi\/index.php?rest_route=%2Fwp%2Fv2%2Fproduct_cat&post=56995"},{"taxonomy":"product_tag","embeddable":true,"href":"https:\/\/www.autonvaraosahaku.fi\/index.php?rest_route=%2Fwp%2Fv2%2Fproduct_tag&post=56995"}],"curies":[{"name":"wp","href":"https:\/\/api.w.org\/{rel}","templated":true}]}}