{"id":56998,"date":"2021-02-21T18:03:52","date_gmt":"2021-02-21T18:03:52","guid":{"rendered":"https:\/\/www.autonvaraosahaku.fi\/?product=ridex-854s1856-iskunvaimennin"},"modified":"2021-02-21T18:03:56","modified_gmt":"2021-02-21T18:03:56","slug":"ridex-854s1856-iskunvaimennin","status":"publish","type":"product","link":"https:\/\/www.autonvaraosahaku.fi\/?product=ridex-854s1856-iskunvaimennin","title":{"rendered":"RIDEX 854S1856 Iskunvaimennin"},"content":{"rendered":"<p>Lukum\u00e4\u00e4r\u00e4 akselille: 1; Asennuspuoli: Etuakseli, Vorderachse; Iskunvaimennin tyyppi: Kaasupaine; Iskunvaimennin malli: Joustintuki; Iskunvaimennusj\u00e4rjestelm\u00e4: Kaksiputki; Iskunvaimennin asennustapa: Tappi ylh\u00e4\u00e4ll\u00e4; Pituus 1 (mm): 421; Pituus 2 (mm): 282; L\u00e4pimitta [mm]: 48; Jousijalan l\u00e4pimitta [mm]: 22; MINI: MINI R56,MINI R50, R53,MINI CLUBMAN R55,MINI Cabriolet R57,MINI Coupe R58,MINI Roadster R59,MINI CLUBVAN R55; 31316772731, 31316781903, 31316781904, 31316782207, 31316782208, 31316782209, 31316782210, 31316784513, 31316784514, 6772731, 6781903, 6781904, 6782207, 6782208, 6782209, 6782210, 6784513, 6784514, 31316772729, 31316772730, 31316773873, 31316773874, 31316777139, 31316777140, 31316777141, 31316777142, 31316781903, 31316781904, 31316781905, 31316781906, 31316781907, 31316781908, 31316782207, 31316782208, 31316782209, 31316782210, 31316782211, 31316782212, 31316784513, 31316784514, 31316784515, 31316784516, 31316785213, 31316785214, 31316785769, 31316785770, 31316789551, 31316789552, 31316789553, 31316789554, 6772729, 6772730, 6773873, 6773874, 6777139, 6777140, 6777141, 6777142, 6781903, 6781904, 6781905, 6781906, 6781907, 6781908, 6782207, 6782208, 6782209, 6782210, 6782211, 6782212, 6784513, 6784514, 6784515, 6784516, 6785213, 6785214, 6785769, 6785770, 6789551, 6789552, 6789553, 6789554; Iskarit,Iskunvaimennin<\/p>\n","protected":false},"excerpt":{"rendered":"<p>RIDEX Iskunvaimentimet 854S1856 Iskarit,Iskunvaimennin MINI,MINI R56,MINI R50, R53,MINI CLUBMAN R55,MINI Cabriolet R57,MINI Coupe R58<\/p>\n","protected":false},"featured_media":0,"template":"","meta":{"site-sidebar-layout":"default","site-content-layout":"default","ast-global-header-display":"","ast-main-header-display":"","ast-hfb-above-header-display":"","ast-hfb-below-header-display":"","ast-hfb-mobile-header-display":"","site-post-title":"","ast-breadcrumbs-content":"","ast-featured-img":"","footer-sml-layout":"","theme-transparent-header-meta":"","adv-header-id-meta":"","stick-header-meta":"","header-above-stick-meta":"","header-main-stick-meta":"","header-below-stick-meta":""},"pwb-brand":[157],"product_cat":[80],"product_tag":[],"class_list":{"0":"post-56998","1":"product","2":"type-product","3":"status-publish","5":"pwb-brand-ridex","6":"product_cat-iskunvaimennin","7":"desktop-align-left","8":"tablet-align-left","9":"mobile-align-left","11":"first","12":"instock","13":"product-type-external"},"brands":[{"id":157,"name":"RIDEX","slug":"ridex"}],"_links":{"self":[{"href":"https:\/\/www.autonvaraosahaku.fi\/index.php?rest_route=\/wp\/v2\/product\/56998","targetHints":{"allow":["GET"]}}],"collection":[{"href":"https:\/\/www.autonvaraosahaku.fi\/index.php?rest_route=\/wp\/v2\/product"}],"about":[{"href":"https:\/\/www.autonvaraosahaku.fi\/index.php?rest_route=\/wp\/v2\/types\/product"}],"wp:attachment":[{"href":"https:\/\/www.autonvaraosahaku.fi\/index.php?rest_route=%2Fwp%2Fv2%2Fmedia&parent=56998"}],"wp:term":[{"taxonomy":"pwb-brand","embeddable":true,"href":"https:\/\/www.autonvaraosahaku.fi\/index.php?rest_route=%2Fwp%2Fv2%2Fpwb-brand&post=56998"},{"taxonomy":"product_cat","embeddable":true,"href":"https:\/\/www.autonvaraosahaku.fi\/index.php?rest_route=%2Fwp%2Fv2%2Fproduct_cat&post=56998"},{"taxonomy":"product_tag","embeddable":true,"href":"https:\/\/www.autonvaraosahaku.fi\/index.php?rest_route=%2Fwp%2Fv2%2Fproduct_tag&post=56998"}],"curies":[{"name":"wp","href":"https:\/\/api.w.org\/{rel}","templated":true}]}}