{"id":57006,"date":"2021-02-21T18:03:58","date_gmt":"2021-02-21T18:03:58","guid":{"rendered":"https:\/\/www.autonvaraosahaku.fi\/?product=valeo-509505-ohjainlaite-lammitys-tuuletus"},"modified":"2021-02-21T18:03:59","modified_gmt":"2021-02-21T18:03:59","slug":"valeo-509505-ohjainlaite-lammitys-tuuletus","status":"publish","type":"product","link":"https:\/\/www.autonvaraosahaku.fi\/?product=valeo-509505-ohjainlaite-lammitys-tuuletus","title":{"rendered":"VALEO 509505 Ohjainlaite l\u00e4mmitys tuuletus"},"content":{"rendered":"<p>Varusteet: Autoihin, joissa ilmastointi; K\u00e4ytt\u00f6: Elektroninen; Paino [kg]: 0,21; 64116923204, 64116929540, 64118362931, 64118376174, 64118380580, JGO000021; S\u00e4\u00e4t\u00f6elementti Ilmastointilaite,S\u00e4\u00e4t\u00f6elementti L\u00e4mmitys Tuuletus<\/p>\n","protected":false},"excerpt":{"rendered":"<p>VALEO Ohjainlaite L\u00e4mmitys Tuuletus 509505 S\u00e4\u00e4t\u00f6elementti Ilmastointilaite,S\u00e4\u00e4t\u00f6elementti L\u00e4mmitys Tuuletus<\/p>\n","protected":false},"featured_media":0,"template":"","meta":{"site-sidebar-layout":"default","site-content-layout":"default","ast-global-header-display":"","ast-main-header-display":"","ast-hfb-above-header-display":"","ast-hfb-below-header-display":"","ast-hfb-mobile-header-display":"","site-post-title":"","ast-breadcrumbs-content":"","ast-featured-img":"","footer-sml-layout":"","theme-transparent-header-meta":"","adv-header-id-meta":"","stick-header-meta":"","header-above-stick-meta":"","header-main-stick-meta":"","header-below-stick-meta":""},"pwb-brand":[28],"product_cat":[262],"product_tag":[],"class_list":{"0":"post-57006","1":"product","2":"type-product","3":"status-publish","5":"pwb-brand-valeo","6":"product_cat-ohjainlaite-lammitys-tuuletus","7":"desktop-align-left","8":"tablet-align-left","9":"mobile-align-left","11":"first","12":"instock","13":"product-type-external"},"brands":[{"id":28,"name":"VALEO","slug":"valeo"}],"_links":{"self":[{"href":"https:\/\/www.autonvaraosahaku.fi\/index.php?rest_route=\/wp\/v2\/product\/57006","targetHints":{"allow":["GET"]}}],"collection":[{"href":"https:\/\/www.autonvaraosahaku.fi\/index.php?rest_route=\/wp\/v2\/product"}],"about":[{"href":"https:\/\/www.autonvaraosahaku.fi\/index.php?rest_route=\/wp\/v2\/types\/product"}],"wp:attachment":[{"href":"https:\/\/www.autonvaraosahaku.fi\/index.php?rest_route=%2Fwp%2Fv2%2Fmedia&parent=57006"}],"wp:term":[{"taxonomy":"pwb-brand","embeddable":true,"href":"https:\/\/www.autonvaraosahaku.fi\/index.php?rest_route=%2Fwp%2Fv2%2Fpwb-brand&post=57006"},{"taxonomy":"product_cat","embeddable":true,"href":"https:\/\/www.autonvaraosahaku.fi\/index.php?rest_route=%2Fwp%2Fv2%2Fproduct_cat&post=57006"},{"taxonomy":"product_tag","embeddable":true,"href":"https:\/\/www.autonvaraosahaku.fi\/index.php?rest_route=%2Fwp%2Fv2%2Fproduct_tag&post=57006"}],"curies":[{"name":"wp","href":"https:\/\/api.w.org\/{rel}","templated":true}]}}