{"id":57029,"date":"2021-02-21T18:04:04","date_gmt":"2021-02-21T18:04:04","guid":{"rendered":"https:\/\/www.autonvaraosahaku.fi\/?product=aks-dasis-058110n-lammityslaitteen-puhallin"},"modified":"2021-02-21T18:04:06","modified_gmt":"2021-02-21T18:04:06","slug":"aks-dasis-058110n-lammityslaitteen-puhallin","status":"publish","type":"product","link":"https:\/\/www.autonvaraosahaku.fi\/?product=aks-dasis-058110n-lammityslaitteen-puhallin","title":{"rendered":"AKS DASIS 058110N L\u00e4mmityslaitteen puhallin"},"content":{"rendered":"<p>L\u00e4pimitta [mm]: 143; J\u00e4nnite (V): 12; Paino [kg]: 2; Pakkauspituus [cm]: 33; Pakkausleveys [cm]: 28; Pakkauskorkeus [mm]: 24; OE-numerolle: 64116971108, 64119229658, 64119245849; BMW: X5 E70,X6 E71, E72; 64116971108, 64119229658, 64119245849, 6971108, 9229658, 9245849; Sis\u00e4tilan Puhallin,Sis\u00e4tilapuhallin<\/p>\n","protected":false},"excerpt":{"rendered":"<p>AKS DASIS L\u00e4mmityslaitteen Puhallin 058110N Sis\u00e4tilan Puhallin,Sis\u00e4tilapuhallin BMW,X5 E70,X6 E71, E72<\/p>\n","protected":false},"featured_media":0,"template":"","meta":{"site-sidebar-layout":"default","site-content-layout":"default","ast-global-header-display":"","ast-main-header-display":"","ast-hfb-above-header-display":"","ast-hfb-below-header-display":"","ast-hfb-mobile-header-display":"","site-post-title":"","ast-breadcrumbs-content":"","ast-featured-img":"","footer-sml-layout":"","theme-transparent-header-meta":"","adv-header-id-meta":"","stick-header-meta":"","header-above-stick-meta":"","header-main-stick-meta":"","header-below-stick-meta":""},"pwb-brand":[461],"product_cat":[86],"product_tag":[],"class_list":{"0":"post-57029","1":"product","2":"type-product","3":"status-publish","5":"pwb-brand-aks-dasis","6":"product_cat-lammityslaitteen-puhallin","7":"desktop-align-left","8":"tablet-align-left","9":"mobile-align-left","11":"first","12":"instock","13":"product-type-external"},"brands":[{"id":461,"name":"AKS DASIS","slug":"aks-dasis"}],"_links":{"self":[{"href":"https:\/\/www.autonvaraosahaku.fi\/index.php?rest_route=\/wp\/v2\/product\/57029","targetHints":{"allow":["GET"]}}],"collection":[{"href":"https:\/\/www.autonvaraosahaku.fi\/index.php?rest_route=\/wp\/v2\/product"}],"about":[{"href":"https:\/\/www.autonvaraosahaku.fi\/index.php?rest_route=\/wp\/v2\/types\/product"}],"wp:attachment":[{"href":"https:\/\/www.autonvaraosahaku.fi\/index.php?rest_route=%2Fwp%2Fv2%2Fmedia&parent=57029"}],"wp:term":[{"taxonomy":"pwb-brand","embeddable":true,"href":"https:\/\/www.autonvaraosahaku.fi\/index.php?rest_route=%2Fwp%2Fv2%2Fpwb-brand&post=57029"},{"taxonomy":"product_cat","embeddable":true,"href":"https:\/\/www.autonvaraosahaku.fi\/index.php?rest_route=%2Fwp%2Fv2%2Fproduct_cat&post=57029"},{"taxonomy":"product_tag","embeddable":true,"href":"https:\/\/www.autonvaraosahaku.fi\/index.php?rest_route=%2Fwp%2Fv2%2Fproduct_tag&post=57029"}],"curies":[{"name":"wp","href":"https:\/\/api.w.org\/{rel}","templated":true}]}}