{"id":57041,"date":"2021-02-21T18:04:04","date_gmt":"2021-02-21T18:04:04","guid":{"rendered":"https:\/\/www.autonvaraosahaku.fi\/?product=maxgear-ac507400-lammityslaitteen-kenno"},"modified":"2021-02-21T18:04:09","modified_gmt":"2021-02-21T18:04:09","slug":"maxgear-ac507400-lammityslaitteen-kenno","status":"publish","type":"product","link":"https:\/\/www.autonvaraosahaku.fi\/?product=maxgear-ac507400-lammityslaitteen-kenno","title":{"rendered":"MAXGEAR AC507400 L\u00e4mmityslaitteen kenno"},"content":{"rendered":"<p>Leveys (mm): 272, 135; Korkeus (mm): 141, 245; Paksuus [mm]: 65, 42; Materiaali: Alumiini; Paino [kg]: 0,76; Korvaava tuote\/korvaava tiedote 2: ilman johtoa; J\u00e4\u00e4hdytintyyppi: J\u00e4\u00e4hdytysrivat mekaan. kiinnitetyt; Organisaationumeroon: 10527; PEUGEOT: 206 Schr\u00e4gheck 2A\/C,206 CC 2D,206 SW 2E\/K,206+ T3E,206 Stufenheck,206 Van; CITRO\u00cbN: XSARA PICASSO N68; 6448G3, 6448G3; L\u00e4mmityskenno<\/p>\n","protected":false},"excerpt":{"rendered":"<p>MAXGEAR L\u00e4mmityslaitteen Kenno AC507400 L\u00e4mmityskenno PEUGEOT,CITRO\u00cbN,206 Schr\u00e4gheck 2A\/C,206 CC 2D,206 SW 2E\/K,206+ T3E,206 Stufenheck,206 Van<\/p>\n","protected":false},"featured_media":0,"template":"","meta":{"site-sidebar-layout":"default","site-content-layout":"default","ast-global-header-display":"","ast-main-header-display":"","ast-hfb-above-header-display":"","ast-hfb-below-header-display":"","ast-hfb-mobile-header-display":"","site-post-title":"","ast-breadcrumbs-content":"","ast-featured-img":"","footer-sml-layout":"","theme-transparent-header-meta":"","adv-header-id-meta":"","stick-header-meta":"","header-above-stick-meta":"","header-main-stick-meta":"","header-below-stick-meta":""},"pwb-brand":[48],"product_cat":[292],"product_tag":[],"class_list":{"0":"post-57041","1":"product","2":"type-product","3":"status-publish","5":"pwb-brand-maxgear","6":"product_cat-lammityslaitteen-kenno","7":"desktop-align-left","8":"tablet-align-left","9":"mobile-align-left","11":"first","12":"instock","13":"product-type-external"},"brands":[{"id":48,"name":"MAXGEAR","slug":"maxgear"}],"_links":{"self":[{"href":"https:\/\/www.autonvaraosahaku.fi\/index.php?rest_route=\/wp\/v2\/product\/57041","targetHints":{"allow":["GET"]}}],"collection":[{"href":"https:\/\/www.autonvaraosahaku.fi\/index.php?rest_route=\/wp\/v2\/product"}],"about":[{"href":"https:\/\/www.autonvaraosahaku.fi\/index.php?rest_route=\/wp\/v2\/types\/product"}],"wp:attachment":[{"href":"https:\/\/www.autonvaraosahaku.fi\/index.php?rest_route=%2Fwp%2Fv2%2Fmedia&parent=57041"}],"wp:term":[{"taxonomy":"pwb-brand","embeddable":true,"href":"https:\/\/www.autonvaraosahaku.fi\/index.php?rest_route=%2Fwp%2Fv2%2Fpwb-brand&post=57041"},{"taxonomy":"product_cat","embeddable":true,"href":"https:\/\/www.autonvaraosahaku.fi\/index.php?rest_route=%2Fwp%2Fv2%2Fproduct_cat&post=57041"},{"taxonomy":"product_tag","embeddable":true,"href":"https:\/\/www.autonvaraosahaku.fi\/index.php?rest_route=%2Fwp%2Fv2%2Fproduct_tag&post=57041"}],"curies":[{"name":"wp","href":"https:\/\/api.w.org\/{rel}","templated":true}]}}