{"id":57073,"date":"2021-02-21T18:04:16","date_gmt":"2021-02-21T18:04:16","guid":{"rendered":"https:\/\/www.autonvaraosahaku.fi\/?product=valeo-247703-polttoainetankin-korkki"},"modified":"2021-02-21T18:04:19","modified_gmt":"2021-02-21T18:04:19","slug":"valeo-247703-polttoainetankin-korkki","status":"publish","type":"product","link":"https:\/\/www.autonvaraosahaku.fi\/?product=valeo-247703-polttoainetankin-korkki","title":{"rendered":"VALEO 247703 Polttoainetankin korkki"},"content":{"rendered":"<p>V\u00e4ri: Musta; Asennusmalli: Bajonetti; Korvaava tuote\/korvaava tiedote 2: Huohotinventtiilill\u00e4; Lukkolaite: Avaimella; Ulkol\u00e4pimitta [mm]: 122; Sis\u00e4l\u00e4pimitta [mm]: 78,5; Paino [kg]: 0,377; Valmistusvuosi alkaen: 06\/1988; IVECO: DAILY IV Kasten\/Kombi,DAILY III Pritsche\/Fahrgestell,DAILY III Kasten\/Kombi,DAILY IV Pritsche\/Fahrgestell,DAILY II Pritsche\/Fahrgestell,DAILY II Kasten\/Kombi,DAILY I Pritsche\/Fahrgestell,DAILY IV Kipper,DAILY II Bus,DAILY I Kasten\/Kombi,DAILY II Kipper,EUROCARGO I-III,EUROSTAR,EUROTECH MH,EUROTECH MP,EUROTECH MT,EUROTRAKKER,M,MK,P\/PA,P\/PA-Haubenfahrzeuge,STRALIS,TRAKKER,TURBOSTAR,TURBOTECH,ZETA; VOLVO: FH12,FH16; MERCEDES-BENZ: ACTROS,ACTROS MP2 \/ MP3,ATEGO,AXOR; FORD: Cargo; MITSUBISHI: Canter (FE5, FE6) 6.Generation; RENAULT TRUCKS: MAGNUM,MIDLUM,PREMIUM; MAN: EL,EM,F2000,F90,F90 Unterflur,G,G90,L2000,LION\u00b4S COACH,LION\u00b4S COMFORT,LION\u00b4S STAR,M 2000 L,M 2000 M,M90,NG,NL,NM,N\u00dc,R,SD,SG,SL,SL II,SM,SR,S\u00dc,TGA,TGL,TGM,\u00dcL; DAF: 45,55,65,65 CF,75,75 CF,85,85 CF,95,95 XF,CF 65,CF 75,CF 85,F 1000,F 1100,F 1200,F 1300,F 1400,F 1500,F 1600,F 1700,F 1800,F 1900,F 2100,F 2200,F 2300,F 2500,F 2600,F 2700,F 2800,F 2900,F 3200,F 3300,F 3600,F 500,F 600,F 700,F 800,F 900,F2000,LF 45,LF 55,N 2800,N 3300,XF 105,XF 95; 1403184, 2993918, 500043667, 81122106027; Tankin Korkki,Korkki, Polttoainetankki<\/p>\n","protected":false},"excerpt":{"rendered":"<p>VALEO Polttoainetankin Korkki 247703 Tankin Korkki,Korkki, Polttoainetankki IVECO,VOLVO,MERCEDES-BENZ,DAILY IV Kasten\/Kombi<\/p>\n","protected":false},"featured_media":0,"template":"","meta":{"site-sidebar-layout":"default","site-content-layout":"default","ast-global-header-display":"","ast-main-header-display":"","ast-hfb-above-header-display":"","ast-hfb-below-header-display":"","ast-hfb-mobile-header-display":"","site-post-title":"","ast-breadcrumbs-content":"","ast-featured-img":"","footer-sml-layout":"","theme-transparent-header-meta":"","adv-header-id-meta":"","stick-header-meta":"","header-above-stick-meta":"","header-main-stick-meta":"","header-below-stick-meta":""},"pwb-brand":[28],"product_cat":[105],"product_tag":[],"class_list":{"0":"post-57073","1":"product","2":"type-product","3":"status-publish","5":"pwb-brand-valeo","6":"product_cat-polttoainetankin-korkki","7":"desktop-align-left","8":"tablet-align-left","9":"mobile-align-left","11":"first","12":"instock","13":"product-type-external"},"brands":[{"id":28,"name":"VALEO","slug":"valeo"}],"_links":{"self":[{"href":"https:\/\/www.autonvaraosahaku.fi\/index.php?rest_route=\/wp\/v2\/product\/57073","targetHints":{"allow":["GET"]}}],"collection":[{"href":"https:\/\/www.autonvaraosahaku.fi\/index.php?rest_route=\/wp\/v2\/product"}],"about":[{"href":"https:\/\/www.autonvaraosahaku.fi\/index.php?rest_route=\/wp\/v2\/types\/product"}],"wp:attachment":[{"href":"https:\/\/www.autonvaraosahaku.fi\/index.php?rest_route=%2Fwp%2Fv2%2Fmedia&parent=57073"}],"wp:term":[{"taxonomy":"pwb-brand","embeddable":true,"href":"https:\/\/www.autonvaraosahaku.fi\/index.php?rest_route=%2Fwp%2Fv2%2Fpwb-brand&post=57073"},{"taxonomy":"product_cat","embeddable":true,"href":"https:\/\/www.autonvaraosahaku.fi\/index.php?rest_route=%2Fwp%2Fv2%2Fproduct_cat&post=57073"},{"taxonomy":"product_tag","embeddable":true,"href":"https:\/\/www.autonvaraosahaku.fi\/index.php?rest_route=%2Fwp%2Fv2%2Fproduct_tag&post=57073"}],"curies":[{"name":"wp","href":"https:\/\/api.w.org\/{rel}","templated":true}]}}