{"id":57103,"date":"2021-02-21T18:04:28","date_gmt":"2021-02-21T18:04:28","guid":{"rendered":"https:\/\/www.autonvaraosahaku.fi\/?product=valeo-438077-starttimoottori"},"modified":"2021-02-21T18:04:29","modified_gmt":"2021-02-21T18:04:29","slug":"valeo-438077-starttimoottori","status":"publish","type":"product","link":"https:\/\/www.autonvaraosahaku.fi\/?product=valeo-438077-starttimoottori","title":{"rendered":"VALEO 438077 Starttimoottori"},"content":{"rendered":"<p>Uusi osa: ; J\u00e4nnite (V): 12; K\u00e4ynnistinmoottori teho (kW): 2; Hammasluku: 11; Reikien m\u00e4\u00e4r\u00e4: 3; kierrereiki\u00e4 [kpl]: 0; Py\u00f6rimissuunta: Py\u00f6rimissuunta vastap\u00e4iv\u00e4\u00e4n; Asento \/ aste: L  60; Liitin: NO; Paino [kg]: 3,88; Tuotelinja: NEW ORIGINAL PART; Valmistusvuosi alkaen: 11\/1992; VW: TRANSPORTER IV Bus 70XB, 70XC, 7DB, 7DW,TRANSPORTER IV Kasten 70XA,TRANSPORTER IV Pritsche\/Fahrgestell 70XD; 02B911023A, 02B911023AX, 02B911023C, 02B911023CX, 02B911023D, 02B911023DV, 02B911023DX, 02B911023J, 02B911023L, 02B911023LX, 02B911023N, 02B911023NX, 2B911023A, 2B911023AX, 2B911023C, 2B911023CX, 2B911023D, 2B911023DV, 2B911023DX, 2B911023J, 2B911023L, 2B911023LX, 2B911023N, 2B911023NX, 02B911023A, 02B911023AX, 02B911023C, 02B911023CX, 02B911023D, 02B911023DV, 02B911023DX, 02B911023L, 02B911023LX, 02B911023NX, 2B911023A, 2B911023AX, 2B911023C, 2B911023CX, 2B911023D, 2B911023DV, 2B911023DX, 2B911023L, 2B911023LX, 2B911023NX; Startti,K\u00e4ynnistinmoottori<\/p>\n","protected":false},"excerpt":{"rendered":"<p>VALEO Starttimoottori 438077 Startti,K\u00e4ynnistinmoottori VW,TRANSPORTER IV Bus 70XB, 70XC, 7DB, 7DW,TRANSPORTER IV Kasten 70XA<\/p>\n","protected":false},"featured_media":0,"template":"","meta":{"site-sidebar-layout":"default","site-content-layout":"default","ast-global-header-display":"","ast-main-header-display":"","ast-hfb-above-header-display":"","ast-hfb-below-header-display":"","ast-hfb-mobile-header-display":"","site-post-title":"","ast-breadcrumbs-content":"","ast-featured-img":"","footer-sml-layout":"","theme-transparent-header-meta":"","adv-header-id-meta":"","stick-header-meta":"","header-above-stick-meta":"","header-main-stick-meta":"","header-below-stick-meta":""},"pwb-brand":[28],"product_cat":[295],"product_tag":[],"class_list":{"0":"post-57103","1":"product","2":"type-product","3":"status-publish","5":"pwb-brand-valeo","6":"product_cat-starttimoottori","7":"desktop-align-left","8":"tablet-align-left","9":"mobile-align-left","11":"first","12":"instock","13":"product-type-external"},"brands":[{"id":28,"name":"VALEO","slug":"valeo"}],"_links":{"self":[{"href":"https:\/\/www.autonvaraosahaku.fi\/index.php?rest_route=\/wp\/v2\/product\/57103","targetHints":{"allow":["GET"]}}],"collection":[{"href":"https:\/\/www.autonvaraosahaku.fi\/index.php?rest_route=\/wp\/v2\/product"}],"about":[{"href":"https:\/\/www.autonvaraosahaku.fi\/index.php?rest_route=\/wp\/v2\/types\/product"}],"wp:attachment":[{"href":"https:\/\/www.autonvaraosahaku.fi\/index.php?rest_route=%2Fwp%2Fv2%2Fmedia&parent=57103"}],"wp:term":[{"taxonomy":"pwb-brand","embeddable":true,"href":"https:\/\/www.autonvaraosahaku.fi\/index.php?rest_route=%2Fwp%2Fv2%2Fpwb-brand&post=57103"},{"taxonomy":"product_cat","embeddable":true,"href":"https:\/\/www.autonvaraosahaku.fi\/index.php?rest_route=%2Fwp%2Fv2%2Fproduct_cat&post=57103"},{"taxonomy":"product_tag","embeddable":true,"href":"https:\/\/www.autonvaraosahaku.fi\/index.php?rest_route=%2Fwp%2Fv2%2Fproduct_tag&post=57103"}],"curies":[{"name":"wp","href":"https:\/\/api.w.org\/{rel}","templated":true}]}}